{"id":6969,"date":"2020-01-09T12:24:03","date_gmt":"2020-01-09T12:24:03","guid":{"rendered":"https:\/\/360amsterdamtours.com\/empregos\/"},"modified":"2025-08-27T12:23:47","modified_gmt":"2025-08-27T10:23:47","slug":"empregos","status":"publish","type":"page","link":"https:\/\/360amsterdamtours.com\/pt-br\/empregos\/","title":{"rendered":"Empregos"},"content":{"rendered":"<p>[et_pb_section fb_built=&#8221;1&#8243; disabled_on=&#8221;on|off|off&#8221; _builder_version=&#8221;4.18.0&#8243; background_image=&#8221;https:\/\/360amsterdamtours.com\/wp-content\/uploads\/2022\/09\/Expat-bike-tour-desktop.jpg&#8221; global_colors_info=&#8221;{}&#8221;][et_pb_row _builder_version=&#8221;4.16&#8243; custom_padding=&#8221;150px||150px||true|&#8221; global_colors_info=&#8221;{}&#8221;][et_pb_column type=&#8221;4_4&#8243; _builder_version=&#8221;4.16&#8243; custom_padding=&#8221;|||&#8221; global_colors_info=&#8221;{}&#8221; custom_padding__hover=&#8221;|||&#8221;][et_pb_text _builder_version=&#8221;4.18.0&#8243; text_font=&#8221;||||||||&#8221; text_text_color=&#8221;#FFFFFF&#8221; header_font=&#8221;||||||||&#8221; header_text_align=&#8221;center&#8221; header_text_color=&#8221;#FFFFFF&#8221; text_orientation=&#8221;center&#8221; text_text_align=&#8221;center&#8221; global_colors_info=&#8221;{}&#8221;]<\/p>\n<h1>Empregos<\/h1>\n<p>[\/et_pb_text][\/et_pb_column][\/et_pb_row][\/et_pb_section][et_pb_section fb_built=&#8221;1&#8243; disabled_on=&#8221;off|on|on&#8221; _builder_version=&#8221;4.18.0&#8243; background_image=&#8221;https:\/\/360amsterdamtours.com\/wp-content\/uploads\/2022\/09\/Expat-bike-tour-mobile.jpg&#8221; global_colors_info=&#8221;{}&#8221;][et_pb_row _builder_version=&#8221;4.16&#8243; custom_padding=&#8221;150px||150px||true|&#8221; global_colors_info=&#8221;{}&#8221;][et_pb_column type=&#8221;4_4&#8243; _builder_version=&#8221;4.16&#8243; custom_padding=&#8221;|||&#8221; global_colors_info=&#8221;{}&#8221; custom_padding__hover=&#8221;|||&#8221;][et_pb_text _builder_version=&#8221;4.16&#8243; text_font=&#8221;||||||||&#8221; text_text_color=&#8221;#FFFFFF&#8221; header_font=&#8221;||||||||&#8221; header_text_align=&#8221;center&#8221; header_text_color=&#8221;#FFFFFF&#8221; text_orientation=&#8221;center&#8221; text_text_align=&#8221;center&#8221; global_colors_info=&#8221;{}&#8221;]<\/p>\n<h1>Empregos<\/h1>\n<p>[\/et_pb_text][\/et_pb_column][\/et_pb_row][\/et_pb_section][et_pb_section fb_built=&#8221;1&#8243; _builder_version=&#8221;4.16&#8243; global_colors_info=&#8221;{}&#8221;][et_pb_row _builder_version=&#8221;4.16&#8243; _module_preset=&#8221;default&#8221; global_colors_info=&#8221;{}&#8221;][et_pb_column type=&#8221;4_4&#8243; _builder_version=&#8221;4.16&#8243; _module_preset=&#8221;default&#8221; global_colors_info=&#8221;{}&#8221;][et_pb_text _builder_version=&#8221;4.22.0&#8243; _module_preset=&#8221;default&#8221; custom_padding=&#8221;||0px|||&#8221; saved_tabs=&#8221;all&#8221; global_colors_info=&#8221;{}&#8221;]<\/p>\n<h5 class=\"title-heading-left\"><span style=\"color: #ff6600;\">Guia tur\u00edstico<\/span><\/h5>\n<p>Ser um guia tur\u00edstico com 360 Amsterdam Tours significa que voc\u00ea come\u00e7a a trabalhar ao ar livre, orientando os visitantes ao redor e compartilhar seus conhecimentos sobre a hist\u00f3ria e a cultura com as pessoas que est\u00e3o desfrutando de sua estadia em sua cidade!<\/p>\n<p>Procuramos guias tur\u00edsticos que falem ingl\u00eas, alem\u00e3o, espanhol ou franc\u00eas e que<\/p>\n<ul>\n<li>Ao vivo em Amesterd\u00e3o.<\/li>\n<li>Falar ingl\u00eas, alem\u00e3o, espanhol ou franc\u00eas a um n\u00edvel nativo.<\/li>\n<li>Gosto de trabalhar ao ar livre e de estar entre pessoas.<\/li>\n<li>N\u00e3o t\u00eam medo de falar em p\u00fablico.<\/li>\n<li>Ter afinidade e interesse pela hist\u00f3ria e cultura de Amesterd\u00e3o<\/li>\n<li>Est\u00e1 pronto para descobrir e revelar todos os pontos tur\u00edsticos e segredos que Amesterd\u00e3o tem para oferecer.<\/li>\n<li>Gostaria de trabalhar menos horas pelo mesmo dinheiro que um emprego a tempo inteiro.<\/li>\n<li>Mal posso esperar para fazer parte desta equipa din\u00e2mica e maravilhosa de guias tur\u00edsticos!<\/li>\n<\/ul>\n<p>V\u00ea-se a si pr\u00f3prio na descri\u00e7\u00e3o de fun\u00e7\u00f5es acima? N\u00e3o espere para se candidatar a esta vaga. Antes de come\u00e7ar, ser-lhe-\u00e1 ministrada uma forma\u00e7\u00e3o.<\/p>\n<p><strong>Trabalhando conosco <\/strong><\/p>\n<p>Sal\u00e1rio: 30,00 \u20ac &#8211; 45,00 \u20ac por hora (freelance)<\/p>\n<p>Voc\u00ea deve ser um cidad\u00e3o da UE ou ter uma autoriza\u00e7\u00e3o de trabalho v\u00e1lida.<\/p>\n<p>Uma vez contratado, exigimos que voc\u00ea se registre como neg\u00f3cios na KvK <a href=\"https:\/\/www.kvk.nl\/english\/\">https:\/\/www.kvk.nl\/english\/<\/a> para que possa faturar-nos no in\u00edcio de cada m\u00eas para pagamento.<\/p>\n<p>Acima de tudo, voc\u00ea sente que voc\u00ea tem a unidade epaix\u00e3o para ser bem sucedido?<\/p>\n<p>Se estiver interessado em tornar-se guia tur\u00edstico na 360 Amsterdam Tours, envie o seu CV e carta de motiva\u00e7\u00e3o para <a href=\"mailto:support@360amsterdamtours.com\">support@360amsterdamtours.com<\/a><\/p>\n<p><span style=\"font-weight: 400;\">Sabias que podes fazer o teu est\u00e1gio<\/span><span style=\"font-weight: 400;\">p no escrit\u00f3rio de 3<\/span><span style=\"font-weight: 400;\">60 excurs\u00f5es a Amesterd\u00e3o? Para mais informa\u00e7\u00f5es, clique <a href=\"https:\/\/360amsterdamtours.com\/pt-br\/estagios\/\">aqui<\/a><\/span><\/p>\n<p><span style=\"font-weight: 400;\"><\/span><\/p>\n<p>[\/et_pb_text][\/et_pb_column][\/et_pb_row][\/et_pb_section][et_pb_section fb_built=&#8221;1&#8243; _builder_version=&#8221;4.16&#8243; custom_padding=&#8221;0px||30px||false&#8221; saved_tabs=&#8221;all&#8221; global_colors_info=&#8221;{}&#8221;][et_pb_row _builder_version=&#8221;4.16&#8243; custom_padding=&#8221;0px||0px||true&#8221; global_colors_info=&#8221;{}&#8221;][et_pb_column type=&#8221;4_4&#8243; _builder_version=&#8221;4.16&#8243; custom_padding=&#8221;|||&#8221; global_colors_info=&#8221;{}&#8221; custom_padding__hover=&#8221;|||&#8221;][dica_divi_carousel item_width_auto=&#8221;on&#8221; item_width=&#8221;320px&#8221; transition_duration=&#8221;1000&#8243; autoplay=&#8221;on&#8221; hoverpause=&#8221;on&#8221; arrow_nav=&#8221;on&#8221; advanced_effect=&#8221;1&#8243; arrow_nav_color=&#8221;#FB8844&#8243; overlay_color_field_bgcolor=&#8221;rgba(255,255,255,0.85)&#8221; arrow_position=&#8221;on&#8221; _builder_version=&#8221;4.22.0&#8243; global_colors_info=&#8221;{}&#8221;][dica_divi_carouselitem title=&#8221;Excurs\u00e3o da bicicleta de Anne Frank&#8221; url=&#8221;https:\/\/360amsterdamtours.com\/anne-frank-bike-tour\/&#8221; button_url_new_window=&#8221;1&#8243; image=&#8221;https:\/\/360amsterdamtours.com\/wp-content\/uploads\/2021\/06\/AF-Bike-Tour-carousel.jpg&#8221; image_padding=&#8221;0px|0|0|0&#8243; content_padding=&#8221;10px|9px|0px|9px||true&#8221; _builder_version=&#8221;4.17.6&#8243; link_option_url=&#8221;https:\/\/360amsterdamtours.com\/anna-frank-bike-tour\/&#8221; box_shadow_style=&#8221;preset1&#8243; box_shadow_color=&#8221;rgba(0,0,0,0.05)&#8221; global_colors_info=&#8221;{}&#8221;][\/dica_divi_carouselitem][dica_divi_carouselitem title=&#8221;Segredos de Amsterd\u00e3 Hist\u00f3rica&#8221; url=&#8221;https:\/\/360amsterdamtours.com\/secrets-of-historical-amsterdam\/&#8221; button_url_new_window=&#8221;1&#8243; image=&#8221;https:\/\/360amsterdamtours.com\/wp-content\/uploads\/2019\/11\/Historic-City-walk-carrousel.jpg&#8221; image_padding=&#8221;0px|0|0|0&#8243; content_padding=&#8221;10px|9px|0px|9px||true&#8221; _builder_version=&#8221;4.16&#8243; link_option_url=&#8221;https:\/\/360amsterdamtours.com\/secrets-of-historical-amsterdam\/&#8221; box_shadow_style=&#8221;preset1&#8243; box_shadow_color=&#8221;rgba(0,0,0,0.05)&#8221; global_colors_info=&#8221;{}&#8221;][\/dica_divi_carouselitem][dica_divi_carouselitem title=&#8221;Excurs\u00e3o a p\u00e9 de Anne Frank&#8221; url=&#8221;https:\/\/360amsterdamtours.com\/anne-frank-walking-tour\/&#8221; button_url_new_window=&#8221;1&#8243; image=&#8221;https:\/\/360amsterdamtours.com\/wp-content\/uploads\/2021\/06\/foto-anne-frank-tour.jpg&#8221; content_padding=&#8221;10px|9px|0|9px|false|true&#8221; _builder_version=&#8221;4.17.6&#8243; box_shadow_style=&#8221;preset1&#8243; box_shadow_color=&#8221;rgba(0,0,0,0.05)&#8221; global_colors_info=&#8221;{}&#8221;][\/dica_divi_carouselitem][dica_divi_carouselitem title=&#8221;Rijksmuseum Guided Tour&#8221; url=&#8221;https:\/\/360amsterdamtours.com\/rijksmuseum-guided-tour-plus-skip-the-line-museum-ticket\/&#8221; button_url_new_window=&#8221;1&#8243; image=&#8221;https:\/\/360amsterdamtours.com\/wp-content\/uploads\/2022\/07\/Rijksmuseum-carousel.jpg&#8221; content_padding=&#8221;10px|9px|0px|9px|false|false&#8221; _builder_version=&#8221;4.17.6&#8243; global_colors_info=&#8221;{}&#8221;][\/dica_divi_carouselitem][dica_divi_carouselitem title=&#8221;Sete Pecados de Amsterdam&#8221; url=&#8221;https:\/\/360amsterdamtours.com\/seven-sins-of-amsterdam-tour\/%20&#8243; button_url_new_window=&#8221;1&#8243; image=&#8221;https:\/\/360amsterdamtours.com\/wp-content\/uploads\/2020\/07\/Homepage-3.png&#8221; image_padding=&#8221;0px|0|0|0&#8243; content_padding=&#8221;10px|9px|0px|9px|false|true&#8221; _builder_version=&#8221;4.16&#8243; link_option_url=&#8221;https:\/\/360amsterdamtours.com\/seven-sins-of-amsterdam-tour\/  &#8221; box_shadow_style=&#8221;preset1&#8243; box_shadow_color=&#8221;rgba(0,0,0,0.05)&#8221; global_colors_info=&#8221;{}&#8221;][\/dica_divi_carouselitem][dica_divi_carouselitem title=&#8221;Amstagram Tour e Moco Experience&#8221; url=&#8221;https:\/\/360amsterdamtours.com\/amstagram-tour-and-moco-experience\/&#8221; button_url_new_window=&#8221;1&#8243; image=&#8221;https:\/\/360amsterdamtours.com\/wp-content\/uploads\/2020\/08\/Instagram-pic-homepage.png&#8221; content_padding=&#8221;10px|9px|0|9px|false|true&#8221; _builder_version=&#8221;4.16&#8243; box_shadow_style=&#8221;preset1&#8243; box_shadow_color=&#8221;rgba(0,0,0,0.05)&#8221; global_colors_info=&#8221;{}&#8221;][\/dica_divi_carouselitem][dica_divi_carouselitem title=&#8221;Jogo para adultos&#8221; url=&#8221;https:\/\/360amsterdamtours.com\/adult-tour-through-the-red-light-district\/&#8221; button_url_new_window=&#8221;1&#8243; image=&#8221;https:\/\/360amsterdamtours.com\/wp-content\/uploads\/2022\/08\/Adult-Game-carousel-thumbnail.jpg&#8221; content_padding=&#8221;10px|9px|0|9px|false|true&#8221; _builder_version=&#8221;4.18.0&#8243; box_shadow_style=&#8221;preset1&#8243; box_shadow_color=&#8221;rgba(0,0,0,0.05)&#8221; global_colors_info=&#8221;{}&#8221;][\/dica_divi_carouselitem][dica_divi_carouselitem title=&#8221;Red Light District Tour&#8221; url=&#8221;https:\/\/360amsterdamtours.com\/tour-de-bonton-red-light-district-tour\/&#8221; button_url_new_window=&#8221;1&#8243; image=&#8221;https:\/\/360amsterdamtours.com\/wp-content\/uploads\/2020\/08\/pic-homepage.png&#8221; content_padding=&#8221;10px|9px|0px|9px|false|false&#8221; _builder_version=&#8221;4.17.6&#8243; global_colors_info=&#8221;{}&#8221;][\/dica_divi_carouselitem][dica_divi_carouselitem title=&#8221;Cruzeiro de barco do canal de Amsterd\u00e3o&#8221; url=&#8221;https:\/\/360amsterdamtours.com\/amsterdam-canal-boat-cruise\/&#8221; button_url_new_window=&#8221;1&#8243; image=&#8221;https:\/\/360amsterdamtours.com\/wp-content\/uploads\/2020\/01\/Boat-Cruise-carrousel.jpg&#8221; content_padding=&#8221;10px|9px|0px|9px|false|false&#8221; _builder_version=&#8221;4.16&#8243; global_colors_info=&#8221;{}&#8221;][\/dica_divi_carouselitem][\/dica_divi_carousel][et_pb_button button_url=&#8221;https:\/\/360amsterdamtours.com\/#tours&#8221; button_text=&#8221;see all tours&#8221; button_alignment=&#8221;center&#8221; _builder_version=&#8221;4.16&#8243; custom_button=&#8221;on&#8221; button_text_color=&#8221;#ffffff&#8221; button_letter_spacing=&#8221;0px&#8221; button_font=&#8221;|||on|||||&#8221; button_use_icon=&#8221;off&#8221; background_layout=&#8221;dark&#8221; custom_padding=&#8221;|35px||35px||true&#8221; global_colors_info=&#8221;{}&#8221;][\/et_pb_button][\/et_pb_column][\/et_pb_row][\/et_pb_section]<\/p>\n","protected":false},"excerpt":{"rendered":"<p>EmpregosEmpregosGuia tur\u00edstico Ser um guia tur\u00edstico com 360 Amsterdam Tours significa que voc\u00ea come\u00e7a a trabalhar ao ar livre, orientando os visitantes ao redor e compartilhar seus conhecimentos sobre a hist\u00f3ria e a cultura com as pessoas que est\u00e3o desfrutando de sua estadia em sua cidade! Procuramos guias tur\u00edsticos que falem ingl\u00eas, alem\u00e3o, espanhol ou [&hellip;]<\/p>\n","protected":false},"author":1,"featured_media":0,"parent":0,"menu_order":0,"comment_status":"closed","ping_status":"closed","template":"","meta":{"_et_pb_use_builder":"on","_et_pb_old_content":"","_et_gb_content_width":"","footnotes":""},"dipi_cpt_category":[],"class_list":["post-6969","page","type-page","status-publish","hentry"],"yoast_head":"<!-- This site is optimized with the Yoast SEO plugin v27.4 - https:\/\/yoast.com\/product\/yoast-seo-wordpress\/ -->\n<title>Empregos - 360 Amsterdam Tours<\/title>\n<meta name=\"description\" content=\"Se voc\u00ea \u00e9 apaixonado por Amsterd\u00e3, voc\u00ea desembarcou no lugar certo. Estamos sempre \u00e0 procura de guias tur\u00edsticos talentosos para mostrar aos visitantes esta cidade incr\u00edvel.\" \/>\n<meta name=\"robots\" content=\"index, follow, max-snippet:-1, max-image-preview:large, max-video-preview:-1\" \/>\n<link rel=\"canonical\" href=\"https:\/\/360amsterdamtours.com\/pt-br\/empregos\/\" \/>\n<meta property=\"og:locale\" content=\"pt_BR\" \/>\n<meta property=\"og:type\" content=\"article\" \/>\n<meta property=\"og:title\" content=\"Empregos - 360 Amsterdam Tours\" \/>\n<meta property=\"og:description\" content=\"Se voc\u00ea \u00e9 apaixonado por Amsterd\u00e3, voc\u00ea desembarcou no lugar certo. Estamos sempre \u00e0 procura de guias tur\u00edsticos talentosos para mostrar aos visitantes esta cidade incr\u00edvel.\" \/>\n<meta property=\"og:url\" content=\"https:\/\/360amsterdamtours.com\/pt-br\/empregos\/\" \/>\n<meta property=\"og:site_name\" content=\"360 Amsterdam Tours\" \/>\n<meta property=\"article:publisher\" content=\"https:\/\/www.facebook.com\/360amsterdam\/\" \/>\n<meta property=\"article:modified_time\" content=\"2025-08-27T10:23:47+00:00\" \/>\n<meta name=\"twitter:card\" content=\"summary_large_image\" \/>\n<meta name=\"twitter:label1\" content=\"Est. tempo de leitura\" \/>\n\t<meta name=\"twitter:data1\" content=\"6 minutos\" \/>\n<script type=\"application\/ld+json\" class=\"yoast-schema-graph\">{\"@context\":\"https:\\\/\\\/schema.org\",\"@graph\":[{\"@type\":\"WebPage\",\"@id\":\"https:\\\/\\\/360amsterdamtours.com\\\/pt-br\\\/empregos\\\/\",\"url\":\"https:\\\/\\\/360amsterdamtours.com\\\/pt-br\\\/empregos\\\/\",\"name\":\"Empregos - 360 Amsterdam Tours\",\"isPartOf\":{\"@id\":\"https:\\\/\\\/360amsterdamtours.com\\\/pt-br\\\/#website\"},\"datePublished\":\"2020-01-09T12:24:03+00:00\",\"dateModified\":\"2025-08-27T10:23:47+00:00\",\"description\":\"Se voc\u00ea \u00e9 apaixonado por Amsterd\u00e3, voc\u00ea desembarcou no lugar certo. Estamos sempre \u00e0 procura de guias tur\u00edsticos talentosos para mostrar aos visitantes esta cidade incr\u00edvel.\",\"breadcrumb\":{\"@id\":\"https:\\\/\\\/360amsterdamtours.com\\\/pt-br\\\/empregos\\\/#breadcrumb\"},\"inLanguage\":\"pt-BR\",\"potentialAction\":[{\"@type\":\"ReadAction\",\"target\":[\"https:\\\/\\\/360amsterdamtours.com\\\/pt-br\\\/empregos\\\/\"]}]},{\"@type\":\"BreadcrumbList\",\"@id\":\"https:\\\/\\\/360amsterdamtours.com\\\/pt-br\\\/empregos\\\/#breadcrumb\",\"itemListElement\":[{\"@type\":\"ListItem\",\"position\":1,\"name\":\"Home\",\"item\":\"https:\\\/\\\/360amsterdamtours.com\\\/pt-br\\\/\"},{\"@type\":\"ListItem\",\"position\":2,\"name\":\"Empregos\"}]},{\"@type\":\"WebSite\",\"@id\":\"https:\\\/\\\/360amsterdamtours.com\\\/pt-br\\\/#website\",\"url\":\"https:\\\/\\\/360amsterdamtours.com\\\/pt-br\\\/\",\"name\":\"360 Amsterdam Tours\",\"description\":\"Anne Frank Tours|Historical City Walks|Food Tours|Rijksmuseum Tours\",\"publisher\":{\"@id\":\"https:\\\/\\\/360amsterdamtours.com\\\/pt-br\\\/#organization\"},\"potentialAction\":[{\"@type\":\"SearchAction\",\"target\":{\"@type\":\"EntryPoint\",\"urlTemplate\":\"https:\\\/\\\/360amsterdamtours.com\\\/pt-br\\\/?s={search_term_string}\"},\"query-input\":{\"@type\":\"PropertyValueSpecification\",\"valueRequired\":true,\"valueName\":\"search_term_string\"}}],\"inLanguage\":\"pt-BR\"},{\"@type\":\"Organization\",\"@id\":\"https:\\\/\\\/360amsterdamtours.com\\\/pt-br\\\/#organization\",\"name\":\"360 Amsterdam Tours\",\"url\":\"https:\\\/\\\/360amsterdamtours.com\\\/pt-br\\\/\",\"logo\":{\"@type\":\"ImageObject\",\"inLanguage\":\"pt-BR\",\"@id\":\"https:\\\/\\\/360amsterdamtours.com\\\/pt-br\\\/#\\\/schema\\\/logo\\\/image\\\/\",\"url\":\"https:\\\/\\\/360amsterdamtours.com\\\/wp-content\\\/uploads\\\/2019\\\/06\\\/Logo-badge-1.png\",\"contentUrl\":\"https:\\\/\\\/360amsterdamtours.com\\\/wp-content\\\/uploads\\\/2019\\\/06\\\/Logo-badge-1.png\",\"width\":250,\"height\":250,\"caption\":\"360 Amsterdam Tours\"},\"image\":{\"@id\":\"https:\\\/\\\/360amsterdamtours.com\\\/pt-br\\\/#\\\/schema\\\/logo\\\/image\\\/\"},\"sameAs\":[\"https:\\\/\\\/www.facebook.com\\\/360amsterdam\\\/\",\"https:\\\/\\\/www.instagram.com\\\/360amsterdam\\\/\",\"https:\\\/\\\/www.youtube.com\\\/channel\\\/UC9Tbu7nV9dABbc1W-vwPmhg\"]}]}<\/script>\n<!-- \/ Yoast SEO plugin. -->","yoast_head_json":{"title":"Empregos - 360 Amsterdam Tours","description":"Se voc\u00ea \u00e9 apaixonado por Amsterd\u00e3, voc\u00ea desembarcou no lugar certo. Estamos sempre \u00e0 procura de guias tur\u00edsticos talentosos para mostrar aos visitantes esta cidade incr\u00edvel.","robots":{"index":"index","follow":"follow","max-snippet":"max-snippet:-1","max-image-preview":"max-image-preview:large","max-video-preview":"max-video-preview:-1"},"canonical":"https:\/\/360amsterdamtours.com\/pt-br\/empregos\/","og_locale":"pt_BR","og_type":"article","og_title":"Empregos - 360 Amsterdam Tours","og_description":"Se voc\u00ea \u00e9 apaixonado por Amsterd\u00e3, voc\u00ea desembarcou no lugar certo. Estamos sempre \u00e0 procura de guias tur\u00edsticos talentosos para mostrar aos visitantes esta cidade incr\u00edvel.","og_url":"https:\/\/360amsterdamtours.com\/pt-br\/empregos\/","og_site_name":"360 Amsterdam Tours","article_publisher":"https:\/\/www.facebook.com\/360amsterdam\/","article_modified_time":"2025-08-27T10:23:47+00:00","twitter_card":"summary_large_image","twitter_misc":{"Est. tempo de leitura":"6 minutos"},"schema":{"@context":"https:\/\/schema.org","@graph":[{"@type":"WebPage","@id":"https:\/\/360amsterdamtours.com\/pt-br\/empregos\/","url":"https:\/\/360amsterdamtours.com\/pt-br\/empregos\/","name":"Empregos - 360 Amsterdam Tours","isPartOf":{"@id":"https:\/\/360amsterdamtours.com\/pt-br\/#website"},"datePublished":"2020-01-09T12:24:03+00:00","dateModified":"2025-08-27T10:23:47+00:00","description":"Se voc\u00ea \u00e9 apaixonado por Amsterd\u00e3, voc\u00ea desembarcou no lugar certo. Estamos sempre \u00e0 procura de guias tur\u00edsticos talentosos para mostrar aos visitantes esta cidade incr\u00edvel.","breadcrumb":{"@id":"https:\/\/360amsterdamtours.com\/pt-br\/empregos\/#breadcrumb"},"inLanguage":"pt-BR","potentialAction":[{"@type":"ReadAction","target":["https:\/\/360amsterdamtours.com\/pt-br\/empregos\/"]}]},{"@type":"BreadcrumbList","@id":"https:\/\/360amsterdamtours.com\/pt-br\/empregos\/#breadcrumb","itemListElement":[{"@type":"ListItem","position":1,"name":"Home","item":"https:\/\/360amsterdamtours.com\/pt-br\/"},{"@type":"ListItem","position":2,"name":"Empregos"}]},{"@type":"WebSite","@id":"https:\/\/360amsterdamtours.com\/pt-br\/#website","url":"https:\/\/360amsterdamtours.com\/pt-br\/","name":"360 Amsterdam Tours","description":"Anne Frank Tours|Historical City Walks|Food Tours|Rijksmuseum Tours","publisher":{"@id":"https:\/\/360amsterdamtours.com\/pt-br\/#organization"},"potentialAction":[{"@type":"SearchAction","target":{"@type":"EntryPoint","urlTemplate":"https:\/\/360amsterdamtours.com\/pt-br\/?s={search_term_string}"},"query-input":{"@type":"PropertyValueSpecification","valueRequired":true,"valueName":"search_term_string"}}],"inLanguage":"pt-BR"},{"@type":"Organization","@id":"https:\/\/360amsterdamtours.com\/pt-br\/#organization","name":"360 Amsterdam Tours","url":"https:\/\/360amsterdamtours.com\/pt-br\/","logo":{"@type":"ImageObject","inLanguage":"pt-BR","@id":"https:\/\/360amsterdamtours.com\/pt-br\/#\/schema\/logo\/image\/","url":"https:\/\/360amsterdamtours.com\/wp-content\/uploads\/2019\/06\/Logo-badge-1.png","contentUrl":"https:\/\/360amsterdamtours.com\/wp-content\/uploads\/2019\/06\/Logo-badge-1.png","width":250,"height":250,"caption":"360 Amsterdam Tours"},"image":{"@id":"https:\/\/360amsterdamtours.com\/pt-br\/#\/schema\/logo\/image\/"},"sameAs":["https:\/\/www.facebook.com\/360amsterdam\/","https:\/\/www.instagram.com\/360amsterdam\/","https:\/\/www.youtube.com\/channel\/UC9Tbu7nV9dABbc1W-vwPmhg"]}]}},"_links":{"self":[{"href":"https:\/\/360amsterdamtours.com\/pt-br\/wp-json\/wp\/v2\/pages\/6969","targetHints":{"allow":["GET"]}}],"collection":[{"href":"https:\/\/360amsterdamtours.com\/pt-br\/wp-json\/wp\/v2\/pages"}],"about":[{"href":"https:\/\/360amsterdamtours.com\/pt-br\/wp-json\/wp\/v2\/types\/page"}],"author":[{"embeddable":true,"href":"https:\/\/360amsterdamtours.com\/pt-br\/wp-json\/wp\/v2\/users\/1"}],"replies":[{"embeddable":true,"href":"https:\/\/360amsterdamtours.com\/pt-br\/wp-json\/wp\/v2\/comments?post=6969"}],"version-history":[{"count":12,"href":"https:\/\/360amsterdamtours.com\/pt-br\/wp-json\/wp\/v2\/pages\/6969\/revisions"}],"predecessor-version":[{"id":31788,"href":"https:\/\/360amsterdamtours.com\/pt-br\/wp-json\/wp\/v2\/pages\/6969\/revisions\/31788"}],"wp:attachment":[{"href":"https:\/\/360amsterdamtours.com\/pt-br\/wp-json\/wp\/v2\/media?parent=6969"}],"wp:term":[{"taxonomy":"dipi_cpt_category","embeddable":true,"href":"https:\/\/360amsterdamtours.com\/pt-br\/wp-json\/wp\/v2\/dipi_cpt_category?post=6969"}],"curies":[{"name":"wp","href":"https:\/\/api.w.org\/{rel}","templated":true}]}}