{"id":6865,"date":"2020-01-09T09:09:25","date_gmt":"2020-01-09T09:09:25","guid":{"rendered":"https:\/\/360amsterdamtours.com\/amesterdao\/"},"modified":"2020-01-09T10:47:53","modified_gmt":"2020-01-09T10:47:53","slug":"amesterdao","status":"publish","type":"page","link":"https:\/\/360amsterdamtours.com\/pt-br\/amesterdao\/","title":{"rendered":"Amesterd\u00e3o"},"content":{"rendered":"<p>[et_pb_section fb_built=&#8221;1&#8243; disabled_on=&#8221;on|off|off&#8221; admin_label=&#8221;Header Desktop&#8221; _builder_version=&#8221;3.29.3&#8243; background_image=&#8221;https:\/\/360amsterdamtours.com\/wp-content\/uploads\/2019\/10\/Amsterdam-cover.jpg&#8221;][et_pb_row _builder_version=&#8221;3.29.3&#8243; custom_padding=&#8221;150px||150px||true|&#8221;][et_pb_column type=&#8221;4_4&#8243; _builder_version=&#8221;3.25&#8243; custom_padding=&#8221;|||&#8221; custom_padding__hover=&#8221;|||&#8221;][et_pb_text _builder_version=&#8221;3.29.3&#8243;]<\/p>\n<h1 style=\"text-align: center\"><span style=\"color: #ffffff\">Amesterd\u00e3o<\/span><\/h1>\n<p>[\/et_pb_text][\/et_pb_column][\/et_pb_row][\/et_pb_section][et_pb_section fb_built=&#8221;1&#8243; disabled_on=&#8221;off|on|on&#8221; admin_label=&#8221;Header Mobile&#8221; _builder_version=&#8221;3.29.3&#8243; background_image=&#8221;https:\/\/360amsterdamtours.com\/wp-content\/uploads\/2019\/10\/Amsterdam-Mobile.jpg&#8221; custom_padding=&#8221;|8px||||&#8221;][et_pb_row _builder_version=&#8221;3.25&#8243; custom_padding=&#8221;150px||150px||true|&#8221;][et_pb_column type=&#8221;4_4&#8243; _builder_version=&#8221;3.25&#8243; custom_padding=&#8221;|||&#8221; custom_padding__hover=&#8221;|||&#8221;][et_pb_text _builder_version=&#8221;3.29.3&#8243; text_font=&#8221;||||||||&#8221; text_text_color=&#8221;#FFFFFF&#8221; header_font=&#8221;||||||||&#8221; header_text_align=&#8221;center&#8221; header_text_color=&#8221;#FFFFFF&#8221; text_orientation=&#8221;center&#8221; text_text_align=&#8221;center&#8221;]<\/p>\n<h1>Amesterd\u00e3o<\/h1>\n<p>[\/et_pb_text][\/et_pb_column][\/et_pb_row][\/et_pb_section][et_pb_section fb_built=&#8221;1&#8243; _builder_version=&#8221;3.26.5&#8243; custom_padding=&#8221;17px|||||&#8221; z_index_tablet=&#8221;500&#8243; box_shadow_horizontal_tablet=&#8221;0px&#8221; box_shadow_vertical_tablet=&#8221;0px&#8221; box_shadow_blur_tablet=&#8221;40px&#8221; box_shadow_spread_tablet=&#8221;0px&#8221;][et_pb_row _builder_version=&#8221;3.29.3&#8243; custom_margin=&#8221;26px|auto||auto||&#8221; custom_padding=&#8221;||0px|||&#8221;][et_pb_column type=&#8221;4_4&#8243; _builder_version=&#8221;3.29.3&#8243;][et_pb_divider _builder_version=&#8221;3.29.3&#8243; custom_margin=&#8221;||11px|||&#8221; custom_padding=&#8221;||0px|||&#8221;][\/et_pb_divider][\/et_pb_column][\/et_pb_row][et_pb_row column_structure=&#8221;1_2,1_2&#8243; _builder_version=&#8221;3.29.3&#8243; custom_margin=&#8221;-5px|auto||auto||&#8221;][et_pb_column type=&#8221;1_2&#8243; _builder_version=&#8221;3.29.3&#8243;][et_pb_text _builder_version=&#8221;4.0.11&#8243; background_image=&#8221;https:\/\/360amsterdamtours.com\/wp-content\/uploads\/2019\/08\/Blogs-page-mobile.jpg&#8221; custom_padding=&#8221;100px||100px||false|false&#8221; link_option_url=&#8221; https:\/\/360amsterdamtours.com\/pt-br\/blogues\/&#8221;]<\/p>\n<h1 style=\"text-align: center\"><span style=\"color: #ffffff\">Blogues<\/span><\/h1>\n<p>[\/et_pb_text][et_pb_text _builder_version=&#8221;4.0.11&#8243; background_image=&#8221;https:\/\/360amsterdamtours.com\/wp-content\/uploads\/2019\/11\/Whats-on-homepage-small.jpg&#8221; custom_margin=&#8221;|0px||0px|false|false&#8221; custom_padding=&#8221;100px||100px|0px|false|false&#8221; link_option_url=&#8221;https:\/\/360amsterdamtours.com\/pt-br\/o-que-acontece-em-amsterda-novembro-de-2019\/&#8221; hover_enabled=&#8221;0&#8243;]<\/p>\n<h1 style=\"text-align: center\"><span style=\"color: #ffffff\">O que est\u00e1 em<\/span><\/h1>\n<p>[\/et_pb_text][\/et_pb_column][et_pb_column type=&#8221;1_2&#8243; _builder_version=&#8221;3.29.3&#8243;][et_pb_text _builder_version=&#8221;4.0.11&#8243; background_image=&#8221;https:\/\/360amsterdamtours.com\/wp-content\/uploads\/2019\/10\/Attractions-mobile-1.jpg&#8221; text_orientation=&#8221;center&#8221; custom_padding=&#8221;100px||100px||false|false&#8221; link_option_url=&#8221;https:\/\/360amsterdamtours.com\/pt-br\/atracoes\/&#8221;]<\/p>\n<h1 style=\"text-align: center\"><span style=\"color: #ffffff\">Atra\u00e7\u00f5es<\/span><\/h1>\n<p>[\/et_pb_text][et_pb_text _builder_version=&#8221;4.0.6&#8243; background_image=&#8221;https:\/\/360amsterdamtours.com\/wp-content\/uploads\/2019\/11\/Amsterdam-homepage-small.jpg&#8221; text_orientation=&#8221;center&#8221; custom_padding=&#8221;100px||100px||false|false&#8221; link_option_url=&#8221;https:\/\/360amsterdamtours.com\/pt-br\/&#8221;]<\/p>\n<h1 style=\"text-align: center\"><span style=\"color: #ffffff\">Passeios<\/span><\/h1>\n<p>[\/et_pb_text][\/et_pb_column][\/et_pb_row][et_pb_row _builder_version=&#8221;3.29.3&#8243; min_height=&#8221;80px&#8221;][et_pb_column type=&#8221;4_4&#8243; _builder_version=&#8221;3.29.3&#8243;][et_pb_divider _builder_version=&#8221;3.29.3&#8243;][\/et_pb_divider][\/et_pb_column][\/et_pb_row][\/et_pb_section][et_pb_section fb_built=&#8221;1&#8243; _builder_version=&#8221;3.24&#8243; custom_padding=&#8221;0px||30px||false&#8221;][et_pb_row _builder_version=&#8221;3.25&#8243; custom_padding=&#8221;0px||0px||true&#8221;][et_pb_column type=&#8221;4_4&#8243; _builder_version=&#8221;3.25&#8243; custom_padding=&#8221;|||&#8221; custom_padding__hover=&#8221;|||&#8221;][dica_divi_carousel item_width_auto=&#8221;on&#8221; item_width=&#8221;320px&#8221; transition_duration=&#8221;1000&#8243; autoplay=&#8221;on&#8221; hoverpause=&#8221;on&#8221; arrow_nav=&#8221;on&#8221; advanced_effect=&#8221;1&#8243; arrow_nav_color=&#8221;#FB8844&#8243; arrow_position=&#8221;on&#8221; _builder_version=&#8221;4.0.6&#8243;][dica_divi_carouselitem title=&#8221;Excurs\u00e3o da bicicleta de Anne Frank&#8221; url=&#8221;\/?p=2205&#8243; button_url_new_window=&#8221;1&#8243; image=&#8221;https:\/\/360amsterdamtours.com\/wp-content\/uploads\/2019\/06\/Tumbnail-AFBT.jpg&#8221; image_padding=&#8221;0px|0|0|0&#8243; content_padding=&#8221;10px|9px|0px|9px||true&#8221; _builder_version=&#8221;3.24&#8243; link_option_url=&#8221;https:\/\/360amsterdamtours.com\/anna-frank-bike-tour\/&#8221; box_shadow_style=&#8221;preset1&#8243; box_shadow_color=&#8221;rgba(0,0,0,0.05)&#8221;][\/dica_divi_carouselitem][dica_divi_carouselitem title=&#8221;Excurs\u00e3o da caminhada da maravilha do inverno&#8221; url=&#8221;https:\/\/360amsterdamtours.com\/pt-br\/caminhada-da-maravilha-do-inverno\/&#8221; button_url_new_window=&#8221;1&#8243; image=&#8221;https:\/\/360amsterdamtours.com\/wp-content\/uploads\/2019\/11\/Winter-Walk-homepage.jpg&#8221; content_padding=&#8221;10px|10px|0px|10px|false|true&#8221; _builder_version=&#8221;4.0.6&#8243; body_font=&#8221;||||||||&#8221; link_option_url=&#8221;https:\/\/360amsterdamtours.com\/free-walking-tour\/&#8221; box_shadow_style=&#8221;preset1&#8243; box_shadow_color=&#8221;rgba(0,0,0,0.05)&#8221;][\/dica_divi_carouselitem][dica_divi_carouselitem title=&#8221;Red Light District Tour&#8221; url=&#8221;https:\/\/360amsterdamtours.com\/red-light-district-tour\/&#8221; button_url_new_window=&#8221;1&#8243; image=&#8221;https:\/\/360amsterdamtours.com\/wp-content\/uploads\/2019\/06\/tumbnail-FRLDT.jpg&#8221; image_padding=&#8221;0px|0|0|0&#8243; content_padding=&#8221;10px|10px|0|10px||true&#8221; _builder_version=&#8221;4.0.6&#8243; box_shadow_style=&#8221;preset1&#8243; box_shadow_color=&#8221;rgba(0,0,0,0.05)&#8221;][\/dica_divi_carouselitem][dica_divi_carouselitem title=&#8221;Rembrandt &#038; The Golden Age Walking Tour&#8221; url=&#8221;\/?p=1322&#8243; button_url_new_window=&#8221;1&#8243; image=&#8221;https:\/\/360amsterdamtours.com\/wp-content\/uploads\/2019\/06\/tumbnail-rembrandt.jpg&#8221; content_padding=&#8221;10px|10px|0|10px||true&#8221; _builder_version=&#8221;3.24&#8243; box_shadow_style=&#8221;preset1&#8243; box_shadow_color=&#8221;rgba(0,0,0,0.05)&#8221;][\/dica_divi_carouselitem][dica_divi_carouselitem title=&#8221;Van Gogh Tour Plus Pule os ingressos de entrada da linha&#8221; url=&#8221;\/?p=1407&#8243; button_url_new_window=&#8221;1&#8243; image=&#8221;https:\/\/360amsterdamtours.com\/wp-content\/uploads\/2019\/06\/tumbnail-vangogh.jpg&#8221; content_padding=&#8221;10px|10px|0|10px||true&#8221; _builder_version=&#8221;3.29.3&#8243; box_shadow_style=&#8221;preset1&#8243; box_shadow_color=&#8221;rgba(0,0,0,0.05)&#8221;][\/dica_divi_carouselitem][dica_divi_carouselitem title=&#8221;Excurs\u00e3o a p\u00e9 de Anne Frank&#8221; url=&#8221;\/?p=1256&#8243; button_url_new_window=&#8221;1&#8243; image=&#8221;https:\/\/360amsterdamtours.com\/wp-content\/uploads\/2019\/06\/Tumbnail-Anne-Frank-Walking-tour-1.jpg&#8221; content_padding=&#8221;10px|10px|0|10px||true&#8221; _builder_version=&#8221;3.24&#8243; box_shadow_style=&#8221;preset1&#8243; box_shadow_color=&#8221;rgba(0,0,0,0.05)&#8221;][\/dica_divi_carouselitem][dica_divi_carouselitem title=&#8221;Rijksmuseum Plus Skip-the-line Museum Tickets&#8221; url=&#8221;https:\/\/360amsterdamtours.com\/rijksmuseum-guided-tour-plus-skip-the-line-museum-ticket\/&#8221; button_url_new_window=&#8221;1&#8243; image=&#8221;https:\/\/360amsterdamtours.com\/wp-content\/uploads\/2019\/10\/Rijksmuseum-Tour-Thumnail.jpg&#8221; _builder_version=&#8221;3.29.3&#8243;][\/dica_divi_carouselitem][\/dica_divi_carousel][et_pb_button button_url=&#8221;https:\/\/360amsterdamtours.com\/#tours&#8221; button_text=&#8221;ver todos os passeios&#8221; button_alignment=&#8221;center&#8221; _builder_version=&#8221;3.24&#8243; custom_button=&#8221;on&#8221; button_text_color=&#8221;#ffffff&#8221; button_letter_spacing=&#8221;0px&#8221; button_font=&#8221;|||on|||||&#8221; button_use_icon=&#8221;off&#8221; background_layout=&#8221;dark&#8221; custom_padding=&#8221;|35px||35px||true&#8221;][\/et_pb_button][\/et_pb_column][\/et_pb_row][\/et_pb_section]<\/p>\n","protected":false},"excerpt":{"rendered":"<p>Amesterd\u00e3oAmesterd\u00e3oBloguesO que est\u00e1 emAtra\u00e7\u00f5esPasseios<div class=\"et_pb_module dica_divi_carousel dica_divi_carousel_0\">\n\t\t\t\t\n\t\t\t\t\n\t\t\t\t\n\t\t\t\t\n\t\t\t\t\n\t\t\t\t\n\t\t\t\t<div class=\"et_pb_module_inner\">\n\t\t\t\t\t<div class=\"dica-container  desktop_middle-inside tablet_middle-inside mobile_middle-inside\" data-props='{\"desktop\":\"4\",\"tablet\":\"3\",\"mobile\":\"1\",\"speed\":\"1000\",\"arrow\":\"on\",\"dots\":\"off\",\"autoplay\":\"on\",\"autoSpeed\":\"1000\",\"loop\":\"off\",\"item_spacing\":\"30\",\"center_mode\":\"off\",\"slider_effec\":\"1\",\"cover_rotate\":\"50\",\"pause_onhover\":\"on\",\"multislide\":\"off\",\"cfshadow\":\"on\",\"order\":\"0\",\"lazyload\":\"off\",\"lazybefore\":\"off\",\"scroller_effect\":\"off\",\"autowidth\":\"on\",\"item_spacing_tablet\":\"30\",\"item_spacing_phone\":\"30\",\"scroller_speed\":\"4000\",\"hashNavigation\":\"off\",\"simulatetouch\":\"off\",\"allowtouchmove\":\"off\",\"slide_row\":\"1\",\"slide_row_tablet\":\"1\",\"slide_row_phone\":\"1\",\"keyboard\":\"off\",\"mousewheel\":\"off\",\"autoplay_viewport\":\"80%\"}'>\n\t\t\t\t\t\t\t \t<div class=\"swiper-container\" >\n\t\t\t\t\t\t\t\t\t<div class=\"swiper-wrapper\"><\/div>\t\n\t\t\t\t\t\t\t\t<\/div>\t\n\t\t\t\t\t\t\t\t<div class=\"swiper-buttton-container\"><div class=\"swiper-button-prev dica-prev-btn-0\" data-icon=\"4\"><\/div><div class=\"swiper-button-next dica-next-btn-0\" data-icon=\"5\"><\/div><\/div>\n\t\t\t\t\t\t\t\t\t\t\t\t\t\t\n\t\t\t\t\t\t\t<\/div>\n\t\t\t\t<\/div>\n\t\t\t<\/div><div class=\"et_pb_module dica_divi_carouselitem dica_divi_carouselitem_0 et_clickable\">\n\t\t\t\t\n\t\t\t\t\n\t\t\t\t\n\t\t\t\t\n\t\t\t\t\n\t\t\t\t\n\t\t\t\t<div class=\"et_pb_module_inner\">\n\t\t\t\t\t <div class=\"dica-item image_top\" data-link=\"https:\/\/360amsterdamtours.com\/anna-frank-bike-tour\/\"  data-hash=\"dica_divi_carouselitem_0\">\n\t\t\t\t\t\t\t\t\t<div class=\"dica-image-container\"><a class=\"image\" href=\"\/?p=2205\"><img decoding=\"async\" src=\"https:\/\/360amsterdamtours.com\/wp-content\/uploads\/2019\/06\/Tumbnail-AFBT.jpg\" srcset=\"https:\/\/360amsterdamtours.com\/wp-content\/uploads\/2019\/06\/Tumbnail-AFBT.jpg 647w, https:\/\/360amsterdamtours.com\/wp-content\/uploads\/2019\/06\/Tumbnail-AFBT-300x150.jpg 300w\" alt=\"\" class=\"dica-item-image\" width=\"647\" height=\"323\"\/><\/a><\/div>\n\t\t\t\t\t\t\t\t\t<div class=\"dica-item-content\"><h4 class=\"item-title\"><a href=\"\/?p=2205\">Excurs\u00e3o da bicicleta de Anne Frank<\/a><\/h4>        <\/div>\n\t\t\t\t\t\t\t<\/div>\n\t\t\t\t<\/div>\n\t\t\t<\/div><div class=\"et_pb_module dica_divi_carouselitem dica_divi_carouselitem_1 et_clickable\">\n\t\t\t\t\n\t\t\t\t\n\t\t\t\t\n\t\t\t\t\n\t\t\t\t\n\t\t\t\t\n\t\t\t\t<div class=\"et_pb_module_inner\">\n\t\t\t\t\t <div class=\"dica-item image_top\" data-link=\"https:\/\/360amsterdamtours.com\/free-walking-tour\/\"  data-hash=\"dica_divi_carouselitem_1\">\n\t\t\t\t\t\t\t\t\t<div class=\"dica-image-container\"><a class=\"image\" href=\"https:\/\/360amsterdamtours.com\/pt-br\/caminhada-da-maravilha-do-inverno\/\"><img decoding=\"async\" src=\"https:\/\/360amsterdamtours.com\/wp-content\/uploads\/2019\/11\/Winter-Walk-homepage.jpg\" srcset=\"https:\/\/360amsterdamtours.com\/wp-content\/uploads\/2019\/11\/Winter-Walk-homepage.jpg 647w, https:\/\/360amsterdamtours.com\/wp-content\/uploads\/2019\/11\/Winter-Walk-homepage-480x240.jpg 480w\" alt=\"\" class=\"dica-item-image\" width=\"647\" height=\"323\"\/><\/a><\/div>\n\t\t\t\t\t\t\t\t\t<div class=\"dica-item-content\"><h4 class=\"item-title\"><a href=\"https:\/\/360amsterdamtours.com\/pt-br\/caminhada-da-maravilha-do-inverno\/\">Excurs\u00e3o da caminhada da maravilha do inverno<\/a><\/h4>        <\/div>\n\t\t\t\t\t\t\t<\/div>\n\t\t\t\t<\/div>\n\t\t\t<\/div><div class=\"et_pb_module dica_divi_carouselitem dica_divi_carouselitem_2\">\n\t\t\t\t\n\t\t\t\t\n\t\t\t\t\n\t\t\t\t\n\t\t\t\t\n\t\t\t\t\n\t\t\t\t<div class=\"et_pb_module_inner\">\n\t\t\t\t\t <div class=\"dica-item image_top\"   data-hash=\"dica_divi_carouselitem_2\">\n\t\t\t\t\t\t\t\t\t<div class=\"dica-image-container\"><span class=\"image\"><img decoding=\"async\" src=\"&#8221;https:\/\/360amsterdamtours.com\/wp-content\/uploads\/2019\/06\/tumbnail-FRLDT.jpg&#8221;\" srcset=\"\" alt=\"\" class=\"dica-item-image\" width=\"f\" height=\"u\"\/><\/span><\/div>\n\t\t\t\t\t\t\t\t\t<div class=\"dica-item-content\"><h4 class=\"item-title\">&#8221;Red<\/h4>        <\/div>\n\t\t\t\t\t\t\t<\/div>\n\t\t\t\t<\/div>\n\t\t\t<\/div><\/p>\n","protected":false},"author":1,"featured_media":0,"parent":0,"menu_order":0,"comment_status":"closed","ping_status":"closed","template":"","meta":{"_et_pb_use_builder":"on","_et_pb_old_content":"","_et_gb_content_width":"","footnotes":""},"dipi_cpt_category":[],"class_list":["post-6865","page","type-page","status-publish","hentry"],"yoast_head":"<!-- This site is optimized with the Yoast SEO plugin v27.4 - https:\/\/yoast.com\/product\/yoast-seo-wordpress\/ -->\n<title>Amesterd\u00e3o - 360 Amsterdam Tours<\/title>\n<meta name=\"robots\" content=\"index, follow, max-snippet:-1, max-image-preview:large, max-video-preview:-1\" \/>\n<link rel=\"canonical\" href=\"https:\/\/360amsterdamtours.com\/pt-br\/amesterdao\/\" \/>\n<meta property=\"og:locale\" content=\"pt_BR\" \/>\n<meta property=\"og:type\" content=\"article\" \/>\n<meta property=\"og:title\" content=\"Amesterd\u00e3o - 360 Amsterdam Tours\" \/>\n<meta property=\"og:description\" content=\"Amesterd\u00e3oAmesterd\u00e3oBloguesO que est\u00e1 emAtra\u00e7\u00f5esPasseios\" \/>\n<meta property=\"og:url\" content=\"https:\/\/360amsterdamtours.com\/pt-br\/amesterdao\/\" \/>\n<meta property=\"og:site_name\" content=\"360 Amsterdam Tours\" \/>\n<meta property=\"article:publisher\" content=\"https:\/\/www.facebook.com\/360amsterdam\/\" \/>\n<meta property=\"article:modified_time\" content=\"2020-01-09T10:47:53+00:00\" \/>\n<meta name=\"twitter:card\" content=\"summary_large_image\" \/>\n<meta name=\"twitter:label1\" content=\"Est. tempo de leitura\" \/>\n\t<meta name=\"twitter:data1\" content=\"4 minutos\" \/>\n<script type=\"application\/ld+json\" class=\"yoast-schema-graph\">{\"@context\":\"https:\\\/\\\/schema.org\",\"@graph\":[{\"@type\":\"WebPage\",\"@id\":\"https:\\\/\\\/360amsterdamtours.com\\\/pt-br\\\/amesterdao\\\/\",\"url\":\"https:\\\/\\\/360amsterdamtours.com\\\/pt-br\\\/amesterdao\\\/\",\"name\":\"Amesterd\u00e3o - 360 Amsterdam Tours\",\"isPartOf\":{\"@id\":\"https:\\\/\\\/360amsterdamtours.com\\\/pt-br\\\/#website\"},\"datePublished\":\"2020-01-09T09:09:25+00:00\",\"dateModified\":\"2020-01-09T10:47:53+00:00\",\"breadcrumb\":{\"@id\":\"https:\\\/\\\/360amsterdamtours.com\\\/pt-br\\\/amesterdao\\\/#breadcrumb\"},\"inLanguage\":\"pt-BR\",\"potentialAction\":[{\"@type\":\"ReadAction\",\"target\":[\"https:\\\/\\\/360amsterdamtours.com\\\/pt-br\\\/amesterdao\\\/\"]}]},{\"@type\":\"BreadcrumbList\",\"@id\":\"https:\\\/\\\/360amsterdamtours.com\\\/pt-br\\\/amesterdao\\\/#breadcrumb\",\"itemListElement\":[{\"@type\":\"ListItem\",\"position\":1,\"name\":\"Home\",\"item\":\"https:\\\/\\\/360amsterdamtours.com\\\/pt-br\\\/\"},{\"@type\":\"ListItem\",\"position\":2,\"name\":\"Amesterd\u00e3o\"}]},{\"@type\":\"WebSite\",\"@id\":\"https:\\\/\\\/360amsterdamtours.com\\\/pt-br\\\/#website\",\"url\":\"https:\\\/\\\/360amsterdamtours.com\\\/pt-br\\\/\",\"name\":\"360 Amsterdam Tours\",\"description\":\"Anne Frank Tours|Historical City Walks|Food Tours|Rijksmuseum Tours\",\"publisher\":{\"@id\":\"https:\\\/\\\/360amsterdamtours.com\\\/pt-br\\\/#organization\"},\"potentialAction\":[{\"@type\":\"SearchAction\",\"target\":{\"@type\":\"EntryPoint\",\"urlTemplate\":\"https:\\\/\\\/360amsterdamtours.com\\\/pt-br\\\/?s={search_term_string}\"},\"query-input\":{\"@type\":\"PropertyValueSpecification\",\"valueRequired\":true,\"valueName\":\"search_term_string\"}}],\"inLanguage\":\"pt-BR\"},{\"@type\":\"Organization\",\"@id\":\"https:\\\/\\\/360amsterdamtours.com\\\/pt-br\\\/#organization\",\"name\":\"360 Amsterdam Tours\",\"url\":\"https:\\\/\\\/360amsterdamtours.com\\\/pt-br\\\/\",\"logo\":{\"@type\":\"ImageObject\",\"inLanguage\":\"pt-BR\",\"@id\":\"https:\\\/\\\/360amsterdamtours.com\\\/pt-br\\\/#\\\/schema\\\/logo\\\/image\\\/\",\"url\":\"https:\\\/\\\/360amsterdamtours.com\\\/wp-content\\\/uploads\\\/2019\\\/06\\\/Logo-badge-1.png\",\"contentUrl\":\"https:\\\/\\\/360amsterdamtours.com\\\/wp-content\\\/uploads\\\/2019\\\/06\\\/Logo-badge-1.png\",\"width\":250,\"height\":250,\"caption\":\"360 Amsterdam Tours\"},\"image\":{\"@id\":\"https:\\\/\\\/360amsterdamtours.com\\\/pt-br\\\/#\\\/schema\\\/logo\\\/image\\\/\"},\"sameAs\":[\"https:\\\/\\\/www.facebook.com\\\/360amsterdam\\\/\",\"https:\\\/\\\/www.instagram.com\\\/360amsterdam\\\/\",\"https:\\\/\\\/www.youtube.com\\\/channel\\\/UC9Tbu7nV9dABbc1W-vwPmhg\"]}]}<\/script>\n<!-- \/ Yoast SEO plugin. -->","yoast_head_json":{"title":"Amesterd\u00e3o - 360 Amsterdam Tours","robots":{"index":"index","follow":"follow","max-snippet":"max-snippet:-1","max-image-preview":"max-image-preview:large","max-video-preview":"max-video-preview:-1"},"canonical":"https:\/\/360amsterdamtours.com\/pt-br\/amesterdao\/","og_locale":"pt_BR","og_type":"article","og_title":"Amesterd\u00e3o - 360 Amsterdam Tours","og_description":"Amesterd\u00e3oAmesterd\u00e3oBloguesO que est\u00e1 emAtra\u00e7\u00f5esPasseios","og_url":"https:\/\/360amsterdamtours.com\/pt-br\/amesterdao\/","og_site_name":"360 Amsterdam Tours","article_publisher":"https:\/\/www.facebook.com\/360amsterdam\/","article_modified_time":"2020-01-09T10:47:53+00:00","twitter_card":"summary_large_image","twitter_misc":{"Est. tempo de leitura":"4 minutos"},"schema":{"@context":"https:\/\/schema.org","@graph":[{"@type":"WebPage","@id":"https:\/\/360amsterdamtours.com\/pt-br\/amesterdao\/","url":"https:\/\/360amsterdamtours.com\/pt-br\/amesterdao\/","name":"Amesterd\u00e3o - 360 Amsterdam Tours","isPartOf":{"@id":"https:\/\/360amsterdamtours.com\/pt-br\/#website"},"datePublished":"2020-01-09T09:09:25+00:00","dateModified":"2020-01-09T10:47:53+00:00","breadcrumb":{"@id":"https:\/\/360amsterdamtours.com\/pt-br\/amesterdao\/#breadcrumb"},"inLanguage":"pt-BR","potentialAction":[{"@type":"ReadAction","target":["https:\/\/360amsterdamtours.com\/pt-br\/amesterdao\/"]}]},{"@type":"BreadcrumbList","@id":"https:\/\/360amsterdamtours.com\/pt-br\/amesterdao\/#breadcrumb","itemListElement":[{"@type":"ListItem","position":1,"name":"Home","item":"https:\/\/360amsterdamtours.com\/pt-br\/"},{"@type":"ListItem","position":2,"name":"Amesterd\u00e3o"}]},{"@type":"WebSite","@id":"https:\/\/360amsterdamtours.com\/pt-br\/#website","url":"https:\/\/360amsterdamtours.com\/pt-br\/","name":"360 Amsterdam Tours","description":"Anne Frank Tours|Historical City Walks|Food Tours|Rijksmuseum Tours","publisher":{"@id":"https:\/\/360amsterdamtours.com\/pt-br\/#organization"},"potentialAction":[{"@type":"SearchAction","target":{"@type":"EntryPoint","urlTemplate":"https:\/\/360amsterdamtours.com\/pt-br\/?s={search_term_string}"},"query-input":{"@type":"PropertyValueSpecification","valueRequired":true,"valueName":"search_term_string"}}],"inLanguage":"pt-BR"},{"@type":"Organization","@id":"https:\/\/360amsterdamtours.com\/pt-br\/#organization","name":"360 Amsterdam Tours","url":"https:\/\/360amsterdamtours.com\/pt-br\/","logo":{"@type":"ImageObject","inLanguage":"pt-BR","@id":"https:\/\/360amsterdamtours.com\/pt-br\/#\/schema\/logo\/image\/","url":"https:\/\/360amsterdamtours.com\/wp-content\/uploads\/2019\/06\/Logo-badge-1.png","contentUrl":"https:\/\/360amsterdamtours.com\/wp-content\/uploads\/2019\/06\/Logo-badge-1.png","width":250,"height":250,"caption":"360 Amsterdam Tours"},"image":{"@id":"https:\/\/360amsterdamtours.com\/pt-br\/#\/schema\/logo\/image\/"},"sameAs":["https:\/\/www.facebook.com\/360amsterdam\/","https:\/\/www.instagram.com\/360amsterdam\/","https:\/\/www.youtube.com\/channel\/UC9Tbu7nV9dABbc1W-vwPmhg"]}]}},"_links":{"self":[{"href":"https:\/\/360amsterdamtours.com\/pt-br\/wp-json\/wp\/v2\/pages\/6865","targetHints":{"allow":["GET"]}}],"collection":[{"href":"https:\/\/360amsterdamtours.com\/pt-br\/wp-json\/wp\/v2\/pages"}],"about":[{"href":"https:\/\/360amsterdamtours.com\/pt-br\/wp-json\/wp\/v2\/types\/page"}],"author":[{"embeddable":true,"href":"https:\/\/360amsterdamtours.com\/pt-br\/wp-json\/wp\/v2\/users\/1"}],"replies":[{"embeddable":true,"href":"https:\/\/360amsterdamtours.com\/pt-br\/wp-json\/wp\/v2\/comments?post=6865"}],"version-history":[{"count":7,"href":"https:\/\/360amsterdamtours.com\/pt-br\/wp-json\/wp\/v2\/pages\/6865\/revisions"}],"predecessor-version":[{"id":6946,"href":"https:\/\/360amsterdamtours.com\/pt-br\/wp-json\/wp\/v2\/pages\/6865\/revisions\/6946"}],"wp:attachment":[{"href":"https:\/\/360amsterdamtours.com\/pt-br\/wp-json\/wp\/v2\/media?parent=6865"}],"wp:term":[{"taxonomy":"dipi_cpt_category","embeddable":true,"href":"https:\/\/360amsterdamtours.com\/pt-br\/wp-json\/wp\/v2\/dipi_cpt_category?post=6865"}],"curies":[{"name":"wp","href":"https:\/\/api.w.org\/{rel}","templated":true}]}}