{"id":22865,"date":"2022-12-19T11:39:10","date_gmt":"2022-12-19T11:39:10","guid":{"rendered":"https:\/\/360amsterdamtours.com\/contacto\/"},"modified":"2023-11-27T12:18:48","modified_gmt":"2023-11-27T10:18:48","slug":"contacto","status":"publish","type":"page","link":"https:\/\/360amsterdamtours.com\/pt-br\/contacto\/","title":{"rendered":"Contacto"},"content":{"rendered":"<p>[et_pb_section fb_built=&#8221;1&#8243; disabled_on=&#8221;off|off|off&#8221; _builder_version=&#8221;4.19.5&#8243; custom_padding=&#8221;17px|||||&#8221; global_colors_info=&#8221;{}&#8221;][et_pb_row column_structure=&#8221;3_5,2_5&#8243; _builder_version=&#8221;4.19.2&#8243; global_colors_info=&#8221;{}&#8221;][et_pb_column type=&#8221;3_5&#8243; _builder_version=&#8221;4.16&#8243; custom_padding=&#8221;|||&#8221; global_colors_info=&#8221;{}&#8221; custom_padding__hover=&#8221;|||&#8221;][wpforms_selector form_id=&#8221;23172&#8243; show_title=&#8221;on&#8221; _builder_version=&#8221;4.19.5&#8243; _module_preset=&#8221;default&#8221; width=&#8221;100%&#8221; custom_padding=&#8221;||||false|true&#8221; custom_padding_tablet=&#8221;||||false|true&#8221; custom_padding_phone=&#8221;||||false|true&#8221; custom_padding_last_edited=&#8221;on|phone&#8221; hover_enabled=&#8221;0&#8243; global_colors_info=&#8221;{}&#8221; custom_margin_last_edited=&#8221;on|desktop&#8221; custom_margin=&#8221;|||50px|false|false&#8221; sticky_enabled=&#8221;0&#8243; custom_margin_phone=&#8221;|||0px|false|false&#8221; custom_margin_tablet=&#8221;|||50px|false|false&#8221;][\/wpforms_selector][\/et_pb_column][et_pb_column type=&#8221;2_5&#8243; _builder_version=&#8221;4.19.5&#8243; _module_preset=&#8221;default&#8221; global_colors_info=&#8221;{}&#8221;][et_pb_image src=&#8221;https:\/\/360amsterdamtours.com\/wp-content\/uploads\/2022\/02\/Dutch-house-2.png&#8221; title_text=&#8221;Dutch house 2&#8243; disabled_on=&#8221;on|on|off&#8221; _builder_version=&#8221;4.19.5&#8243; _module_preset=&#8221;default&#8221; global_colors_info=&#8221;{}&#8221;][\/et_pb_image][\/et_pb_column][\/et_pb_row][\/et_pb_section]<\/p>\n","protected":false},"excerpt":{"rendered":"<div class=\"et_pb_module wpforms_selector wpforms_selector_0\">\n\t\t\t\t\n\t\t\t\t\n\t\t\t\t\n\t\t\t\t\n\t\t\t\t\n\t\t\t\t\n\t\t\t\t<div class=\"et_pb_module_inner\">\n\t\t\t\t\t<div class=\"wpforms-container wpforms-container-full\" id=\"wpforms-23172\"><form id=\"wpforms-form-23172\" class=\"wpforms-validate wpforms-form wpforms-ajax-form\" data-formid=\"23172\" method=\"post\" enctype=\"multipart\/form-data\" action=\"\/pt-br\/wp-json\/wp\/v2\/pages\/22865\" data-token=\"972865514e09cd3ecbbbc182deb0feea\" data-token-time=\"1776784032\"><div class=\"wpforms-head-container\"><div class=\"wpforms-title\">Contactar-nos<\/div><\/div><noscript class=\"wpforms-error-noscript\">Ative o JavaScript no seu navegador para preencher este formul\u00e1rio.<\/noscript><div class=\"wpforms-field-container\"><div id=\"wpforms-23172-field_0-container\" class=\"wpforms-field wpforms-field-name\" data-field-id=\"0\"><label class=\"wpforms-field-label\">Nome <span class=\"wpforms-required-label\">*<\/span><\/label><div class=\"wpforms-field-row wpforms-field-medium\"><div class=\"wpforms-field-row-block wpforms-first wpforms-one-half\"><input type=\"text\" id=\"wpforms-23172-field_0\" class=\"wpforms-field-name-first wpforms-field-required\" name=\"wpforms[fields][0][first]\" required><label for=\"wpforms-23172-field_0\" class=\"wpforms-field-sublabel after\">Nome<\/label><\/div><div class=\"wpforms-field-row-block wpforms-one-half\"><input type=\"text\" id=\"wpforms-23172-field_0-last\" class=\"wpforms-field-name-last wpforms-field-required\" name=\"wpforms[fields][0][last]\" required><label for=\"wpforms-23172-field_0-last\" class=\"wpforms-field-sublabel after\">Sobrenome<\/label><\/div><\/div><\/div><div id=\"wpforms-23172-field_1-container\" class=\"wpforms-field wpforms-field-email\" data-field-id=\"1\"><label class=\"wpforms-field-label\" for=\"wpforms-23172-field_1\">E-mail <span class=\"wpforms-required-label\">*<\/span><\/label><input type=\"email\" id=\"wpforms-23172-field_1\" class=\"wpforms-field-medium wpforms-field-required\" name=\"wpforms[fields][1]\" spellcheck=\"false\" required><\/div><div id=\"wpforms-23172-field_3-container\" class=\"wpforms-field wpforms-field-select wpforms-field-select-style-classic\" data-field-id=\"3\"><label class=\"wpforms-field-label\" for=\"wpforms-23172-field_3\">Idioma do tour<\/label><select id=\"wpforms-23172-field_3\" class=\"wpforms-field-medium\" name=\"wpforms[fields][3]\"><option value=\"Escolha o idioma\"  class=\"choice-8 depth-1\"  >Escolha o idioma<\/option><option value=\"Ingl\u00eas\"  class=\"choice-1 depth-1\"  >Ingl\u00eas<\/option><option value=\"Holand\u00eas\"  class=\"choice-2 depth-1\"  >Holand\u00eas<\/option><option value=\"Espanhol\"  class=\"choice-3 depth-1\"  >Espanhol<\/option><option value=\"Alem\u00e3o\"  class=\"choice-6 depth-1\"  >Alem\u00e3o<\/option><option value=\"Italiano\"  class=\"choice-5 depth-1\"  >Italiano<\/option><option value=\"Franc\u00eas\"  class=\"choice-4 depth-1\"  >Franc\u00eas<\/option><option value=\"Portugu\u00eas\"  class=\"choice-7 depth-1\"  >Portugu\u00eas<\/option><\/select><\/div><div id=\"wpforms-23172-field_4-container\" class=\"wpforms-field wpforms-field-select wpforms-field-select-style-classic\" data-field-id=\"4\"><label class=\"wpforms-field-label\" for=\"wpforms-23172-field_4\">Como voc\u00ea ficou sabendo sobre n\u00f3s?<\/label><select id=\"wpforms-23172-field_4\" class=\"wpforms-field-medium\" name=\"wpforms[fields][4]\"><option value=\"Escolha na lista\"  class=\"choice-7 depth-1\"  >Escolha na lista<\/option><option value=\"Pesquisa do Google\"  class=\"choice-1 depth-1\"  >Pesquisa do Google<\/option><option value=\"Tripadvisor\"  class=\"choice-2 depth-1\"  >Tripadvisor<\/option><option value=\"Facebook\"  class=\"choice-3 depth-1\"  >Facebook<\/option><option value=\"Instragram\"  class=\"choice-6 depth-1\"  >Instragram<\/option><option value=\"S\u00edtio Web da empresa\"  class=\"choice-5 depth-1\"  >S\u00edtio Web da empresa<\/option><option value=\"Indica\u00e7\u00e3o\"  class=\"choice-4 depth-1\"  >Indica\u00e7\u00e3o<\/option><\/select><\/div><div id=\"wpforms-23172-field_2-container\" class=\"wpforms-field wpforms-field-textarea\" data-field-id=\"2\"><label class=\"wpforms-field-label\" for=\"wpforms-23172-field_2\">Sua mensagem <span class=\"wpforms-required-label\">*<\/span><\/label><textarea id=\"wpforms-23172-field_2\" class=\"wpforms-field-medium wpforms-field-required\" name=\"wpforms[fields][2]\" required><\/textarea><div class=\"wpforms-field-description\">Informe-nos como podemos ajud\u00e1-lo.<\/div><\/div><\/div><!-- .wpforms-field-container --><div class=\"wpforms-recaptcha-container wpforms-is-recaptcha wpforms-is-recaptcha-type-v3\" ><input type=\"hidden\" name=\"wpforms[recaptcha]\" value=\"\"><\/div><div class=\"wpforms-submit-container\" ><input type=\"hidden\" name=\"wpforms[id]\" value=\"23172\"><input type=\"hidden\" name=\"page_title\" value=\"\"><input type=\"hidden\" name=\"page_url\" value=\"https:\/\/360amsterdamtours.com\/pt-br\/wp-json\/wp\/v2\/pages\/22865\"><input type=\"hidden\" name=\"url_referer\" value=\"\"><button type=\"submit\" name=\"wpforms[submit]\" id=\"wpforms-submit-23172\" class=\"wpforms-submit\" data-alt-text=\"Enviando...\" data-submit-text=\"ENVIAR\" aria-live=\"assertive\" value=\"wpforms-submit\">ENVIAR<\/button><img decoding=\"async\" src=\"https:\/\/360amsterdamtours.com\/wp-content\/plugins\/wpforms-lite\/assets\/images\/submit-spin.svg\" class=\"wpforms-submit-spinner\" style=\"display: none;\" width=\"26\" height=\"26\" alt=\"Carregando\"><\/div><\/form><\/div>  <!-- .wpforms-container -->\n\t\t\t\t<\/div>\n\t\t\t<\/div>\n","protected":false},"author":1,"featured_media":0,"parent":0,"menu_order":0,"comment_status":"closed","ping_status":"closed","template":"","meta":{"_et_pb_use_builder":"on","_et_pb_old_content":"","_et_gb_content_width":"","footnotes":""},"dipi_cpt_category":[],"class_list":["post-22865","page","type-page","status-publish","hentry"],"yoast_head":"<!-- This site is optimized with the Yoast SEO plugin v27.4 - https:\/\/yoast.com\/product\/yoast-seo-wordpress\/ -->\n<title>Contacto - 360 Amsterdam Tours<\/title>\n<meta name=\"description\" content=\"Se tiver alguma d\u00favida, por favor contacte-nos via e-mail. Gostar\u00edamos muito de ouvir a sua opini\u00e3o!\" \/>\n<meta name=\"robots\" content=\"index, follow, max-snippet:-1, max-image-preview:large, max-video-preview:-1\" \/>\n<link rel=\"canonical\" href=\"https:\/\/360amsterdamtours.com\/pt-br\/contacto\/\" \/>\n<meta property=\"og:locale\" content=\"pt_BR\" \/>\n<meta property=\"og:type\" content=\"article\" \/>\n<meta property=\"og:title\" content=\"Contacto - 360 Amsterdam Tours\" \/>\n<meta property=\"og:description\" content=\"Se tiver alguma d\u00favida, por favor contacte-nos via e-mail. Gostar\u00edamos muito de ouvir a sua opini\u00e3o!\" \/>\n<meta property=\"og:url\" content=\"https:\/\/360amsterdamtours.com\/pt-br\/contacto\/\" \/>\n<meta property=\"og:site_name\" content=\"360 Amsterdam Tours\" \/>\n<meta property=\"article:publisher\" content=\"https:\/\/www.facebook.com\/360amsterdam\/\" \/>\n<meta property=\"article:modified_time\" content=\"2023-11-27T10:18:48+00:00\" \/>\n<meta name=\"twitter:card\" content=\"summary_large_image\" \/>\n<meta name=\"twitter:label1\" content=\"Est. tempo de leitura\" \/>\n\t<meta name=\"twitter:data1\" content=\"1 minuto\" \/>\n<script type=\"application\/ld+json\" class=\"yoast-schema-graph\">{\"@context\":\"https:\\\/\\\/schema.org\",\"@graph\":[{\"@type\":\"WebPage\",\"@id\":\"https:\\\/\\\/360amsterdamtours.com\\\/pt-br\\\/contacto\\\/\",\"url\":\"https:\\\/\\\/360amsterdamtours.com\\\/pt-br\\\/contacto\\\/\",\"name\":\"Contacto - 360 Amsterdam Tours\",\"isPartOf\":{\"@id\":\"https:\\\/\\\/360amsterdamtours.com\\\/pt-br\\\/#website\"},\"datePublished\":\"2022-12-19T11:39:10+00:00\",\"dateModified\":\"2023-11-27T10:18:48+00:00\",\"description\":\"Se tiver alguma d\u00favida, por favor contacte-nos via e-mail. Gostar\u00edamos muito de ouvir a sua opini\u00e3o!\",\"breadcrumb\":{\"@id\":\"https:\\\/\\\/360amsterdamtours.com\\\/pt-br\\\/contacto\\\/#breadcrumb\"},\"inLanguage\":\"pt-BR\",\"potentialAction\":[{\"@type\":\"ReadAction\",\"target\":[\"https:\\\/\\\/360amsterdamtours.com\\\/pt-br\\\/contacto\\\/\"]}]},{\"@type\":\"BreadcrumbList\",\"@id\":\"https:\\\/\\\/360amsterdamtours.com\\\/pt-br\\\/contacto\\\/#breadcrumb\",\"itemListElement\":[{\"@type\":\"ListItem\",\"position\":1,\"name\":\"Home\",\"item\":\"https:\\\/\\\/360amsterdamtours.com\\\/pt-br\\\/\"},{\"@type\":\"ListItem\",\"position\":2,\"name\":\"Contacto\"}]},{\"@type\":\"WebSite\",\"@id\":\"https:\\\/\\\/360amsterdamtours.com\\\/pt-br\\\/#website\",\"url\":\"https:\\\/\\\/360amsterdamtours.com\\\/pt-br\\\/\",\"name\":\"360 Amsterdam Tours\",\"description\":\"Anne Frank Tours|Historical City Walks|Food Tours|Rijksmuseum Tours\",\"publisher\":{\"@id\":\"https:\\\/\\\/360amsterdamtours.com\\\/pt-br\\\/#organization\"},\"potentialAction\":[{\"@type\":\"SearchAction\",\"target\":{\"@type\":\"EntryPoint\",\"urlTemplate\":\"https:\\\/\\\/360amsterdamtours.com\\\/pt-br\\\/?s={search_term_string}\"},\"query-input\":{\"@type\":\"PropertyValueSpecification\",\"valueRequired\":true,\"valueName\":\"search_term_string\"}}],\"inLanguage\":\"pt-BR\"},{\"@type\":\"Organization\",\"@id\":\"https:\\\/\\\/360amsterdamtours.com\\\/pt-br\\\/#organization\",\"name\":\"360 Amsterdam Tours\",\"url\":\"https:\\\/\\\/360amsterdamtours.com\\\/pt-br\\\/\",\"logo\":{\"@type\":\"ImageObject\",\"inLanguage\":\"pt-BR\",\"@id\":\"https:\\\/\\\/360amsterdamtours.com\\\/pt-br\\\/#\\\/schema\\\/logo\\\/image\\\/\",\"url\":\"https:\\\/\\\/360amsterdamtours.com\\\/wp-content\\\/uploads\\\/2019\\\/06\\\/Logo-badge-1.png\",\"contentUrl\":\"https:\\\/\\\/360amsterdamtours.com\\\/wp-content\\\/uploads\\\/2019\\\/06\\\/Logo-badge-1.png\",\"width\":250,\"height\":250,\"caption\":\"360 Amsterdam Tours\"},\"image\":{\"@id\":\"https:\\\/\\\/360amsterdamtours.com\\\/pt-br\\\/#\\\/schema\\\/logo\\\/image\\\/\"},\"sameAs\":[\"https:\\\/\\\/www.facebook.com\\\/360amsterdam\\\/\",\"https:\\\/\\\/www.instagram.com\\\/360amsterdam\\\/\",\"https:\\\/\\\/www.youtube.com\\\/channel\\\/UC9Tbu7nV9dABbc1W-vwPmhg\"]}]}<\/script>\n<!-- \/ Yoast SEO plugin. -->","yoast_head_json":{"title":"Contacto - 360 Amsterdam Tours","description":"Se tiver alguma d\u00favida, por favor contacte-nos via e-mail. Gostar\u00edamos muito de ouvir a sua opini\u00e3o!","robots":{"index":"index","follow":"follow","max-snippet":"max-snippet:-1","max-image-preview":"max-image-preview:large","max-video-preview":"max-video-preview:-1"},"canonical":"https:\/\/360amsterdamtours.com\/pt-br\/contacto\/","og_locale":"pt_BR","og_type":"article","og_title":"Contacto - 360 Amsterdam Tours","og_description":"Se tiver alguma d\u00favida, por favor contacte-nos via e-mail. Gostar\u00edamos muito de ouvir a sua opini\u00e3o!","og_url":"https:\/\/360amsterdamtours.com\/pt-br\/contacto\/","og_site_name":"360 Amsterdam Tours","article_publisher":"https:\/\/www.facebook.com\/360amsterdam\/","article_modified_time":"2023-11-27T10:18:48+00:00","twitter_card":"summary_large_image","twitter_misc":{"Est. tempo de leitura":"1 minuto"},"schema":{"@context":"https:\/\/schema.org","@graph":[{"@type":"WebPage","@id":"https:\/\/360amsterdamtours.com\/pt-br\/contacto\/","url":"https:\/\/360amsterdamtours.com\/pt-br\/contacto\/","name":"Contacto - 360 Amsterdam Tours","isPartOf":{"@id":"https:\/\/360amsterdamtours.com\/pt-br\/#website"},"datePublished":"2022-12-19T11:39:10+00:00","dateModified":"2023-11-27T10:18:48+00:00","description":"Se tiver alguma d\u00favida, por favor contacte-nos via e-mail. Gostar\u00edamos muito de ouvir a sua opini\u00e3o!","breadcrumb":{"@id":"https:\/\/360amsterdamtours.com\/pt-br\/contacto\/#breadcrumb"},"inLanguage":"pt-BR","potentialAction":[{"@type":"ReadAction","target":["https:\/\/360amsterdamtours.com\/pt-br\/contacto\/"]}]},{"@type":"BreadcrumbList","@id":"https:\/\/360amsterdamtours.com\/pt-br\/contacto\/#breadcrumb","itemListElement":[{"@type":"ListItem","position":1,"name":"Home","item":"https:\/\/360amsterdamtours.com\/pt-br\/"},{"@type":"ListItem","position":2,"name":"Contacto"}]},{"@type":"WebSite","@id":"https:\/\/360amsterdamtours.com\/pt-br\/#website","url":"https:\/\/360amsterdamtours.com\/pt-br\/","name":"360 Amsterdam Tours","description":"Anne Frank Tours|Historical City Walks|Food Tours|Rijksmuseum Tours","publisher":{"@id":"https:\/\/360amsterdamtours.com\/pt-br\/#organization"},"potentialAction":[{"@type":"SearchAction","target":{"@type":"EntryPoint","urlTemplate":"https:\/\/360amsterdamtours.com\/pt-br\/?s={search_term_string}"},"query-input":{"@type":"PropertyValueSpecification","valueRequired":true,"valueName":"search_term_string"}}],"inLanguage":"pt-BR"},{"@type":"Organization","@id":"https:\/\/360amsterdamtours.com\/pt-br\/#organization","name":"360 Amsterdam Tours","url":"https:\/\/360amsterdamtours.com\/pt-br\/","logo":{"@type":"ImageObject","inLanguage":"pt-BR","@id":"https:\/\/360amsterdamtours.com\/pt-br\/#\/schema\/logo\/image\/","url":"https:\/\/360amsterdamtours.com\/wp-content\/uploads\/2019\/06\/Logo-badge-1.png","contentUrl":"https:\/\/360amsterdamtours.com\/wp-content\/uploads\/2019\/06\/Logo-badge-1.png","width":250,"height":250,"caption":"360 Amsterdam Tours"},"image":{"@id":"https:\/\/360amsterdamtours.com\/pt-br\/#\/schema\/logo\/image\/"},"sameAs":["https:\/\/www.facebook.com\/360amsterdam\/","https:\/\/www.instagram.com\/360amsterdam\/","https:\/\/www.youtube.com\/channel\/UC9Tbu7nV9dABbc1W-vwPmhg"]}]}},"_links":{"self":[{"href":"https:\/\/360amsterdamtours.com\/pt-br\/wp-json\/wp\/v2\/pages\/22865","targetHints":{"allow":["GET"]}}],"collection":[{"href":"https:\/\/360amsterdamtours.com\/pt-br\/wp-json\/wp\/v2\/pages"}],"about":[{"href":"https:\/\/360amsterdamtours.com\/pt-br\/wp-json\/wp\/v2\/types\/page"}],"author":[{"embeddable":true,"href":"https:\/\/360amsterdamtours.com\/pt-br\/wp-json\/wp\/v2\/users\/1"}],"replies":[{"embeddable":true,"href":"https:\/\/360amsterdamtours.com\/pt-br\/wp-json\/wp\/v2\/comments?post=22865"}],"version-history":[{"count":1,"href":"https:\/\/360amsterdamtours.com\/pt-br\/wp-json\/wp\/v2\/pages\/22865\/revisions"}],"predecessor-version":[{"id":28439,"href":"https:\/\/360amsterdamtours.com\/pt-br\/wp-json\/wp\/v2\/pages\/22865\/revisions\/28439"}],"wp:attachment":[{"href":"https:\/\/360amsterdamtours.com\/pt-br\/wp-json\/wp\/v2\/media?parent=22865"}],"wp:term":[{"taxonomy":"dipi_cpt_category","embeddable":true,"href":"https:\/\/360amsterdamtours.com\/pt-br\/wp-json\/wp\/v2\/dipi_cpt_category?post=22865"}],"curies":[{"name":"wp","href":"https:\/\/api.w.org\/{rel}","templated":true}]}}