{"id":6502,"date":"2020-01-08T09:20:49","date_gmt":"2020-01-08T09:20:49","guid":{"rendered":"https:\/\/360amsterdamtours.com\/amsterdam\/"},"modified":"2020-08-05T10:29:17","modified_gmt":"2020-08-05T10:29:17","slug":"amsterdam","status":"publish","type":"page","link":"https:\/\/360amsterdamtours.com\/fr\/amsterdam\/","title":{"rendered":"D\u00e9couvrir"},"content":{"rendered":"<p>[et_pb_section fb_built=\u00a0\u00bb1&Prime; disabled_on=\u00a0\u00bbon|off|off\u00a0\u00bb admin_label=\u00a0\u00bbHeader Desktop\u00a0\u00bb _builder_version=\u00a0\u00bb3.29.3&Prime; background_image=\u00a0\u00bbhttps:\/\/360amsterdamtours.com\/wp-content\/uploads\/2019\/10\/Amsterdam-cover.jpg\u00a0\u00bb][et_pb_row _builder_version=\u00a0\u00bb3.29.3&Prime; custom_padding=\u00a0\u00bb150px||150px||true|\u00a0\u00bb][et_pb_column type=\u00a0\u00bb4_4&Prime; _builder_version=\u00a0\u00bb3.25&Prime; custom_padding=\u00a0\u00bb|||\u00a0\u00bb custom_padding__hover=\u00a0\u00bb|||\u00a0\u00bb][et_pb_text _builder_version=\u00a0\u00bb3.29.3&Prime;]<\/p>\n<h1 style=\"text-align: center\"><span style=\"color: #ffffff\">Amsterdam<\/span><\/h1>\n<p>[\/et_pb_text][\/et_pb_column][\/et_pb_row][\/et_pb_section][et_pb_section fb_built=\u00a0\u00bb1&Prime; disabled_on=\u00a0\u00bboff|on|on\u00a0\u00bb admin_label=\u00a0\u00bbHeader Mobile\u00a0\u00bb _builder_version=\u00a0\u00bb3.29.3&Prime; background_image=\u00a0\u00bbhttps:\/\/360amsterdamtours.com\/wp-content\/uploads\/2019\/10\/Amsterdam-Mobile.jpg\u00a0\u00bb custom_padding=\u00a0\u00bb|8px||||\u00a0\u00bb][et_pb_row _builder_version=\u00a0\u00bb3.25&Prime; custom_padding=\u00a0\u00bb150px||150px||true|\u00a0\u00bb][et_pb_column type=\u00a0\u00bb4_4&Prime; _builder_version=\u00a0\u00bb3.25&Prime; custom_padding=\u00a0\u00bb|||\u00a0\u00bb custom_padding__hover=\u00a0\u00bb|||\u00a0\u00bb][et_pb_text _builder_version=\u00a0\u00bb3.29.3&Prime; text_font=\u00a0\u00bb||||||||\u00a0\u00bb text_text_color=\u00a0\u00bb#FFFFFF\u00a0\u00bb header_font=\u00a0\u00bb||||||||\u00a0\u00bb header_text_align=\u00a0\u00bbcenter\u00a0\u00bb header_text_color=\u00a0\u00bb#FFFFFF\u00a0\u00bb text_orientation=\u00a0\u00bbcenter\u00a0\u00bb text_text_align=\u00a0\u00bbcenter\u00a0\u00bb]<\/p>\n<h1>Amsterdam<\/h1>\n<p>[\/et_pb_text][\/et_pb_column][\/et_pb_row][\/et_pb_section][et_pb_section fb_built=\u00a0\u00bb1&Prime; _builder_version=\u00a0\u00bb3.26.5&Prime; custom_padding=\u00a0\u00bb17px|||||\u00a0\u00bb z_index_tablet=\u00a0\u00bb500&Prime; box_shadow_horizontal_tablet=\u00a0\u00bb0px\u00a0\u00bb box_shadow_vertical_tablet=\u00a0\u00bb0px\u00a0\u00bb box_shadow_blur_tablet=\u00a0\u00bb40px\u00a0\u00bb box_shadow_spread_tablet=\u00a0\u00bb0px\u00a0\u00bb][et_pb_row _builder_version=\u00a0\u00bb3.29.3&Prime; custom_margin=\u00a0\u00bb26px|auto||auto||\u00a0\u00bb custom_padding=\u00a0\u00bb||0px|||\u00a0\u00bb][et_pb_column type=\u00a0\u00bb4_4&Prime; _builder_version=\u00a0\u00bb3.29.3&Prime;][et_pb_divider _builder_version=\u00a0\u00bb3.29.3&Prime; custom_margin=\u00a0\u00bb||11px|||\u00a0\u00bb custom_padding=\u00a0\u00bb||0px|||\u00a0\u00bb][\/et_pb_divider][\/et_pb_column][\/et_pb_row][et_pb_row column_structure=\u00a0\u00bb1_2,1_2&Prime; _builder_version=\u00a0\u00bb3.29.3&Prime; custom_margin=\u00a0\u00bb-5px|auto||auto||\u00a0\u00bb][et_pb_column type=\u00a0\u00bb1_2&Prime; _builder_version=\u00a0\u00bb3.29.3&Prime;][et_pb_text _builder_version=\u00a0\u00bb4.2.2&Prime; background_image=\u00a0\u00bbhttps:\/\/360amsterdamtours.com\/wp-content\/uploads\/2019\/08\/Blogs-page-mobile.jpg\u00a0\u00bb custom_padding=\u00a0\u00bb100px||100px||false|false\u00a0\u00bb link_option_url=\u00a0\u00bbhttps:\/\/360amsterdamtours.com\/fr\/blogs\/\u00a0\u00bb]<\/p>\n<h1 style=\"text-align: center\"><span style=\"color: #ffffff\">Blogs<\/span><\/h1>\n<p>[\/et_pb_text][\/et_pb_column][et_pb_column type=\u00a0\u00bb1_2&Prime; _builder_version=\u00a0\u00bb3.29.3&Prime;][et_pb_text _builder_version=\u00a0\u00bb4.5.1&Prime; background_image=\u00a0\u00bbhttps:\/\/360amsterdamtours.com\/wp-content\/uploads\/2019\/10\/Attractions-mobile-1.jpg\u00a0\u00bb text_orientation=\u00a0\u00bbcenter\u00a0\u00bb custom_padding=\u00a0\u00bb100px||100px||false|false\u00a0\u00bb link_option_url=\u00a0\u00bbhttps:\/\/360amsterdamtours.com\/fr\/attractions\/\u00a0\u00bb]<\/p>\n<h1 style=\"text-align: center\"><span style=\"color: #ffffff\">Sites<\/span><\/h1>\n<p>[\/et_pb_text][\/et_pb_column][\/et_pb_row][et_pb_row _builder_version=\u00a0\u00bb3.29.3&Prime; min_height=\u00a0\u00bb80px\u00a0\u00bb][et_pb_column type=\u00a0\u00bb4_4&Prime; _builder_version=\u00a0\u00bb3.29.3&Prime;][et_pb_divider _builder_version=\u00a0\u00bb3.29.3&Prime;][\/et_pb_divider][\/et_pb_column][\/et_pb_row][\/et_pb_section][et_pb_section fb_built=\u00a0\u00bb1&Prime; _builder_version=\u00a0\u00bb4.1&Prime; custom_padding=\u00a0\u00bb0px||30px||false\u00a0\u00bb global_module=\u00a0\u00bb8220&Prime; saved_tabs=\u00a0\u00bball\u00a0\u00bb][et_pb_row _builder_version=\u00a0\u00bb4.5.1&Prime; custom_padding=\u00a0\u00bb0px||0px||true\u00a0\u00bb][et_pb_column type=\u00a0\u00bb4_4&Prime; _builder_version=\u00a0\u00bb3.25&Prime; custom_padding=\u00a0\u00bb|||\u00a0\u00bb custom_padding__hover=\u00a0\u00bb|||\u00a0\u00bb][dica_divi_carousel item_width_auto=\u00a0\u00bbon\u00a0\u00bb item_width=\u00a0\u00bb320px\u00a0\u00bb transition_duration=\u00a0\u00bb1000&Prime; autoplay=\u00a0\u00bbon\u00a0\u00bb hoverpause=\u00a0\u00bbon\u00a0\u00bb arrow_nav=\u00a0\u00bbon\u00a0\u00bb advanced_effect=\u00a0\u00bb1&Prime; arrow_nav_color=\u00a0\u00bb#FB8844&Prime; arrow_position=\u00a0\u00bbon\u00a0\u00bb _builder_version=\u00a0\u00bb4.5.1&Prime;][dica_divi_carouselitem title=\u00a0\u00bbTour \u00e0 v\u00e9lo sur le th\u00e8me d&rsquo;Anne Frank\u00a0\u00bb url=\u00a0\u00bbhttps:\/\/360amsterdamtours.com\/fr\/tour-a-velo-sur-le-theme-danne-frank\/\u00a0\u00bb button_url_new_window=\u00a0\u00bb1&Prime; image=\u00a0\u00bbhttps:\/\/360amsterdamtours.com\/wp-content\/uploads\/2020\/07\/Bicycle-tour-homepage.png\u00a0\u00bb image_padding=\u00a0\u00bb0px|0|0|0&Prime; content_padding=\u00a0\u00bb10px|9px|0px|9px||true\u00a0\u00bb _builder_version=\u00a0\u00bb4.5.1&Prime; link_option_url=\u00a0\u00bbhttps:\/\/360amsterdamtours.com\/anna-frank-bike-tour\/\u00a0\u00bb box_shadow_style=\u00a0\u00bbpreset1&Prime; box_shadow_color=\u00a0\u00bbrgba(0,0,0,0.05)\u00a0\u00bb][\/dica_divi_carouselitem][dica_divi_carouselitem title=\u00a0\u00bbVisite Historique de la Ville\u00a0\u00bb url=\u00a0\u00bbhttps:\/\/360amsterdamtours.com\/fr\/visite-historique-de-la-ville\/\u00a0\u00bb button_url_new_window=\u00a0\u00bb1&Prime; image=\u00a0\u00bbhttps:\/\/360amsterdamtours.com\/wp-content\/uploads\/2019\/11\/Historic-City-walk-carrousel.jpg\u00a0\u00bb image_padding=\u00a0\u00bb0px|0|0|0&Prime; content_padding=\u00a0\u00bb10px|9px|0px|9px||true\u00a0\u00bb _builder_version=\u00a0\u00bb4.5.1&Prime; link_option_url=\u00a0\u00bbhttps:\/\/360amsterdamtours.com\/fr\/visite-historique-de-la-ville\/\u00a0\u00bb box_shadow_style=\u00a0\u00bbpreset1&Prime; box_shadow_color=\u00a0\u00bbrgba(0,0,0,0.05)\u00a0\u00bb][\/dica_divi_carouselitem][dica_divi_carouselitem title=\u00a0\u00bbSept p\u00e9ch\u00e9s d\u2019Amsterdam\u00a0\u00bb url=\u00a0\u00bbhttps:\/\/360amsterdamtours.com\/fr\/les-sept-peches-amsterdam\/\u00a0\u00bb button_url_new_window=\u00a0\u00bb1&Prime; image=\u00a0\u00bbhttps:\/\/360amsterdamtours.com\/wp-content\/uploads\/2020\/07\/Homepage-3.png\u00a0\u00bb image_padding=\u00a0\u00bb0px|0|0|0&Prime; content_padding=\u00a0\u00bb10px|9px|0px|9px|false|true\u00a0\u00bb _builder_version=\u00a0\u00bb4.5.1&Prime; link_option_url=\u00a0\u00bbhttps:\/\/360amsterdamtours.com\/fr\/les-sept-peches-amsterdam\/\u00a0\u00bb box_shadow_style=\u00a0\u00bbpreset1&Prime; box_shadow_color=\u00a0\u00bbrgba(0,0,0,0.05)\u00a0\u00bb][\/dica_divi_carouselitem][dica_divi_carouselitem title=\u00a0\u00bbVisite \u00e1 pied d&rsquo;Anne Frank et du Quartier Juif\u00a0\u00bb url=\u00a0\u00bbhttps:\/\/360amsterdamtours.com\/fr\/visite-guidee-de-la-vie-danne-frank\/\u00a0\u00bb button_url_new_window=\u00a0\u00bb1&Prime; image=\u00a0\u00bbhttps:\/\/360amsterdamtours.com\/wp-content\/uploads\/2019\/06\/Tumbnail-Anne-Frank-Walking-tour-1.jpg\u00a0\u00bb content_padding=\u00a0\u00bb10px|9px|0|9px|false|true\u00a0\u00bb _builder_version=\u00a0\u00bb4.5.1&Prime; box_shadow_style=\u00a0\u00bbpreset1&Prime; box_shadow_color=\u00a0\u00bbrgba(0,0,0,0.05)\u00a0\u00bb][\/dica_divi_carouselitem][dica_divi_carouselitem title=\u00a0\u00bbVisite guid\u00e9e du Rijksmuseum\u00a0\u00bb url=\u00a0\u00bbhttps:\/\/360amsterdamtours.com\/fr\/visite-guidee-du-rijksmuseum\/\u00a0\u00bb button_url_new_window=\u00a0\u00bb1&Prime; image=\u00a0\u00bbhttps:\/\/360amsterdamtours.com\/wp-content\/uploads\/2019\/10\/Rijksmuseum-Tour-Thumnail.jpg\u00a0\u00bb content_padding=\u00a0\u00bb10px|9px|0px|9px|false|false\u00a0\u00bb _builder_version=\u00a0\u00bb4.5.1&Prime;][\/dica_divi_carouselitem][dica_divi_carouselitem title=\u00a0\u00bbCroisi\u00e8re en bateau du canal d&rsquo;Amsterdam\u00a0\u00bb url=\u00a0\u00bbhttps:\/\/360amsterdamtours.com\/fr\/croisiere-en-bateau-du-canal-amsterdam\/\u00a0\u00bb button_url_new_window=\u00a0\u00bb1&Prime; image=\u00a0\u00bbhttps:\/\/360amsterdamtours.com\/wp-content\/uploads\/2020\/01\/Boat-Cruise-carrousel.jpg\u00a0\u00bb content_padding=\u00a0\u00bb10px|9px|0px|9px|false|false\u00a0\u00bb _builder_version=\u00a0\u00bb4.5.1&Prime;][\/dica_divi_carouselitem][\/dica_divi_carousel][et_pb_button button_url=\u00a0\u00bbhttps:\/\/360amsterdamtours.com\/#tours\u00a0\u00bb button_text=\u00a0\u00bbVoir touts les tours\u00a0\u00bb button_alignment=\u00a0\u00bbcenter\u00a0\u00bb _builder_version=\u00a0\u00bb3.24&Prime; custom_button=\u00a0\u00bbon\u00a0\u00bb button_text_color=\u00a0\u00bb#ffffff\u00a0\u00bb button_letter_spacing=\u00a0\u00bb0px\u00a0\u00bb button_font=\u00a0\u00bb|||on|||||\u00a0\u00bb button_use_icon=\u00a0\u00bboff\u00a0\u00bb background_layout=\u00a0\u00bbdark\u00a0\u00bb custom_padding=\u00a0\u00bb|35px||35px||true\u00a0\u00bb][\/et_pb_button][\/et_pb_column][\/et_pb_row][\/et_pb_section]<\/p>\n","protected":false},"excerpt":{"rendered":"<p>AmsterdamAmsterdamBlogsSites<div class=\"et_pb_module dica_divi_carousel dica_divi_carousel_0\">\n\t\t\t\t\n\t\t\t\t\n\t\t\t\t\n\t\t\t\t\n\t\t\t\t\n\t\t\t\t\n\t\t\t\t<div class=\"et_pb_module_inner\">\n\t\t\t\t\t<div class=\"dica-container  desktop_middle-inside tablet_middle-inside mobile_middle-inside\" data-props='{\"desktop\":\"4\",\"tablet\":\"3\",\"mobile\":\"1\",\"speed\":\"1000\",\"arrow\":\"on\",\"dots\":\"off\",\"autoplay\":\"on\",\"autoSpeed\":\"1000\",\"loop\":\"off\",\"item_spacing\":\"30\",\"center_mode\":\"off\",\"slider_effec\":\"1\",\"cover_rotate\":\"50\",\"pause_onhover\":\"on\",\"multislide\":\"off\",\"cfshadow\":\"on\",\"order\":\"0\",\"lazyload\":\"off\",\"lazybefore\":\"off\",\"scroller_effect\":\"off\",\"autowidth\":\"on\",\"item_spacing_tablet\":\"30\",\"item_spacing_phone\":\"30\",\"scroller_speed\":\"4000\",\"hashNavigation\":\"off\",\"simulatetouch\":\"off\",\"allowtouchmove\":\"off\",\"slide_row\":\"1\",\"slide_row_tablet\":\"1\",\"slide_row_phone\":\"1\",\"keyboard\":\"off\",\"mousewheel\":\"off\",\"autoplay_viewport\":\"80%\"}'>\n\t\t\t\t\t\t\t \t<div class=\"swiper-container\" >\n\t\t\t\t\t\t\t\t\t<div class=\"swiper-wrapper\"><\/div>\t\n\t\t\t\t\t\t\t\t<\/div>\t\n\t\t\t\t\t\t\t\t<div class=\"swiper-buttton-container\"><div class=\"swiper-button-prev dica-prev-btn-0\" data-icon=\"4\"><\/div><div class=\"swiper-button-next dica-next-btn-0\" data-icon=\"5\"><\/div><\/div>\n\t\t\t\t\t\t\t\t\t\t\t\t\t\t\n\t\t\t\t\t\t\t<\/div>\n\t\t\t\t<\/div>\n\t\t\t<\/div><div class=\"et_pb_module dica_divi_carouselitem dica_divi_carouselitem_0 et_clickable\">\n\t\t\t\t\n\t\t\t\t\n\t\t\t\t\n\t\t\t\t\n\t\t\t\t\n\t\t\t\t\n\t\t\t\t<div class=\"et_pb_module_inner\">\n\t\t\t\t\t <div class=\"dica-item image_top\" data-link=\"https:\/\/360amsterdamtours.com\/anna-frank-bike-tour\/\"  data-hash=\"dica_divi_carouselitem_0\">\n\t\t\t\t\t\t\t\t\t<div class=\"dica-image-container\"><a class=\"image\" href=\"https:\/\/360amsterdamtours.com\/fr\/tour-a-velo-sur-le-theme-danne-frank\/\"><img decoding=\"async\" src=\"https:\/\/360amsterdamtours.com\/wp-content\/uploads\/2020\/07\/Bicycle-tour-homepage.png\" srcset=\"https:\/\/360amsterdamtours.com\/wp-content\/uploads\/2020\/07\/Bicycle-tour-homepage.png 647w, https:\/\/360amsterdamtours.com\/wp-content\/uploads\/2020\/07\/Bicycle-tour-homepage-480x240.png 480w\" alt=\"\" class=\"dica-item-image\" width=\"647\" height=\"323\"\/><\/a><\/div>\n\t\t\t\t\t\t\t\t\t<div class=\"dica-item-content\"><h4 class=\"item-title\"><a href=\"https:\/\/360amsterdamtours.com\/fr\/tour-a-velo-sur-le-theme-danne-frank\/\">Tour \u00e0 v\u00e9lo sur le th\u00e8me d&#039;Anne Frank<\/a><\/h4>        <\/div>\n\t\t\t\t\t\t\t<\/div>\n\t\t\t\t<\/div>\n\t\t\t<\/div><div class=\"et_pb_module dica_divi_carouselitem dica_divi_carouselitem_1 et_clickable\">\n\t\t\t\t\n\t\t\t\t\n\t\t\t\t\n\t\t\t\t\n\t\t\t\t\n\t\t\t\t\n\t\t\t\t<div class=\"et_pb_module_inner\">\n\t\t\t\t\t <div class=\"dica-item image_top\" data-link=\"https:\/\/360amsterdamtours.com\/fr\/visite-historique-de-la-ville\/\"  data-hash=\"dica_divi_carouselitem_1\">\n\t\t\t\t\t\t\t\t\t<div class=\"dica-image-container\"><a class=\"image\" href=\"https:\/\/360amsterdamtours.com\/fr\/visite-historique-de-la-ville\/\"><img decoding=\"async\" src=\"https:\/\/360amsterdamtours.com\/wp-content\/uploads\/2019\/11\/Historic-City-walk-carrousel.jpg\" srcset=\"https:\/\/360amsterdamtours.com\/wp-content\/uploads\/2019\/11\/Historic-City-walk-carrousel.jpg 647w, https:\/\/360amsterdamtours.com\/wp-content\/uploads\/2019\/11\/Historic-City-walk-carrousel-480x240.jpg 480w\" alt=\"\" class=\"dica-item-image\" width=\"647\" height=\"323\"\/><\/a><\/div>\n\t\t\t\t\t\t\t\t\t<div class=\"dica-item-content\"><h4 class=\"item-title\"><a href=\"https:\/\/360amsterdamtours.com\/fr\/visite-historique-de-la-ville\/\">Visite Historique de la Ville<\/a><\/h4>        <\/div>\n\t\t\t\t\t\t\t<\/div>\n\t\t\t\t<\/div>\n\t\t\t<\/div><div class=\"et_pb_module dica_divi_carouselitem dica_divi_carouselitem_2 et_clickable\">\n\t\t\t\t\n\t\t\t\t\n\t\t\t\t\n\t\t\t\t\n\t\t\t\t\n\t\t\t\t\n\t\t\t\t<div class=\"et_pb_module_inner\">\n\t\t\t\t\t <div class=\"dica-item image_top\" data-link=\"https:\/\/360amsterdamtours.com\/fr\/les-sept-peches-amsterdam\/\"  data-hash=\"dica_divi_carouselitem_2\">\n\t\t\t\t\t\t\t\t\t<div class=\"dica-image-container\"><a class=\"image\" href=\"https:\/\/360amsterdamtours.com\/fr\/les-sept-peches-amsterdam\/\"><img decoding=\"async\" src=\"https:\/\/360amsterdamtours.com\/wp-content\/uploads\/2020\/07\/Homepage-3.png\" srcset=\"https:\/\/360amsterdamtours.com\/wp-content\/uploads\/2020\/07\/Homepage-3.png 647w, https:\/\/360amsterdamtours.com\/wp-content\/uploads\/2020\/07\/Homepage-3-480x240.png 480w\" alt=\"\" class=\"dica-item-image\" width=\"647\" height=\"323\"\/><\/a><\/div>\n\t\t\t\t\t\t\t\t\t<div class=\"dica-item-content\"><h4 class=\"item-title\"><a href=\"https:\/\/360amsterdamtours.com\/fr\/les-sept-peches-amsterdam\/\">Sept p\u00e9ch\u00e9s d\u2019Amsterdam<\/a><\/h4>        <\/div>\n\t\t\t\t\t\t\t<\/div>\n\t\t\t\t<\/div>\n\t\t\t<\/div><div class=\"et_pb_module dica_divi_carouselitem dica_divi_carouselitem_3\">\n\t\t\t\t\n\t\t\t\t\n\t\t\t\t\n\t\t\t\t\n\t\t\t\t\n\t\t\t\t\n\t\t\t\t<div class=\"et_pb_module_inner\">\n\t\t\t\t\t <div class=\"dica-item image_top\"   data-hash=\"dica_divi_carouselitem_3\">\n\t\t\t\t\t\t\t\t\t\n\t\t\t\t\t\t\t\t\t<div class=\"dica-item-content\"><h4 class=\"item-title\">\u00bbVisite<\/h4>        <\/div>\n\t\t\t\t\t\t\t<\/div>\n\t\t\t\t<\/div>\n\t\t\t<\/div><\/p>\n","protected":false},"author":1,"featured_media":0,"parent":0,"menu_order":0,"comment_status":"closed","ping_status":"closed","template":"","meta":{"_et_pb_use_builder":"on","_et_pb_old_content":"","_et_gb_content_width":"","footnotes":""},"dipi_cpt_category":[],"class_list":["post-6502","page","type-page","status-publish","hentry"],"yoast_head":"<!-- This site is optimized with the Yoast SEO plugin v27.4 - https:\/\/yoast.com\/product\/yoast-seo-wordpress\/ -->\n<title>D\u00e9couvrir - 360 Amsterdam Tours<\/title>\n<meta name=\"robots\" content=\"index, follow, max-snippet:-1, max-image-preview:large, max-video-preview:-1\" \/>\n<link rel=\"canonical\" href=\"https:\/\/360amsterdamtours.com\/fr\/amsterdam\/\" \/>\n<meta property=\"og:locale\" content=\"fr_FR\" \/>\n<meta property=\"og:type\" content=\"article\" \/>\n<meta property=\"og:title\" content=\"D\u00e9couvrir - 360 Amsterdam Tours\" \/>\n<meta property=\"og:description\" content=\"AmsterdamAmsterdamBlogsSites\" \/>\n<meta property=\"og:url\" content=\"https:\/\/360amsterdamtours.com\/fr\/amsterdam\/\" \/>\n<meta property=\"og:site_name\" content=\"360 Amsterdam Tours\" \/>\n<meta property=\"article:publisher\" content=\"https:\/\/www.facebook.com\/360amsterdam\/\" \/>\n<meta property=\"article:modified_time\" content=\"2020-08-05T10:29:17+00:00\" \/>\n<meta name=\"twitter:card\" content=\"summary_large_image\" \/>\n<meta name=\"twitter:label1\" content=\"Dur\u00e9e de lecture estim\u00e9e\" \/>\n\t<meta name=\"twitter:data1\" content=\"4 minutes\" \/>\n<script type=\"application\/ld+json\" class=\"yoast-schema-graph\">{\"@context\":\"https:\\\/\\\/schema.org\",\"@graph\":[{\"@type\":\"WebPage\",\"@id\":\"https:\\\/\\\/360amsterdamtours.com\\\/fr\\\/amsterdam\\\/\",\"url\":\"https:\\\/\\\/360amsterdamtours.com\\\/fr\\\/amsterdam\\\/\",\"name\":\"D\u00e9couvrir - 360 Amsterdam Tours\",\"isPartOf\":{\"@id\":\"https:\\\/\\\/360amsterdamtours.com\\\/fr\\\/#website\"},\"datePublished\":\"2020-01-08T09:20:49+00:00\",\"dateModified\":\"2020-08-05T10:29:17+00:00\",\"breadcrumb\":{\"@id\":\"https:\\\/\\\/360amsterdamtours.com\\\/fr\\\/amsterdam\\\/#breadcrumb\"},\"inLanguage\":\"fr-FR\",\"potentialAction\":[{\"@type\":\"ReadAction\",\"target\":[\"https:\\\/\\\/360amsterdamtours.com\\\/fr\\\/amsterdam\\\/\"]}]},{\"@type\":\"BreadcrumbList\",\"@id\":\"https:\\\/\\\/360amsterdamtours.com\\\/fr\\\/amsterdam\\\/#breadcrumb\",\"itemListElement\":[{\"@type\":\"ListItem\",\"position\":1,\"name\":\"Home\",\"item\":\"https:\\\/\\\/360amsterdamtours.com\\\/fr\\\/\"},{\"@type\":\"ListItem\",\"position\":2,\"name\":\"D\u00e9couvrir\"}]},{\"@type\":\"WebSite\",\"@id\":\"https:\\\/\\\/360amsterdamtours.com\\\/fr\\\/#website\",\"url\":\"https:\\\/\\\/360amsterdamtours.com\\\/fr\\\/\",\"name\":\"360 Amsterdam Tours\",\"description\":\"Anne Frank Tours|Historical City Walks|Food Tours|Rijksmuseum Tours\",\"publisher\":{\"@id\":\"https:\\\/\\\/360amsterdamtours.com\\\/fr\\\/#organization\"},\"potentialAction\":[{\"@type\":\"SearchAction\",\"target\":{\"@type\":\"EntryPoint\",\"urlTemplate\":\"https:\\\/\\\/360amsterdamtours.com\\\/fr\\\/?s={search_term_string}\"},\"query-input\":{\"@type\":\"PropertyValueSpecification\",\"valueRequired\":true,\"valueName\":\"search_term_string\"}}],\"inLanguage\":\"fr-FR\"},{\"@type\":\"Organization\",\"@id\":\"https:\\\/\\\/360amsterdamtours.com\\\/fr\\\/#organization\",\"name\":\"360 Amsterdam Tours\",\"url\":\"https:\\\/\\\/360amsterdamtours.com\\\/fr\\\/\",\"logo\":{\"@type\":\"ImageObject\",\"inLanguage\":\"fr-FR\",\"@id\":\"https:\\\/\\\/360amsterdamtours.com\\\/fr\\\/#\\\/schema\\\/logo\\\/image\\\/\",\"url\":\"https:\\\/\\\/360amsterdamtours.com\\\/wp-content\\\/uploads\\\/2019\\\/06\\\/Logo-badge-1.png\",\"contentUrl\":\"https:\\\/\\\/360amsterdamtours.com\\\/wp-content\\\/uploads\\\/2019\\\/06\\\/Logo-badge-1.png\",\"width\":250,\"height\":250,\"caption\":\"360 Amsterdam Tours\"},\"image\":{\"@id\":\"https:\\\/\\\/360amsterdamtours.com\\\/fr\\\/#\\\/schema\\\/logo\\\/image\\\/\"},\"sameAs\":[\"https:\\\/\\\/www.facebook.com\\\/360amsterdam\\\/\",\"https:\\\/\\\/www.instagram.com\\\/360amsterdam\\\/\",\"https:\\\/\\\/www.youtube.com\\\/channel\\\/UC9Tbu7nV9dABbc1W-vwPmhg\"]}]}<\/script>\n<!-- \/ Yoast SEO plugin. -->","yoast_head_json":{"title":"D\u00e9couvrir - 360 Amsterdam Tours","robots":{"index":"index","follow":"follow","max-snippet":"max-snippet:-1","max-image-preview":"max-image-preview:large","max-video-preview":"max-video-preview:-1"},"canonical":"https:\/\/360amsterdamtours.com\/fr\/amsterdam\/","og_locale":"fr_FR","og_type":"article","og_title":"D\u00e9couvrir - 360 Amsterdam Tours","og_description":"AmsterdamAmsterdamBlogsSites","og_url":"https:\/\/360amsterdamtours.com\/fr\/amsterdam\/","og_site_name":"360 Amsterdam Tours","article_publisher":"https:\/\/www.facebook.com\/360amsterdam\/","article_modified_time":"2020-08-05T10:29:17+00:00","twitter_card":"summary_large_image","twitter_misc":{"Dur\u00e9e de lecture estim\u00e9e":"4 minutes"},"schema":{"@context":"https:\/\/schema.org","@graph":[{"@type":"WebPage","@id":"https:\/\/360amsterdamtours.com\/fr\/amsterdam\/","url":"https:\/\/360amsterdamtours.com\/fr\/amsterdam\/","name":"D\u00e9couvrir - 360 Amsterdam Tours","isPartOf":{"@id":"https:\/\/360amsterdamtours.com\/fr\/#website"},"datePublished":"2020-01-08T09:20:49+00:00","dateModified":"2020-08-05T10:29:17+00:00","breadcrumb":{"@id":"https:\/\/360amsterdamtours.com\/fr\/amsterdam\/#breadcrumb"},"inLanguage":"fr-FR","potentialAction":[{"@type":"ReadAction","target":["https:\/\/360amsterdamtours.com\/fr\/amsterdam\/"]}]},{"@type":"BreadcrumbList","@id":"https:\/\/360amsterdamtours.com\/fr\/amsterdam\/#breadcrumb","itemListElement":[{"@type":"ListItem","position":1,"name":"Home","item":"https:\/\/360amsterdamtours.com\/fr\/"},{"@type":"ListItem","position":2,"name":"D\u00e9couvrir"}]},{"@type":"WebSite","@id":"https:\/\/360amsterdamtours.com\/fr\/#website","url":"https:\/\/360amsterdamtours.com\/fr\/","name":"360 Amsterdam Tours","description":"Anne Frank Tours|Historical City Walks|Food Tours|Rijksmuseum Tours","publisher":{"@id":"https:\/\/360amsterdamtours.com\/fr\/#organization"},"potentialAction":[{"@type":"SearchAction","target":{"@type":"EntryPoint","urlTemplate":"https:\/\/360amsterdamtours.com\/fr\/?s={search_term_string}"},"query-input":{"@type":"PropertyValueSpecification","valueRequired":true,"valueName":"search_term_string"}}],"inLanguage":"fr-FR"},{"@type":"Organization","@id":"https:\/\/360amsterdamtours.com\/fr\/#organization","name":"360 Amsterdam Tours","url":"https:\/\/360amsterdamtours.com\/fr\/","logo":{"@type":"ImageObject","inLanguage":"fr-FR","@id":"https:\/\/360amsterdamtours.com\/fr\/#\/schema\/logo\/image\/","url":"https:\/\/360amsterdamtours.com\/wp-content\/uploads\/2019\/06\/Logo-badge-1.png","contentUrl":"https:\/\/360amsterdamtours.com\/wp-content\/uploads\/2019\/06\/Logo-badge-1.png","width":250,"height":250,"caption":"360 Amsterdam Tours"},"image":{"@id":"https:\/\/360amsterdamtours.com\/fr\/#\/schema\/logo\/image\/"},"sameAs":["https:\/\/www.facebook.com\/360amsterdam\/","https:\/\/www.instagram.com\/360amsterdam\/","https:\/\/www.youtube.com\/channel\/UC9Tbu7nV9dABbc1W-vwPmhg"]}]}},"_links":{"self":[{"href":"https:\/\/360amsterdamtours.com\/fr\/wp-json\/wp\/v2\/pages\/6502","targetHints":{"allow":["GET"]}}],"collection":[{"href":"https:\/\/360amsterdamtours.com\/fr\/wp-json\/wp\/v2\/pages"}],"about":[{"href":"https:\/\/360amsterdamtours.com\/fr\/wp-json\/wp\/v2\/types\/page"}],"author":[{"embeddable":true,"href":"https:\/\/360amsterdamtours.com\/fr\/wp-json\/wp\/v2\/users\/1"}],"replies":[{"embeddable":true,"href":"https:\/\/360amsterdamtours.com\/fr\/wp-json\/wp\/v2\/comments?post=6502"}],"version-history":[{"count":14,"href":"https:\/\/360amsterdamtours.com\/fr\/wp-json\/wp\/v2\/pages\/6502\/revisions"}],"predecessor-version":[{"id":10937,"href":"https:\/\/360amsterdamtours.com\/fr\/wp-json\/wp\/v2\/pages\/6502\/revisions\/10937"}],"wp:attachment":[{"href":"https:\/\/360amsterdamtours.com\/fr\/wp-json\/wp\/v2\/media?parent=6502"}],"wp:term":[{"taxonomy":"dipi_cpt_category","embeddable":true,"href":"https:\/\/360amsterdamtours.com\/fr\/wp-json\/wp\/v2\/dipi_cpt_category?post=6502"}],"curies":[{"name":"wp","href":"https:\/\/api.w.org\/{rel}","templated":true}]}}