{"id":1930,"date":"2019-06-27T08:48:56","date_gmt":"2019-06-27T08:48:56","guid":{"rendered":"http:\/\/360amsterdamtours.com\/jobs\/"},"modified":"2025-08-27T12:20:37","modified_gmt":"2025-08-27T10:20:37","slug":"jobs","status":"publish","type":"page","link":"https:\/\/360amsterdamtours.com\/fr\/jobs\/","title":{"rendered":"Emplois"},"content":{"rendered":"<p>[et_pb_section fb_built=\u00a0\u00bb1&Prime; disabled_on=\u00a0\u00bbon|off|off\u00a0\u00bb _builder_version=\u00a0\u00bb4.18.0&Prime; background_image=\u00a0\u00bbhttps:\/\/360amsterdamtours.com\/wp-content\/uploads\/2022\/09\/Expat-bike-tour-desktop.jpg\u00a0\u00bb global_colors_info=\u00a0\u00bb{}\u00a0\u00bb][et_pb_row _builder_version=\u00a0\u00bb4.16&Prime; custom_padding=\u00a0\u00bb150px||150px||true|\u00a0\u00bb global_colors_info=\u00a0\u00bb{}\u00a0\u00bb][et_pb_column type=\u00a0\u00bb4_4&Prime; _builder_version=\u00a0\u00bb4.16&Prime; custom_padding=\u00a0\u00bb|||\u00a0\u00bb global_colors_info=\u00a0\u00bb{}\u00a0\u00bb custom_padding__hover=\u00a0\u00bb|||\u00a0\u00bb][et_pb_text _builder_version=\u00a0\u00bb4.18.0&Prime; text_font=\u00a0\u00bb||||||||\u00a0\u00bb text_text_color=\u00a0\u00bb#FFFFFF\u00a0\u00bb header_font=\u00a0\u00bb||||||||\u00a0\u00bb header_text_align=\u00a0\u00bbcenter\u00a0\u00bb header_text_color=\u00a0\u00bb#FFFFFF\u00a0\u00bb text_orientation=\u00a0\u00bbcenter\u00a0\u00bb text_text_align=\u00a0\u00bbcenter\u00a0\u00bb global_colors_info=\u00a0\u00bb{}\u00a0\u00bb]<\/p>\n<h1>Emplois<\/h1>\n<p>[\/et_pb_text][\/et_pb_column][\/et_pb_row][\/et_pb_section][et_pb_section fb_built=\u00a0\u00bb1&Prime; disabled_on=\u00a0\u00bboff|on|on\u00a0\u00bb _builder_version=\u00a0\u00bb4.18.0&Prime; background_image=\u00a0\u00bbhttps:\/\/360amsterdamtours.com\/wp-content\/uploads\/2022\/09\/Expat-bike-tour-mobile.jpg\u00a0\u00bb global_colors_info=\u00a0\u00bb{}\u00a0\u00bb][et_pb_row _builder_version=\u00a0\u00bb4.16&Prime; custom_padding=\u00a0\u00bb150px||150px||true|\u00a0\u00bb global_colors_info=\u00a0\u00bb{}\u00a0\u00bb][et_pb_column type=\u00a0\u00bb4_4&Prime; _builder_version=\u00a0\u00bb4.16&Prime; custom_padding=\u00a0\u00bb|||\u00a0\u00bb global_colors_info=\u00a0\u00bb{}\u00a0\u00bb custom_padding__hover=\u00a0\u00bb|||\u00a0\u00bb][et_pb_text _builder_version=\u00a0\u00bb4.16&Prime; text_font=\u00a0\u00bb||||||||\u00a0\u00bb text_text_color=\u00a0\u00bb#FFFFFF\u00a0\u00bb header_font=\u00a0\u00bb||||||||\u00a0\u00bb header_text_align=\u00a0\u00bbcenter\u00a0\u00bb header_text_color=\u00a0\u00bb#FFFFFF\u00a0\u00bb text_orientation=\u00a0\u00bbcenter\u00a0\u00bb text_text_align=\u00a0\u00bbcenter\u00a0\u00bb global_colors_info=\u00a0\u00bb{}\u00a0\u00bb]<\/p>\n<h1>Emplois<\/h1>\n<p>[\/et_pb_text][\/et_pb_column][\/et_pb_row][\/et_pb_section][et_pb_section fb_built=\u00a0\u00bb1&Prime; _builder_version=\u00a0\u00bb4.16&Prime; global_colors_info=\u00a0\u00bb{}\u00a0\u00bb][et_pb_row _builder_version=\u00a0\u00bb4.16&Prime; _module_preset=\u00a0\u00bbdefault\u00a0\u00bb global_colors_info=\u00a0\u00bb{}\u00a0\u00bb][et_pb_column type=\u00a0\u00bb4_4&Prime; _builder_version=\u00a0\u00bb4.16&Prime; _module_preset=\u00a0\u00bbdefault\u00a0\u00bb global_colors_info=\u00a0\u00bb{}\u00a0\u00bb][et_pb_text _builder_version=\u00a0\u00bb4.22.0&Prime; _module_preset=\u00a0\u00bbdefault\u00a0\u00bb custom_padding=\u00a0\u00bb||0px|||\u00a0\u00bb saved_tabs=\u00a0\u00bball\u00a0\u00bb global_colors_info=\u00a0\u00bb{}\u00a0\u00bb]<\/p>\n<h5 class=\"title-heading-left\"><span style=\"color: #ff6600;\">Guide<\/span><\/h5>\n<p>Etre un guide touristique avec 360 Amsterdam Tours signifie que vous arrivez \u00e0 travailler \u00e0 l&rsquo;ext\u00e9rieur, guider les visiteurs autour et partager vos connaissances sur l&rsquo;histoire et la culture avec des gens qui appr\u00e9cient leur s\u00e9jour votre ville!<\/p>\n<p>Nous recherchons des guides touristiques parlant anglais, allemand, espagnol ou fran\u00e7ais :<\/p>\n<ul>\n<li>Vivre \u00e0 Amsterdam.<\/li>\n<li>Parler l&rsquo;anglais, l&rsquo;allemand, l&rsquo;espagnol ou le fran\u00e7ais comme s&rsquo;il s&rsquo;agissait d&rsquo;une langue maternelle.<\/li>\n<li>Aimer travailler en plein air et \u00eatre en contact avec les gens.<\/li>\n<li>N&rsquo;ont pas peur de parler en public.<\/li>\n<li>Avoir une affinit\u00e9 et un int\u00e9r\u00eat pour l&rsquo;histoire et la culture d&rsquo;Amsterdam<\/li>\n<li>Est pr\u00eat \u00e0 d\u00e9couvrir et \u00e0 r\u00e9v\u00e9ler tous les sites et les secrets qu&rsquo;Amsterdam a \u00e0 offrir.<\/li>\n<li>J&rsquo;aimerais travailler moins d&rsquo;heures pour le m\u00eame salaire qu&rsquo;un emploi \u00e0 temps plein.<\/li>\n<li>J&rsquo;ai h\u00e2te de faire partie de cette dynamique et merveilleuse \u00e9quipe de guides touristiques !<\/li>\n<\/ul>\n<p>Vous reconnaissez-vous dans la description de poste ci-dessus ? N&rsquo;attendez pas pour postuler \u00e0 ce poste. Nous vous fournirons une formation avant que vous ne commenciez.<\/p>\n<p><strong>Travailler avec nous <\/strong><\/p>\n<p>Salaire : 30,00 \u20ac &#8211; 45,00 \u20ac par heure (freelance)<\/p>\n<p>Vous devez \u00eatre citoyen de l&rsquo;UE ou avoir un permis de travail valide.<\/p>\n<p>Une fois que vous \u00eates embauch\u00e9, nous exigeons que vous vous inscrivez en tant qu&rsquo;entreprise avec KvK <a href=\"https:\/\/www.kvk.nl\/english\/\">https:\/\/www.kvk.nl\/english\/<\/a> afin que vous puissiez nous facturer au d\u00e9but de chaque mois pour le paiement.<\/p>\n<p>Par-dessus tout, pensez-vous que vous avez le dynamisme et la passion de r\u00e9ussir?<\/p>\n<p>Si vous souhaitez devenir guide touristique chez 360 Amsterdam Tours, veuillez envoyer votre CV et votre lettre de motivation \u00e0 <a href=\"mailto:support@360amsterdamtours.com\">support@360amsterdamtours.com<\/a>.<\/p>\n<p><span style=\"font-weight: 400;\">Savez-vous que vous pouvez faire votre stage au bureau de 3<\/span><span style=\"font-weight: 400;\">au bureau de 3<\/span><span style=\"font-weight: 400;\">60 visites d&rsquo;Amsterdam ? Pour plus d&rsquo;informations, cliquez <a href=\"https:\/\/360amsterdamtours.com\/fr\/stages\/\">ici<\/a><\/span><\/p>\n<p><span style=\"font-weight: 400;\"><\/span><\/p>\n<p>[\/et_pb_text][\/et_pb_column][\/et_pb_row][\/et_pb_section][et_pb_section fb_built=\u00a0\u00bb1&Prime; _builder_version=\u00a0\u00bb4.16&Prime; custom_padding=\u00a0\u00bb0px||30px||false\u00a0\u00bb saved_tabs=\u00a0\u00bball\u00a0\u00bb global_colors_info=\u00a0\u00bb{}\u00a0\u00bb][et_pb_row _builder_version=\u00a0\u00bb4.16&Prime; custom_padding=\u00a0\u00bb0px||0px||true\u00a0\u00bb global_colors_info=\u00a0\u00bb{}\u00a0\u00bb][et_pb_column type=\u00a0\u00bb4_4&Prime; _builder_version=\u00a0\u00bb4.16&Prime; custom_padding=\u00a0\u00bb|||\u00a0\u00bb global_colors_info=\u00a0\u00bb{}\u00a0\u00bb custom_padding__hover=\u00a0\u00bb|||\u00a0\u00bb][dica_divi_carousel item_width_auto=\u00a0\u00bbon\u00a0\u00bb item_width=\u00a0\u00bb320px\u00a0\u00bb transition_duration=\u00a0\u00bb1000&Prime; autoplay=\u00a0\u00bbon\u00a0\u00bb hoverpause=\u00a0\u00bbon\u00a0\u00bb arrow_nav=\u00a0\u00bbon\u00a0\u00bb advanced_effect=\u00a0\u00bb1&Prime; arrow_nav_color=\u00a0\u00bb#FB8844&Prime; overlay_color_field_bgcolor=\u00a0\u00bbrgba(255,255,255,0.85)\u00a0\u00bb arrow_position=\u00a0\u00bbon\u00a0\u00bb _builder_version=\u00a0\u00bb4.22.0&Prime; global_colors_info=\u00a0\u00bb{}\u00a0\u00bb][dica_divi_carouselitem title=\u00a0\u00bbTour \u00e0 v\u00e9lo sur le th\u00e8me d&rsquo;Anne Frank\u00a0\u00bb url=\u00a0\u00bbhttps:\/\/360amsterdamtours.com\/anne-frank-bike-tour\/\u00a0\u00bb button_url_new_window=\u00a0\u00bb1&Prime; image=\u00a0\u00bbhttps:\/\/360amsterdamtours.com\/wp-content\/uploads\/2021\/06\/AF-Bike-Tour-carousel.jpg\u00a0\u00bb image_padding=\u00a0\u00bb0px|0|0|0&Prime; content_padding=\u00a0\u00bb10px|9px|0px|9px||true\u00a0\u00bb _builder_version=\u00a0\u00bb4.17.6&Prime; link_option_url=\u00a0\u00bbhttps:\/\/360amsterdamtours.com\/anna-frank-bike-tour\/\u00a0\u00bb box_shadow_style=\u00a0\u00bbpreset1&Prime; box_shadow_color=\u00a0\u00bbrgba(0,0,0,0.05)\u00a0\u00bb global_colors_info=\u00a0\u00bb{}\u00a0\u00bb][\/dica_divi_carouselitem][dica_divi_carouselitem title=\u00a0\u00bbVisite Historique de la Ville\u00a0\u00bb url=\u00a0\u00bbhttps:\/\/360amsterdamtours.com\/secrets-of-historical-amsterdam\/\u00a0\u00bb button_url_new_window=\u00a0\u00bb1&Prime; image=\u00a0\u00bbhttps:\/\/360amsterdamtours.com\/wp-content\/uploads\/2019\/11\/Historic-City-walk-carrousel.jpg\u00a0\u00bb image_padding=\u00a0\u00bb0px|0|0|0&Prime; content_padding=\u00a0\u00bb10px|9px|0px|9px||true\u00a0\u00bb _builder_version=\u00a0\u00bb4.16&Prime; link_option_url=\u00a0\u00bbhttps:\/\/360amsterdamtours.com\/secrets-of-historical-amsterdam\/\u00a0\u00bb box_shadow_style=\u00a0\u00bbpreset1&Prime; box_shadow_color=\u00a0\u00bbrgba(0,0,0,0.05)\u00a0\u00bb global_colors_info=\u00a0\u00bb{}\u00a0\u00bb][\/dica_divi_carouselitem][dica_divi_carouselitem title=\u00a0\u00bbVisite \u00e1 pied d&rsquo;Anne Frank et du Quartier Juif\u00a0\u00bb url=\u00a0\u00bbhttps:\/\/360amsterdamtours.com\/anne-frank-walking-tour\/\u00a0\u00bb button_url_new_window=\u00a0\u00bb1&Prime; image=\u00a0\u00bbhttps:\/\/360amsterdamtours.com\/wp-content\/uploads\/2021\/06\/foto-anne-frank-tour.jpg\u00a0\u00bb content_padding=\u00a0\u00bb10px|9px|0|9px|false|true\u00a0\u00bb _builder_version=\u00a0\u00bb4.17.6&Prime; box_shadow_style=\u00a0\u00bbpreset1&Prime; box_shadow_color=\u00a0\u00bbrgba(0,0,0,0.05)\u00a0\u00bb global_colors_info=\u00a0\u00bb{}\u00a0\u00bb][\/dica_divi_carouselitem][dica_divi_carouselitem title=\u00a0\u00bbVisite guid\u00e9e du Rijksmuseum\u00a0\u00bb url=\u00a0\u00bbhttps:\/\/360amsterdamtours.com\/rijksmuseum-guided-tour-plus-skip-the-line-museum-ticket\/\u00a0\u00bb button_url_new_window=\u00a0\u00bb1&Prime; image=\u00a0\u00bbhttps:\/\/360amsterdamtours.com\/wp-content\/uploads\/2022\/07\/Rijksmuseum-carousel.jpg\u00a0\u00bb content_padding=\u00a0\u00bb10px|9px|0px|9px|false|false\u00a0\u00bb _builder_version=\u00a0\u00bb4.17.6&Prime; global_colors_info=\u00a0\u00bb{}\u00a0\u00bb][\/dica_divi_carouselitem][dica_divi_carouselitem title=\u00a0\u00bbSept p\u00e9ch\u00e9s d\u2019Amsterdam\u00a0\u00bb url=\u00a0\u00bbhttps:\/\/360amsterdamtours.com\/seven-sins-of-amsterdam-tour\/%20&Prime; button_url_new_window=\u00a0\u00bb1&Prime; image=\u00a0\u00bbhttps:\/\/360amsterdamtours.com\/wp-content\/uploads\/2020\/07\/Homepage-3.png\u00a0\u00bb image_padding=\u00a0\u00bb0px|0|0|0&Prime; content_padding=\u00a0\u00bb10px|9px|0px|9px|false|true\u00a0\u00bb _builder_version=\u00a0\u00bb4.16&Prime; link_option_url=\u00a0\u00bbhttps:\/\/360amsterdamtours.com\/seven-sins-of-amsterdam-tour\/  \u00a0\u00bb box_shadow_style=\u00a0\u00bbpreset1&Prime; box_shadow_color=\u00a0\u00bbrgba(0,0,0,0.05)\u00a0\u00bb global_colors_info=\u00a0\u00bb{}\u00a0\u00bb][\/dica_divi_carouselitem][dica_divi_carouselitem title=\u00a0\u00bbVisite Amstagram et exp\u00e9rience Moco\u00a0\u00bb url=\u00a0\u00bbhttps:\/\/360amsterdamtours.com\/amstagram-tour-and-moco-experience\/\u00a0\u00bb button_url_new_window=\u00a0\u00bb1&Prime; image=\u00a0\u00bbhttps:\/\/360amsterdamtours.com\/wp-content\/uploads\/2020\/08\/Instagram-pic-homepage.png\u00a0\u00bb content_padding=\u00a0\u00bb10px|9px|0|9px|false|true\u00a0\u00bb _builder_version=\u00a0\u00bb4.16&Prime; box_shadow_style=\u00a0\u00bbpreset1&Prime; box_shadow_color=\u00a0\u00bbrgba(0,0,0,0.05)\u00a0\u00bb global_colors_info=\u00a0\u00bb{}\u00a0\u00bb][\/dica_divi_carouselitem][dica_divi_carouselitem title=\u00a0\u00bbJeu pour adultes\u00a0\u00bb url=\u00a0\u00bbhttps:\/\/360amsterdamtours.com\/adult-tour-through-the-red-light-district\/\u00a0\u00bb button_url_new_window=\u00a0\u00bb1&Prime; image=\u00a0\u00bbhttps:\/\/360amsterdamtours.com\/wp-content\/uploads\/2022\/08\/Adult-Game-carousel-thumbnail.jpg\u00a0\u00bb content_padding=\u00a0\u00bb10px|9px|0|9px|false|true\u00a0\u00bb _builder_version=\u00a0\u00bb4.18.0&Prime; box_shadow_style=\u00a0\u00bbpreset1&Prime; box_shadow_color=\u00a0\u00bbrgba(0,0,0,0.05)\u00a0\u00bb global_colors_info=\u00a0\u00bb{}\u00a0\u00bb][\/dica_divi_carouselitem][dica_divi_carouselitem title=\u00a0\u00bb3. Visite du Quartier Rouge d&rsquo;Amsterdam\u00a0\u00bb url=\u00a0\u00bbhttps:\/\/360amsterdamtours.com\/tour-de-bonton-red-light-district-tour\/\u00a0\u00bb button_url_new_window=\u00a0\u00bb1&Prime; image=\u00a0\u00bbhttps:\/\/360amsterdamtours.com\/wp-content\/uploads\/2020\/08\/pic-homepage.png\u00a0\u00bb content_padding=\u00a0\u00bb10px|9px|0px|9px|false|false\u00a0\u00bb _builder_version=\u00a0\u00bb4.17.6&Prime; global_colors_info=\u00a0\u00bb{}\u00a0\u00bb][\/dica_divi_carouselitem][dica_divi_carouselitem title=\u00a0\u00bbCroisi\u00e8re en bateau du canal d&rsquo;Amsterdam\u00a0\u00bb url=\u00a0\u00bbhttps:\/\/360amsterdamtours.com\/amsterdam-canal-boat-cruise\/\u00a0\u00bb button_url_new_window=\u00a0\u00bb1&Prime; image=\u00a0\u00bbhttps:\/\/360amsterdamtours.com\/wp-content\/uploads\/2020\/01\/Boat-Cruise-carrousel.jpg\u00a0\u00bb content_padding=\u00a0\u00bb10px|9px|0px|9px|false|false\u00a0\u00bb _builder_version=\u00a0\u00bb4.16&Prime; global_colors_info=\u00a0\u00bb{}\u00a0\u00bb][\/dica_divi_carouselitem][\/dica_divi_carousel][et_pb_button button_url=\u00a0\u00bbhttps:\/\/360amsterdamtours.com\/#tours\u00a0\u00bb button_text=\u00a0\u00bbsee all tours\u00a0\u00bb button_alignment=\u00a0\u00bbcenter\u00a0\u00bb _builder_version=\u00a0\u00bb4.16&Prime; custom_button=\u00a0\u00bbon\u00a0\u00bb button_text_color=\u00a0\u00bb#ffffff\u00a0\u00bb button_letter_spacing=\u00a0\u00bb0px\u00a0\u00bb button_font=\u00a0\u00bb|||on|||||\u00a0\u00bb button_use_icon=\u00a0\u00bboff\u00a0\u00bb background_layout=\u00a0\u00bbdark\u00a0\u00bb custom_padding=\u00a0\u00bb|35px||35px||true\u00a0\u00bb global_colors_info=\u00a0\u00bb{}\u00a0\u00bb][\/et_pb_button][\/et_pb_column][\/et_pb_row][\/et_pb_section]<\/p>\n","protected":false},"excerpt":{"rendered":"<p>EmploisEmploisGuide Etre un guide touristique avec 360 Amsterdam Tours signifie que vous arrivez \u00e0 travailler \u00e0 l&rsquo;ext\u00e9rieur, guider les visiteurs autour et partager vos connaissances sur l&rsquo;histoire et la culture avec des gens qui appr\u00e9cient leur s\u00e9jour votre ville! Nous recherchons des guides touristiques parlant anglais, allemand, espagnol ou fran\u00e7ais : Vivre \u00e0 Amsterdam. Parler [&hellip;]<\/p>\n","protected":false},"author":1,"featured_media":0,"parent":0,"menu_order":0,"comment_status":"closed","ping_status":"closed","template":"","meta":{"_et_pb_use_builder":"on","_et_pb_old_content":"","_et_gb_content_width":"","footnotes":""},"dipi_cpt_category":[],"class_list":["post-1930","page","type-page","status-publish","hentry"],"yoast_head":"<!-- This site is optimized with the Yoast SEO plugin v27.4 - https:\/\/yoast.com\/product\/yoast-seo-wordpress\/ -->\n<title>Emplois - 360 Amsterdam Tours<\/title>\n<meta name=\"description\" content=\"Si vous \u00eates passionn\u00e9 par Amsterdam, vous avez atterri au bon endroit. Nous sommes toujours \u00e0 la recherche de guides touristiques talentueux pour montrer aux visiteurs cette ville \u00e9tonnante.\" \/>\n<meta name=\"robots\" content=\"index, follow, max-snippet:-1, max-image-preview:large, max-video-preview:-1\" \/>\n<link rel=\"canonical\" href=\"https:\/\/360amsterdamtours.com\/fr\/jobs\/\" \/>\n<meta property=\"og:locale\" content=\"fr_FR\" \/>\n<meta property=\"og:type\" content=\"article\" \/>\n<meta property=\"og:title\" content=\"Emplois - 360 Amsterdam Tours\" \/>\n<meta property=\"og:description\" content=\"Si vous \u00eates passionn\u00e9 par Amsterdam, vous avez atterri au bon endroit. Nous sommes toujours \u00e0 la recherche de guides touristiques talentueux pour montrer aux visiteurs cette ville \u00e9tonnante.\" \/>\n<meta property=\"og:url\" content=\"https:\/\/360amsterdamtours.com\/fr\/jobs\/\" \/>\n<meta property=\"og:site_name\" content=\"360 Amsterdam Tours\" \/>\n<meta property=\"article:publisher\" content=\"https:\/\/www.facebook.com\/360amsterdam\/\" \/>\n<meta property=\"article:modified_time\" content=\"2025-08-27T10:20:37+00:00\" \/>\n<meta name=\"twitter:card\" content=\"summary_large_image\" \/>\n<meta name=\"twitter:label1\" content=\"Dur\u00e9e de lecture estim\u00e9e\" \/>\n\t<meta name=\"twitter:data1\" content=\"6 minutes\" \/>\n<script type=\"application\/ld+json\" class=\"yoast-schema-graph\">{\"@context\":\"https:\\\/\\\/schema.org\",\"@graph\":[{\"@type\":\"WebPage\",\"@id\":\"https:\\\/\\\/360amsterdamtours.com\\\/fr\\\/jobs\\\/\",\"url\":\"https:\\\/\\\/360amsterdamtours.com\\\/fr\\\/jobs\\\/\",\"name\":\"Emplois - 360 Amsterdam Tours\",\"isPartOf\":{\"@id\":\"https:\\\/\\\/360amsterdamtours.com\\\/fr\\\/#website\"},\"datePublished\":\"2019-06-27T08:48:56+00:00\",\"dateModified\":\"2025-08-27T10:20:37+00:00\",\"description\":\"Si vous \u00eates passionn\u00e9 par Amsterdam, vous avez atterri au bon endroit. Nous sommes toujours \u00e0 la recherche de guides touristiques talentueux pour montrer aux visiteurs cette ville \u00e9tonnante.\",\"breadcrumb\":{\"@id\":\"https:\\\/\\\/360amsterdamtours.com\\\/fr\\\/jobs\\\/#breadcrumb\"},\"inLanguage\":\"fr-FR\",\"potentialAction\":[{\"@type\":\"ReadAction\",\"target\":[\"https:\\\/\\\/360amsterdamtours.com\\\/fr\\\/jobs\\\/\"]}]},{\"@type\":\"BreadcrumbList\",\"@id\":\"https:\\\/\\\/360amsterdamtours.com\\\/fr\\\/jobs\\\/#breadcrumb\",\"itemListElement\":[{\"@type\":\"ListItem\",\"position\":1,\"name\":\"Home\",\"item\":\"https:\\\/\\\/360amsterdamtours.com\\\/fr\\\/\"},{\"@type\":\"ListItem\",\"position\":2,\"name\":\"Emplois\"}]},{\"@type\":\"WebSite\",\"@id\":\"https:\\\/\\\/360amsterdamtours.com\\\/fr\\\/#website\",\"url\":\"https:\\\/\\\/360amsterdamtours.com\\\/fr\\\/\",\"name\":\"360 Amsterdam Tours\",\"description\":\"Anne Frank Tours|Historical City Walks|Food Tours|Rijksmuseum Tours\",\"publisher\":{\"@id\":\"https:\\\/\\\/360amsterdamtours.com\\\/fr\\\/#organization\"},\"potentialAction\":[{\"@type\":\"SearchAction\",\"target\":{\"@type\":\"EntryPoint\",\"urlTemplate\":\"https:\\\/\\\/360amsterdamtours.com\\\/fr\\\/?s={search_term_string}\"},\"query-input\":{\"@type\":\"PropertyValueSpecification\",\"valueRequired\":true,\"valueName\":\"search_term_string\"}}],\"inLanguage\":\"fr-FR\"},{\"@type\":\"Organization\",\"@id\":\"https:\\\/\\\/360amsterdamtours.com\\\/fr\\\/#organization\",\"name\":\"360 Amsterdam Tours\",\"url\":\"https:\\\/\\\/360amsterdamtours.com\\\/fr\\\/\",\"logo\":{\"@type\":\"ImageObject\",\"inLanguage\":\"fr-FR\",\"@id\":\"https:\\\/\\\/360amsterdamtours.com\\\/fr\\\/#\\\/schema\\\/logo\\\/image\\\/\",\"url\":\"https:\\\/\\\/360amsterdamtours.com\\\/wp-content\\\/uploads\\\/2019\\\/06\\\/Logo-badge-1.png\",\"contentUrl\":\"https:\\\/\\\/360amsterdamtours.com\\\/wp-content\\\/uploads\\\/2019\\\/06\\\/Logo-badge-1.png\",\"width\":250,\"height\":250,\"caption\":\"360 Amsterdam Tours\"},\"image\":{\"@id\":\"https:\\\/\\\/360amsterdamtours.com\\\/fr\\\/#\\\/schema\\\/logo\\\/image\\\/\"},\"sameAs\":[\"https:\\\/\\\/www.facebook.com\\\/360amsterdam\\\/\",\"https:\\\/\\\/www.instagram.com\\\/360amsterdam\\\/\",\"https:\\\/\\\/www.youtube.com\\\/channel\\\/UC9Tbu7nV9dABbc1W-vwPmhg\"]}]}<\/script>\n<!-- \/ Yoast SEO plugin. -->","yoast_head_json":{"title":"Emplois - 360 Amsterdam Tours","description":"Si vous \u00eates passionn\u00e9 par Amsterdam, vous avez atterri au bon endroit. Nous sommes toujours \u00e0 la recherche de guides touristiques talentueux pour montrer aux visiteurs cette ville \u00e9tonnante.","robots":{"index":"index","follow":"follow","max-snippet":"max-snippet:-1","max-image-preview":"max-image-preview:large","max-video-preview":"max-video-preview:-1"},"canonical":"https:\/\/360amsterdamtours.com\/fr\/jobs\/","og_locale":"fr_FR","og_type":"article","og_title":"Emplois - 360 Amsterdam Tours","og_description":"Si vous \u00eates passionn\u00e9 par Amsterdam, vous avez atterri au bon endroit. Nous sommes toujours \u00e0 la recherche de guides touristiques talentueux pour montrer aux visiteurs cette ville \u00e9tonnante.","og_url":"https:\/\/360amsterdamtours.com\/fr\/jobs\/","og_site_name":"360 Amsterdam Tours","article_publisher":"https:\/\/www.facebook.com\/360amsterdam\/","article_modified_time":"2025-08-27T10:20:37+00:00","twitter_card":"summary_large_image","twitter_misc":{"Dur\u00e9e de lecture estim\u00e9e":"6 minutes"},"schema":{"@context":"https:\/\/schema.org","@graph":[{"@type":"WebPage","@id":"https:\/\/360amsterdamtours.com\/fr\/jobs\/","url":"https:\/\/360amsterdamtours.com\/fr\/jobs\/","name":"Emplois - 360 Amsterdam Tours","isPartOf":{"@id":"https:\/\/360amsterdamtours.com\/fr\/#website"},"datePublished":"2019-06-27T08:48:56+00:00","dateModified":"2025-08-27T10:20:37+00:00","description":"Si vous \u00eates passionn\u00e9 par Amsterdam, vous avez atterri au bon endroit. Nous sommes toujours \u00e0 la recherche de guides touristiques talentueux pour montrer aux visiteurs cette ville \u00e9tonnante.","breadcrumb":{"@id":"https:\/\/360amsterdamtours.com\/fr\/jobs\/#breadcrumb"},"inLanguage":"fr-FR","potentialAction":[{"@type":"ReadAction","target":["https:\/\/360amsterdamtours.com\/fr\/jobs\/"]}]},{"@type":"BreadcrumbList","@id":"https:\/\/360amsterdamtours.com\/fr\/jobs\/#breadcrumb","itemListElement":[{"@type":"ListItem","position":1,"name":"Home","item":"https:\/\/360amsterdamtours.com\/fr\/"},{"@type":"ListItem","position":2,"name":"Emplois"}]},{"@type":"WebSite","@id":"https:\/\/360amsterdamtours.com\/fr\/#website","url":"https:\/\/360amsterdamtours.com\/fr\/","name":"360 Amsterdam Tours","description":"Anne Frank Tours|Historical City Walks|Food Tours|Rijksmuseum Tours","publisher":{"@id":"https:\/\/360amsterdamtours.com\/fr\/#organization"},"potentialAction":[{"@type":"SearchAction","target":{"@type":"EntryPoint","urlTemplate":"https:\/\/360amsterdamtours.com\/fr\/?s={search_term_string}"},"query-input":{"@type":"PropertyValueSpecification","valueRequired":true,"valueName":"search_term_string"}}],"inLanguage":"fr-FR"},{"@type":"Organization","@id":"https:\/\/360amsterdamtours.com\/fr\/#organization","name":"360 Amsterdam Tours","url":"https:\/\/360amsterdamtours.com\/fr\/","logo":{"@type":"ImageObject","inLanguage":"fr-FR","@id":"https:\/\/360amsterdamtours.com\/fr\/#\/schema\/logo\/image\/","url":"https:\/\/360amsterdamtours.com\/wp-content\/uploads\/2019\/06\/Logo-badge-1.png","contentUrl":"https:\/\/360amsterdamtours.com\/wp-content\/uploads\/2019\/06\/Logo-badge-1.png","width":250,"height":250,"caption":"360 Amsterdam Tours"},"image":{"@id":"https:\/\/360amsterdamtours.com\/fr\/#\/schema\/logo\/image\/"},"sameAs":["https:\/\/www.facebook.com\/360amsterdam\/","https:\/\/www.instagram.com\/360amsterdam\/","https:\/\/www.youtube.com\/channel\/UC9Tbu7nV9dABbc1W-vwPmhg"]}]}},"_links":{"self":[{"href":"https:\/\/360amsterdamtours.com\/fr\/wp-json\/wp\/v2\/pages\/1930","targetHints":{"allow":["GET"]}}],"collection":[{"href":"https:\/\/360amsterdamtours.com\/fr\/wp-json\/wp\/v2\/pages"}],"about":[{"href":"https:\/\/360amsterdamtours.com\/fr\/wp-json\/wp\/v2\/types\/page"}],"author":[{"embeddable":true,"href":"https:\/\/360amsterdamtours.com\/fr\/wp-json\/wp\/v2\/users\/1"}],"replies":[{"embeddable":true,"href":"https:\/\/360amsterdamtours.com\/fr\/wp-json\/wp\/v2\/comments?post=1930"}],"version-history":[{"count":23,"href":"https:\/\/360amsterdamtours.com\/fr\/wp-json\/wp\/v2\/pages\/1930\/revisions"}],"predecessor-version":[{"id":31377,"href":"https:\/\/360amsterdamtours.com\/fr\/wp-json\/wp\/v2\/pages\/1930\/revisions\/31377"}],"wp:attachment":[{"href":"https:\/\/360amsterdamtours.com\/fr\/wp-json\/wp\/v2\/media?parent=1930"}],"wp:term":[{"taxonomy":"dipi_cpt_category","embeddable":true,"href":"https:\/\/360amsterdamtours.com\/fr\/wp-json\/wp\/v2\/dipi_cpt_category?post=1930"}],"curies":[{"name":"wp","href":"https:\/\/api.w.org\/{rel}","templated":true}]}}