{"id":1920,"date":"2019-06-27T08:47:29","date_gmt":"2019-06-27T08:47:29","guid":{"rendered":"http:\/\/360amsterdamtours.com\/jobs\/"},"modified":"2025-08-27T12:18:08","modified_gmt":"2025-08-27T10:18:08","slug":"jobs","status":"publish","type":"page","link":"https:\/\/360amsterdamtours.com\/es\/jobs\/","title":{"rendered":"Empleo"},"content":{"rendered":"<p>[et_pb_section fb_built=\u00bb1&#8243; disabled_on=\u00bbon|off|off\u00bb _builder_version=\u00bb4.18.0&#8243; background_image=\u00bbhttps:\/\/360amsterdamtours.com\/wp-content\/uploads\/2022\/09\/Expat-bike-tour-desktop.jpg\u00bb global_colors_info=\u00bb{}\u00bb][et_pb_row _builder_version=\u00bb4.16&#8243; custom_padding=\u00bb150px||150px||true|\u00bb global_colors_info=\u00bb{}\u00bb][et_pb_column type=\u00bb4_4&#8243; _builder_version=\u00bb4.16&#8243; custom_padding=\u00bb|||\u00bb global_colors_info=\u00bb{}\u00bb custom_padding__hover=\u00bb|||\u00bb][et_pb_text _builder_version=\u00bb4.18.0&#8243; text_font=\u00bb||||||||\u00bb text_text_color=\u00bb#FFFFFF\u00bb header_font=\u00bb||||||||\u00bb header_text_align=\u00bbcenter\u00bb header_text_color=\u00bb#FFFFFF\u00bb text_orientation=\u00bbcenter\u00bb text_text_align=\u00bbcenter\u00bb global_colors_info=\u00bb{}\u00bb]<\/p>\n<h1>Trabaja con nosotros<\/h1>\n<p>[\/et_pb_text][\/et_pb_column][\/et_pb_row][\/et_pb_section][et_pb_section fb_built=\u00bb1&#8243; disabled_on=\u00bboff|on|on\u00bb _builder_version=\u00bb4.18.0&#8243; background_image=\u00bbhttps:\/\/360amsterdamtours.com\/wp-content\/uploads\/2022\/09\/Expat-bike-tour-mobile.jpg\u00bb global_colors_info=\u00bb{}\u00bb][et_pb_row _builder_version=\u00bb4.16&#8243; custom_padding=\u00bb150px||150px||true|\u00bb global_colors_info=\u00bb{}\u00bb][et_pb_column type=\u00bb4_4&#8243; _builder_version=\u00bb4.16&#8243; custom_padding=\u00bb|||\u00bb global_colors_info=\u00bb{}\u00bb custom_padding__hover=\u00bb|||\u00bb][et_pb_text _builder_version=\u00bb4.16&#8243; text_font=\u00bb||||||||\u00bb text_text_color=\u00bb#FFFFFF\u00bb header_font=\u00bb||||||||\u00bb header_text_align=\u00bbcenter\u00bb header_text_color=\u00bb#FFFFFF\u00bb text_orientation=\u00bbcenter\u00bb text_text_align=\u00bbcenter\u00bb global_colors_info=\u00bb{}\u00bb]<\/p>\n<h1>Trabaja con nosotros<\/h1>\n<p>[\/et_pb_text][\/et_pb_column][\/et_pb_row][\/et_pb_section][et_pb_section fb_built=\u00bb1&#8243; _builder_version=\u00bb4.16&#8243; global_colors_info=\u00bb{}\u00bb][et_pb_row _builder_version=\u00bb4.16&#8243; _module_preset=\u00bbdefault\u00bb global_colors_info=\u00bb{}\u00bb][et_pb_column type=\u00bb4_4&#8243; _builder_version=\u00bb4.16&#8243; _module_preset=\u00bbdefault\u00bb global_colors_info=\u00bb{}\u00bb][et_pb_text _builder_version=\u00bb4.22.0&#8243; _module_preset=\u00bbdefault\u00bb custom_padding=\u00bb||0px|||\u00bb saved_tabs=\u00bball\u00bb global_colors_info=\u00bb{}\u00bb]<\/p>\n<h5 class=\"title-heading-left\"><span style=\"color: #ff6600;\">Gu\u00eda tur\u00edstico<\/span><\/h5>\n<p>Ser un gu\u00eda tur\u00edstico con 360 Amsterdam Tours significa que se llega a trabajar al aire libre, guiando a los visitantes y compartiendo sus conocimientos sobre la historia y la cultura con las personas que est\u00e1n disfrutando de su estancia en su ciudad!<\/p>\n<p>Buscamos gu\u00edas tur\u00edsticos que hablen ingl\u00e9s, alem\u00e1n, espa\u00f1ol o franc\u00e9s:<\/p>\n<ul>\n<li>Vive en \u00c1msterdam.<\/li>\n<li>Habla ingl\u00e9s, alem\u00e1n, espa\u00f1ol o franc\u00e9s a nivel nativo.<\/li>\n<li>Disfruta trabajar al aire libre y estar entre la gente.<\/li>\n<li>No tienen miedo de hablar en p\u00fablico.<\/li>\n<li>Tiene afinidad e inter\u00e9s por la historia y la cultura de \u00c1msterdam<\/li>\n<li>Listo para descubrir y revelar todos los lugares de inter\u00e9s y secretos que \u00c1msterdam tiene que ofrecer.<\/li>\n<li>Quiere trabajar menos horas por el mismo dinero que un trabajo a tiempo completo.<\/li>\n<li>Impaciente por formar parte de este din\u00e1mico y maravilloso equipo de gu\u00edas tur\u00edsticos.<\/li>\n<\/ul>\n<p>\u00bfTe ves reflejado en la descripci\u00f3n del puesto? No espere para solicitar este puesto. Le daremos una formaci\u00f3n antes de empezar.<\/p>\n<p><strong>Trabajar con nosotros <\/strong><\/p>\n<p>Salario: 30,00 &#8211; 45,00 euros por hora (aut\u00f3nomo)<\/p>\n<p>Debe ser ciudadano de la UE o tener un permiso de trabajo v\u00e1lido.<\/p>\n<p>Una vez contratado, requerimos que se registre como negocio en KvK <a href=\"https:\/\/www.kvk.nl\/english\/\">https:\/\/www.kvk.nl\/english\/<\/a> para que pueda facturarnos al principio de cada mes para el pago.<\/p>\n<p>Sobre todo, \u00bfsientes que tienes el impulso y la pasi\u00f3n para tener \u00e9xito?<\/p>\n<p>Si est\u00e1s interesado en trabajar como gu\u00eda tur\u00edstico en 360 Amsterdam Tours, env\u00edanos tu CV y una carta de motivaci\u00f3n a <a href=\"mailto:support@360amsterdamtours.com\">support@360amsterdamtours.com<\/a>.<\/p>\n<p><span style=\"font-weight: 400;\">\u00bfSabe que puede hacer sus pr\u00e1cticas<\/span><span style=\"font-weight: 400;\"> en la oficina de 3<\/span><span style=\"font-weight: 400;\">60 Amsterdam Tours? Para m\u00e1s informaci\u00f3n, pulse <a href=\"https:\/\/360amsterdamtours.com\/es\/pasantias\/\">aqu\u00ed<\/a><\/span><\/p>\n<p><span style=\"font-weight: 400;\"><\/span><\/p>\n<p>[\/et_pb_text][\/et_pb_column][\/et_pb_row][\/et_pb_section][et_pb_section fb_built=\u00bb1&#8243; _builder_version=\u00bb4.16&#8243; custom_padding=\u00bb0px||30px||false\u00bb saved_tabs=\u00bball\u00bb global_colors_info=\u00bb{}\u00bb][et_pb_row _builder_version=\u00bb4.16&#8243; custom_padding=\u00bb0px||0px||true\u00bb global_colors_info=\u00bb{}\u00bb][et_pb_column type=\u00bb4_4&#8243; _builder_version=\u00bb4.16&#8243; custom_padding=\u00bb|||\u00bb global_colors_info=\u00bb{}\u00bb custom_padding__hover=\u00bb|||\u00bb][dica_divi_carousel item_width_auto=\u00bbon\u00bb item_width=\u00bb320px\u00bb transition_duration=\u00bb1000&#8243; autoplay=\u00bbon\u00bb hoverpause=\u00bbon\u00bb arrow_nav=\u00bbon\u00bb advanced_effect=\u00bb1&#8243; arrow_nav_color=\u00bb#FB8844&#8243; overlay_color_field_bgcolor=\u00bbrgba(255,255,255,0.85)\u00bb arrow_position=\u00bbon\u00bb _builder_version=\u00bb4.22.0&#8243; global_colors_info=\u00bb{}\u00bb][dica_divi_carouselitem title=\u00bbRecorrido en bicicleta por el barrio de Ana Frank\u00bb url=\u00bbhttps:\/\/360amsterdamtours.com\/anne-frank-bike-tour\/\u00bb button_url_new_window=\u00bb1&#8243; image=\u00bbhttps:\/\/360amsterdamtours.com\/wp-content\/uploads\/2021\/06\/AF-Bike-Tour-carousel.jpg\u00bb image_padding=\u00bb0px|0|0|0&#8243; content_padding=\u00bb10px|9px|0px|9px||true\u00bb _builder_version=\u00bb4.17.6&#8243; link_option_url=\u00bbhttps:\/\/360amsterdamtours.com\/anna-frank-bike-tour\/\u00bb box_shadow_style=\u00bbpreset1&#8243; box_shadow_color=\u00bbrgba(0,0,0,0.05)\u00bb global_colors_info=\u00bb{}\u00bb][\/dica_divi_carouselitem][dica_divi_carouselitem title=\u00bbSecretos del Amsterdam Hist\u00f3rico\u00bb url=\u00bbhttps:\/\/360amsterdamtours.com\/secrets-of-historical-amsterdam\/\u00bb button_url_new_window=\u00bb1&#8243; image=\u00bbhttps:\/\/360amsterdamtours.com\/wp-content\/uploads\/2019\/11\/Historic-City-walk-carrousel.jpg\u00bb image_padding=\u00bb0px|0|0|0&#8243; content_padding=\u00bb10px|9px|0px|9px||true\u00bb _builder_version=\u00bb4.16&#8243; link_option_url=\u00bbhttps:\/\/360amsterdamtours.com\/secrets-of-historical-amsterdam\/\u00bb box_shadow_style=\u00bbpreset1&#8243; box_shadow_color=\u00bbrgba(0,0,0,0.05)\u00bb global_colors_info=\u00bb{}\u00bb][\/dica_divi_carouselitem][dica_divi_carouselitem title=\u00bbTour a pie de la vida de Anne Frank\u00bb url=\u00bbhttps:\/\/360amsterdamtours.com\/anne-frank-walking-tour\/\u00bb button_url_new_window=\u00bb1&#8243; image=\u00bbhttps:\/\/360amsterdamtours.com\/wp-content\/uploads\/2021\/06\/foto-anne-frank-tour.jpg\u00bb content_padding=\u00bb10px|9px|0|9px|false|true\u00bb _builder_version=\u00bb4.17.6&#8243; box_shadow_style=\u00bbpreset1&#8243; box_shadow_color=\u00bbrgba(0,0,0,0.05)\u00bb global_colors_info=\u00bb{}\u00bb][\/dica_divi_carouselitem][dica_divi_carouselitem title=\u00bbVisita guiada al Rijksmuseum\u00bb url=\u00bbhttps:\/\/360amsterdamtours.com\/rijksmuseum-guided-tour-plus-skip-the-line-museum-ticket\/\u00bb button_url_new_window=\u00bb1&#8243; image=\u00bbhttps:\/\/360amsterdamtours.com\/wp-content\/uploads\/2022\/07\/Rijksmuseum-carousel.jpg\u00bb content_padding=\u00bb10px|9px|0px|9px|false|false\u00bb _builder_version=\u00bb4.17.6&#8243; global_colors_info=\u00bb{}\u00bb][\/dica_divi_carouselitem][dica_divi_carouselitem title=\u00bbSiete pecados de Amsterdam\u00bb url=\u00bbhttps:\/\/360amsterdamtours.com\/seven-sins-of-amsterdam-tour\/%20&#8243; button_url_new_window=\u00bb1&#8243; image=\u00bbhttps:\/\/360amsterdamtours.com\/wp-content\/uploads\/2020\/07\/Homepage-3.png\u00bb image_padding=\u00bb0px|0|0|0&#8243; content_padding=\u00bb10px|9px|0px|9px|false|true\u00bb _builder_version=\u00bb4.16&#8243; link_option_url=\u00bbhttps:\/\/360amsterdamtours.com\/seven-sins-of-amsterdam-tour\/  \u00bb box_shadow_style=\u00bbpreset1&#8243; box_shadow_color=\u00bbrgba(0,0,0,0.05)\u00bb global_colors_info=\u00bb{}\u00bb][\/dica_divi_carouselitem][dica_divi_carouselitem title=\u00bbAmstagram Tour &#038; Moco Experience\u00bb url=\u00bbhttps:\/\/360amsterdamtours.com\/amstagram-tour-and-moco-experience\/\u00bb button_url_new_window=\u00bb1&#8243; image=\u00bbhttps:\/\/360amsterdamtours.com\/wp-content\/uploads\/2020\/08\/Instagram-pic-homepage.png\u00bb content_padding=\u00bb10px|9px|0|9px|false|true\u00bb _builder_version=\u00bb4.16&#8243; box_shadow_style=\u00bbpreset1&#8243; box_shadow_color=\u00bbrgba(0,0,0,0.05)\u00bb global_colors_info=\u00bb{}\u00bb][\/dica_divi_carouselitem][dica_divi_carouselitem title=\u00bbJuego para adultos\u00bb url=\u00bbhttps:\/\/360amsterdamtours.com\/adult-tour-through-the-red-light-district\/\u00bb button_url_new_window=\u00bb1&#8243; image=\u00bbhttps:\/\/360amsterdamtours.com\/wp-content\/uploads\/2022\/08\/Adult-Game-carousel-thumbnail.jpg\u00bb content_padding=\u00bb10px|9px|0|9px|false|true\u00bb _builder_version=\u00bb4.18.0&#8243; box_shadow_style=\u00bbpreset1&#8243; box_shadow_color=\u00bbrgba(0,0,0,0.05)\u00bb global_colors_info=\u00bb{}\u00bb][\/dica_divi_carouselitem][dica_divi_carouselitem title=\u00bbFree Tour del Barrio Rojo\u00bb url=\u00bbhttps:\/\/360amsterdamtours.com\/tour-de-bonton-red-light-district-tour\/\u00bb button_url_new_window=\u00bb1&#8243; image=\u00bbhttps:\/\/360amsterdamtours.com\/wp-content\/uploads\/2020\/08\/pic-homepage.png\u00bb content_padding=\u00bb10px|9px|0px|9px|false|false\u00bb _builder_version=\u00bb4.17.6&#8243; global_colors_info=\u00bb{}\u00bb][\/dica_divi_carouselitem][dica_divi_carouselitem title=\u00bbCrucero en barco por los canales de Amsterdam\u00bb url=\u00bbhttps:\/\/360amsterdamtours.com\/amsterdam-canal-boat-cruise\/\u00bb button_url_new_window=\u00bb1&#8243; image=\u00bbhttps:\/\/360amsterdamtours.com\/wp-content\/uploads\/2020\/01\/Boat-Cruise-carrousel.jpg\u00bb content_padding=\u00bb10px|9px|0px|9px|false|false\u00bb _builder_version=\u00bb4.16&#8243; global_colors_info=\u00bb{}\u00bb][\/dica_divi_carouselitem][\/dica_divi_carousel][et_pb_button button_url=\u00bbhttps:\/\/360amsterdamtours.com\/#tours\u00bb button_text=\u00bbsee all tours\u00bb button_alignment=\u00bbcenter\u00bb _builder_version=\u00bb4.16&#8243; custom_button=\u00bbon\u00bb button_text_color=\u00bb#ffffff\u00bb button_letter_spacing=\u00bb0px\u00bb button_font=\u00bb|||on|||||\u00bb button_use_icon=\u00bboff\u00bb background_layout=\u00bbdark\u00bb custom_padding=\u00bb|35px||35px||true\u00bb global_colors_info=\u00bb{}\u00bb][\/et_pb_button][\/et_pb_column][\/et_pb_row][\/et_pb_section]<\/p>\n","protected":false},"excerpt":{"rendered":"<p>Trabaja con nosotrosTrabaja con nosotrosGu\u00eda tur\u00edstico Ser un gu\u00eda tur\u00edstico con 360 Amsterdam Tours significa que se llega a trabajar al aire libre, guiando a los visitantes y compartiendo sus conocimientos sobre la historia y la cultura con las personas que est\u00e1n disfrutando de su estancia en su ciudad! Buscamos gu\u00edas tur\u00edsticos que hablen ingl\u00e9s, [&hellip;]<\/p>\n","protected":false},"author":1,"featured_media":0,"parent":0,"menu_order":0,"comment_status":"closed","ping_status":"closed","template":"","meta":{"_et_pb_use_builder":"on","_et_pb_old_content":"","_et_gb_content_width":"","footnotes":""},"dipi_cpt_category":[],"class_list":["post-1920","page","type-page","status-publish","hentry"],"yoast_head":"<!-- This site is optimized with the Yoast SEO plugin v27.4 - https:\/\/yoast.com\/product\/yoast-seo-wordpress\/ -->\n<title>Empleo - 360 Amsterdam Tours<\/title>\n<meta name=\"description\" content=\"Si te apasiona Amsterdam, has aterrizado en el lugar correcto. Siempre estamos buscando gu\u00edas tur\u00edsticos talentosos para mostrar a los visitantes esta incre\u00edble ciudad.\" \/>\n<meta name=\"robots\" content=\"index, follow, max-snippet:-1, max-image-preview:large, max-video-preview:-1\" \/>\n<link rel=\"canonical\" href=\"https:\/\/360amsterdamtours.com\/es\/jobs\/\" \/>\n<meta property=\"og:locale\" content=\"es_ES\" \/>\n<meta property=\"og:type\" content=\"article\" \/>\n<meta property=\"og:title\" content=\"Empleo - 360 Amsterdam Tours\" \/>\n<meta property=\"og:description\" content=\"Si te apasiona Amsterdam, has aterrizado en el lugar correcto. Siempre estamos buscando gu\u00edas tur\u00edsticos talentosos para mostrar a los visitantes esta incre\u00edble ciudad.\" \/>\n<meta property=\"og:url\" content=\"https:\/\/360amsterdamtours.com\/es\/jobs\/\" \/>\n<meta property=\"og:site_name\" content=\"360 Amsterdam Tours\" \/>\n<meta property=\"article:publisher\" content=\"https:\/\/www.facebook.com\/360amsterdam\/\" \/>\n<meta property=\"article:modified_time\" content=\"2025-08-27T10:18:08+00:00\" \/>\n<meta name=\"twitter:card\" content=\"summary_large_image\" \/>\n<meta name=\"twitter:label1\" content=\"Tiempo de lectura\" \/>\n\t<meta name=\"twitter:data1\" content=\"6 minutos\" \/>\n<script type=\"application\/ld+json\" class=\"yoast-schema-graph\">{\"@context\":\"https:\\\/\\\/schema.org\",\"@graph\":[{\"@type\":\"WebPage\",\"@id\":\"https:\\\/\\\/360amsterdamtours.com\\\/es\\\/jobs\\\/\",\"url\":\"https:\\\/\\\/360amsterdamtours.com\\\/es\\\/jobs\\\/\",\"name\":\"Empleo - 360 Amsterdam Tours\",\"isPartOf\":{\"@id\":\"https:\\\/\\\/360amsterdamtours.com\\\/es\\\/#website\"},\"datePublished\":\"2019-06-27T08:47:29+00:00\",\"dateModified\":\"2025-08-27T10:18:08+00:00\",\"description\":\"Si te apasiona Amsterdam, has aterrizado en el lugar correcto. Siempre estamos buscando gu\u00edas tur\u00edsticos talentosos para mostrar a los visitantes esta incre\u00edble ciudad.\",\"breadcrumb\":{\"@id\":\"https:\\\/\\\/360amsterdamtours.com\\\/es\\\/jobs\\\/#breadcrumb\"},\"inLanguage\":\"es\",\"potentialAction\":[{\"@type\":\"ReadAction\",\"target\":[\"https:\\\/\\\/360amsterdamtours.com\\\/es\\\/jobs\\\/\"]}]},{\"@type\":\"BreadcrumbList\",\"@id\":\"https:\\\/\\\/360amsterdamtours.com\\\/es\\\/jobs\\\/#breadcrumb\",\"itemListElement\":[{\"@type\":\"ListItem\",\"position\":1,\"name\":\"Home\",\"item\":\"https:\\\/\\\/360amsterdamtours.com\\\/es\\\/\"},{\"@type\":\"ListItem\",\"position\":2,\"name\":\"Empleo\"}]},{\"@type\":\"WebSite\",\"@id\":\"https:\\\/\\\/360amsterdamtours.com\\\/es\\\/#website\",\"url\":\"https:\\\/\\\/360amsterdamtours.com\\\/es\\\/\",\"name\":\"360 Amsterdam Tours\",\"description\":\"Anne Frank Tours|Historical City Walks|Food Tours|Rijksmuseum Tours\",\"publisher\":{\"@id\":\"https:\\\/\\\/360amsterdamtours.com\\\/es\\\/#organization\"},\"potentialAction\":[{\"@type\":\"SearchAction\",\"target\":{\"@type\":\"EntryPoint\",\"urlTemplate\":\"https:\\\/\\\/360amsterdamtours.com\\\/es\\\/?s={search_term_string}\"},\"query-input\":{\"@type\":\"PropertyValueSpecification\",\"valueRequired\":true,\"valueName\":\"search_term_string\"}}],\"inLanguage\":\"es\"},{\"@type\":\"Organization\",\"@id\":\"https:\\\/\\\/360amsterdamtours.com\\\/es\\\/#organization\",\"name\":\"360 Amsterdam Tours\",\"url\":\"https:\\\/\\\/360amsterdamtours.com\\\/es\\\/\",\"logo\":{\"@type\":\"ImageObject\",\"inLanguage\":\"es\",\"@id\":\"https:\\\/\\\/360amsterdamtours.com\\\/es\\\/#\\\/schema\\\/logo\\\/image\\\/\",\"url\":\"https:\\\/\\\/360amsterdamtours.com\\\/wp-content\\\/uploads\\\/2019\\\/06\\\/Logo-badge-1.png\",\"contentUrl\":\"https:\\\/\\\/360amsterdamtours.com\\\/wp-content\\\/uploads\\\/2019\\\/06\\\/Logo-badge-1.png\",\"width\":250,\"height\":250,\"caption\":\"360 Amsterdam Tours\"},\"image\":{\"@id\":\"https:\\\/\\\/360amsterdamtours.com\\\/es\\\/#\\\/schema\\\/logo\\\/image\\\/\"},\"sameAs\":[\"https:\\\/\\\/www.facebook.com\\\/360amsterdam\\\/\",\"https:\\\/\\\/www.instagram.com\\\/360amsterdam\\\/\",\"https:\\\/\\\/www.youtube.com\\\/channel\\\/UC9Tbu7nV9dABbc1W-vwPmhg\"]}]}<\/script>\n<!-- \/ Yoast SEO plugin. -->","yoast_head_json":{"title":"Empleo - 360 Amsterdam Tours","description":"Si te apasiona Amsterdam, has aterrizado en el lugar correcto. Siempre estamos buscando gu\u00edas tur\u00edsticos talentosos para mostrar a los visitantes esta incre\u00edble ciudad.","robots":{"index":"index","follow":"follow","max-snippet":"max-snippet:-1","max-image-preview":"max-image-preview:large","max-video-preview":"max-video-preview:-1"},"canonical":"https:\/\/360amsterdamtours.com\/es\/jobs\/","og_locale":"es_ES","og_type":"article","og_title":"Empleo - 360 Amsterdam Tours","og_description":"Si te apasiona Amsterdam, has aterrizado en el lugar correcto. Siempre estamos buscando gu\u00edas tur\u00edsticos talentosos para mostrar a los visitantes esta incre\u00edble ciudad.","og_url":"https:\/\/360amsterdamtours.com\/es\/jobs\/","og_site_name":"360 Amsterdam Tours","article_publisher":"https:\/\/www.facebook.com\/360amsterdam\/","article_modified_time":"2025-08-27T10:18:08+00:00","twitter_card":"summary_large_image","twitter_misc":{"Tiempo de lectura":"6 minutos"},"schema":{"@context":"https:\/\/schema.org","@graph":[{"@type":"WebPage","@id":"https:\/\/360amsterdamtours.com\/es\/jobs\/","url":"https:\/\/360amsterdamtours.com\/es\/jobs\/","name":"Empleo - 360 Amsterdam Tours","isPartOf":{"@id":"https:\/\/360amsterdamtours.com\/es\/#website"},"datePublished":"2019-06-27T08:47:29+00:00","dateModified":"2025-08-27T10:18:08+00:00","description":"Si te apasiona Amsterdam, has aterrizado en el lugar correcto. Siempre estamos buscando gu\u00edas tur\u00edsticos talentosos para mostrar a los visitantes esta incre\u00edble ciudad.","breadcrumb":{"@id":"https:\/\/360amsterdamtours.com\/es\/jobs\/#breadcrumb"},"inLanguage":"es","potentialAction":[{"@type":"ReadAction","target":["https:\/\/360amsterdamtours.com\/es\/jobs\/"]}]},{"@type":"BreadcrumbList","@id":"https:\/\/360amsterdamtours.com\/es\/jobs\/#breadcrumb","itemListElement":[{"@type":"ListItem","position":1,"name":"Home","item":"https:\/\/360amsterdamtours.com\/es\/"},{"@type":"ListItem","position":2,"name":"Empleo"}]},{"@type":"WebSite","@id":"https:\/\/360amsterdamtours.com\/es\/#website","url":"https:\/\/360amsterdamtours.com\/es\/","name":"360 Amsterdam Tours","description":"Anne Frank Tours|Historical City Walks|Food Tours|Rijksmuseum Tours","publisher":{"@id":"https:\/\/360amsterdamtours.com\/es\/#organization"},"potentialAction":[{"@type":"SearchAction","target":{"@type":"EntryPoint","urlTemplate":"https:\/\/360amsterdamtours.com\/es\/?s={search_term_string}"},"query-input":{"@type":"PropertyValueSpecification","valueRequired":true,"valueName":"search_term_string"}}],"inLanguage":"es"},{"@type":"Organization","@id":"https:\/\/360amsterdamtours.com\/es\/#organization","name":"360 Amsterdam Tours","url":"https:\/\/360amsterdamtours.com\/es\/","logo":{"@type":"ImageObject","inLanguage":"es","@id":"https:\/\/360amsterdamtours.com\/es\/#\/schema\/logo\/image\/","url":"https:\/\/360amsterdamtours.com\/wp-content\/uploads\/2019\/06\/Logo-badge-1.png","contentUrl":"https:\/\/360amsterdamtours.com\/wp-content\/uploads\/2019\/06\/Logo-badge-1.png","width":250,"height":250,"caption":"360 Amsterdam Tours"},"image":{"@id":"https:\/\/360amsterdamtours.com\/es\/#\/schema\/logo\/image\/"},"sameAs":["https:\/\/www.facebook.com\/360amsterdam\/","https:\/\/www.instagram.com\/360amsterdam\/","https:\/\/www.youtube.com\/channel\/UC9Tbu7nV9dABbc1W-vwPmhg"]}]}},"_links":{"self":[{"href":"https:\/\/360amsterdamtours.com\/es\/wp-json\/wp\/v2\/pages\/1920","targetHints":{"allow":["GET"]}}],"collection":[{"href":"https:\/\/360amsterdamtours.com\/es\/wp-json\/wp\/v2\/pages"}],"about":[{"href":"https:\/\/360amsterdamtours.com\/es\/wp-json\/wp\/v2\/types\/page"}],"author":[{"embeddable":true,"href":"https:\/\/360amsterdamtours.com\/es\/wp-json\/wp\/v2\/users\/1"}],"replies":[{"embeddable":true,"href":"https:\/\/360amsterdamtours.com\/es\/wp-json\/wp\/v2\/comments?post=1920"}],"version-history":[{"count":28,"href":"https:\/\/360amsterdamtours.com\/es\/wp-json\/wp\/v2\/pages\/1920\/revisions"}],"predecessor-version":[{"id":31784,"href":"https:\/\/360amsterdamtours.com\/es\/wp-json\/wp\/v2\/pages\/1920\/revisions\/31784"}],"wp:attachment":[{"href":"https:\/\/360amsterdamtours.com\/es\/wp-json\/wp\/v2\/media?parent=1920"}],"wp:term":[{"taxonomy":"dipi_cpt_category","embeddable":true,"href":"https:\/\/360amsterdamtours.com\/es\/wp-json\/wp\/v2\/dipi_cpt_category?post=1920"}],"curies":[{"name":"wp","href":"https:\/\/api.w.org\/{rel}","templated":true}]}}