{"id":1926,"date":"2019-06-27T08:48:28","date_gmt":"2019-06-27T08:48:28","guid":{"rendered":"http:\/\/360amsterdamtours.com\/jobs\/"},"modified":"2025-08-27T12:21:12","modified_gmt":"2025-08-27T10:21:12","slug":"jobs","status":"publish","type":"page","link":"https:\/\/360amsterdamtours.com\/de\/jobs\/","title":{"rendered":"Stellenangebote"},"content":{"rendered":"<p>[et_pb_section fb_built=&#8220;1&#8243; disabled_on=&#8220;on|off|off&#8220; _builder_version=&#8220;4.18.0&#8243; background_image=&#8220;https:\/\/360amsterdamtours.com\/wp-content\/uploads\/2022\/09\/Expat-bike-tour-desktop.jpg&#8220; global_colors_info=&#8220;{}&#8220;][et_pb_row _builder_version=&#8220;4.16&#8243; custom_padding=&#8220;150px||150px||true|&#8220; global_colors_info=&#8220;{}&#8220;][et_pb_column type=&#8220;4_4&#8243; _builder_version=&#8220;4.16&#8243; custom_padding=&#8220;|||&#8220; global_colors_info=&#8220;{}&#8220; custom_padding__hover=&#8220;|||&#8220;][et_pb_text _builder_version=&#8220;4.18.0&#8243; text_font=&#8220;||||||||&#8220; text_text_color=&#8220;#FFFFFF&#8220; header_font=&#8220;||||||||&#8220; header_text_align=&#8220;center&#8220; header_text_color=&#8220;#FFFFFF&#8220; text_orientation=&#8220;center&#8220; text_text_align=&#8220;center&#8220; global_colors_info=&#8220;{}&#8220;]<\/p>\n<h1>Arbeiten<\/h1>\n<p>[\/et_pb_text][\/et_pb_column][\/et_pb_row][\/et_pb_section][et_pb_section fb_built=&#8220;1&#8243; disabled_on=&#8220;off|on|on&#8220; _builder_version=&#8220;4.18.0&#8243; background_image=&#8220;https:\/\/360amsterdamtours.com\/wp-content\/uploads\/2022\/09\/Expat-bike-tour-mobile.jpg&#8220; global_colors_info=&#8220;{}&#8220;][et_pb_row _builder_version=&#8220;4.16&#8243; custom_padding=&#8220;150px||150px||true|&#8220; global_colors_info=&#8220;{}&#8220;][et_pb_column type=&#8220;4_4&#8243; _builder_version=&#8220;4.16&#8243; custom_padding=&#8220;|||&#8220; global_colors_info=&#8220;{}&#8220; custom_padding__hover=&#8220;|||&#8220;][et_pb_text _builder_version=&#8220;4.16&#8243; text_font=&#8220;||||||||&#8220; text_text_color=&#8220;#FFFFFF&#8220; header_font=&#8220;||||||||&#8220; header_text_align=&#8220;center&#8220; header_text_color=&#8220;#FFFFFF&#8220; text_orientation=&#8220;center&#8220; text_text_align=&#8220;center&#8220; global_colors_info=&#8220;{}&#8220;]<\/p>\n<h1>Arbeiten<\/h1>\n<p>[\/et_pb_text][\/et_pb_column][\/et_pb_row][\/et_pb_section][et_pb_section fb_built=&#8220;1&#8243; _builder_version=&#8220;4.16&#8243; global_colors_info=&#8220;{}&#8220;][et_pb_row _builder_version=&#8220;4.16&#8243; _module_preset=&#8220;default&#8220; global_colors_info=&#8220;{}&#8220;][et_pb_column type=&#8220;4_4&#8243; _builder_version=&#8220;4.16&#8243; _module_preset=&#8220;default&#8220; global_colors_info=&#8220;{}&#8220;][et_pb_text _builder_version=&#8220;4.22.0&#8243; _module_preset=&#8220;default&#8220; custom_padding=&#8220;||0px|||&#8220; saved_tabs=&#8220;all&#8220; global_colors_info=&#8220;{}&#8220;]<\/p>\n<h5 class=\"title-heading-left\"><span style=\"color: #ff6600;\">Reiseleiter<\/span><\/h5>\n<p>Als Reiseleiter mit 360 Amsterdam Tours k\u00f6nnen Sie im Freien arbeiten, Besucher herumf\u00fchren und Ihr Wissen \u00fcber die Geschichte und Kultur mit Menschen teilen, die ihren Aufenthalt in Ihrer Stadt genie\u00dfen!<\/p>\n<p>Wir suchen englisch, deutsch, spanisch oder franz\u00f6sisch sprechende Tour Guides, die:<\/p>\n<ul>\n<li>Leben in Amsterdam.<\/li>\n<li>Sie sprechen Englisch, Deutsch, Spanisch oder Franz\u00f6sisch auf muttersprachlichem Niveau.<\/li>\n<li>Ich arbeite gerne im Freien und bin gerne unter Menschen.<\/li>\n<li>Sie haben keine Angst, in der \u00d6ffentlichkeit zu sprechen.<\/li>\n<li>Sie haben eine Affinit\u00e4t und Interesse an der Geschichte und Kultur von Amsterdam<\/li>\n<li>ist bereit, alle Sehensw\u00fcrdigkeiten und Geheimnisse von Amsterdam zu entdecken und zu enth\u00fcllen.<\/li>\n<li>Sie m\u00f6chten weniger Stunden f\u00fcr das gleiche Geld wie bei einer Vollzeitstelle arbeiten.<\/li>\n<li>Ich kann es kaum erwarten, Teil dieses dynamischen und wunderbaren Reiseleiterteams zu sein!<\/li>\n<\/ul>\n<p>Sehen Sie sich in der obigen Stellenbeschreibung wieder? Bitte warten Sie nicht mit der Bewerbung auf diese Stelle. Wir bieten Ihnen eine Schulung an, bevor Sie anfangen.<\/p>\n<p><strong>Arbeiten mit uns <\/strong><\/p>\n<p>Gehalt: \u20ac30,00 &#8211; \u20ac45,00 pro Stunde (freiberuflich)<\/p>\n<p>Sie m\u00fcssen EU-B\u00fcrger sein oder \u00fcber eine g\u00fcltige Arbeitserlaubnis verf\u00fcgen.<\/p>\n<p>Sobald Sie eingestellt sind, m\u00fcssen wir uns als Unternehmen bei KvK <a href=\"https:\/\/www.kvk.nl\/english\/\">https:\/\/www.kvk.nl\/english\/<\/a> registrieren, damit Sie uns zu Beginn eines jeden Monats die Zahlung in Rechnung stellen k\u00f6nnen.<\/p>\n<p>Haben Sie vor allem das Gef\u00fchl, dass Sie den Antrieb und die Leidenschaft haben, erfolgreich zu sein?<\/p>\n<p>Wenn Sie daran interessiert sind, Reiseleiter bei 360 Amsterdam Tours zu werden, senden Sie bitte Ihren Lebenslauf und Ihr Motivationsschreiben an <a href=\"mailto:support@360amsterdamtours.com\">support@360amsterdamtours.com<\/a><\/p>\n<p><span style=\"font-weight: 400;\">Wussten Sie, dass Sie Ihr Praktikum<\/span><span style=\"font-weight: 400;\">p im B\u00fcro von 3<\/span><span style=\"font-weight: 400;\">60 Amsterdam Touren? F\u00fcr weitere Informationen, klicken Sie <a href=\"https:\/\/360amsterdamtours.com\/de\/praktika\/\">hier<\/a><\/span><\/p>\n<p><span style=\"font-weight: 400;\"><\/span><\/p>\n<p>[\/et_pb_text][\/et_pb_column][\/et_pb_row][\/et_pb_section][et_pb_section fb_built=&#8220;1&#8243; _builder_version=&#8220;4.16&#8243; custom_padding=&#8220;0px||30px||false&#8220; saved_tabs=&#8220;all&#8220; global_colors_info=&#8220;{}&#8220;][et_pb_row _builder_version=&#8220;4.16&#8243; custom_padding=&#8220;0px||0px||true&#8220; global_colors_info=&#8220;{}&#8220;][et_pb_column type=&#8220;4_4&#8243; _builder_version=&#8220;4.16&#8243; custom_padding=&#8220;|||&#8220; global_colors_info=&#8220;{}&#8220; custom_padding__hover=&#8220;|||&#8220;][dica_divi_carousel item_width_auto=&#8220;on&#8220; item_width=&#8220;320px&#8220; transition_duration=&#8220;1000&#8243; autoplay=&#8220;on&#8220; hoverpause=&#8220;on&#8220; arrow_nav=&#8220;on&#8220; advanced_effect=&#8220;1&#8243; arrow_nav_color=&#8220;#FB8844&#8243; overlay_color_field_bgcolor=&#8220;rgba(255,255,255,0.85)&#8220; arrow_position=&#8220;on&#8220; _builder_version=&#8220;4.22.0&#8243; global_colors_info=&#8220;{}&#8220;][dica_divi_carouselitem title=&#8220;Fahrradtour im Stadtteil Anne Frank&#8220; url=&#8220;https:\/\/360amsterdamtours.com\/anne-frank-bike-tour\/&#8220; button_url_new_window=&#8220;1&#8243; image=&#8220;https:\/\/360amsterdamtours.com\/wp-content\/uploads\/2021\/06\/AF-Bike-Tour-carousel.jpg&#8220; image_padding=&#8220;0px|0|0|0&#8243; content_padding=&#8220;10px|9px|0px|9px||true&#8220; _builder_version=&#8220;4.17.6&#8243; link_option_url=&#8220;https:\/\/360amsterdamtours.com\/anna-frank-bike-tour\/&#8220; box_shadow_style=&#8220;preset1&#8243; box_shadow_color=&#8220;rgba(0,0,0,0.05)&#8220; global_colors_info=&#8220;{}&#8220;][\/dica_divi_carouselitem][dica_divi_carouselitem title=&#8220;Historische Stadtf\u00fchrung&#8220; url=&#8220;https:\/\/360amsterdamtours.com\/secrets-of-historical-amsterdam\/&#8220; button_url_new_window=&#8220;1&#8243; image=&#8220;https:\/\/360amsterdamtours.com\/wp-content\/uploads\/2019\/11\/Historic-City-walk-carrousel.jpg&#8220; image_padding=&#8220;0px|0|0|0&#8243; content_padding=&#8220;10px|9px|0px|9px||true&#8220; _builder_version=&#8220;4.16&#8243; link_option_url=&#8220;https:\/\/360amsterdamtours.com\/secrets-of-historical-amsterdam\/&#8220; box_shadow_style=&#8220;preset1&#8243; box_shadow_color=&#8220;rgba(0,0,0,0.05)&#8220; global_colors_info=&#8220;{}&#8220;][\/dica_divi_carouselitem][dica_divi_carouselitem title=&#8220;Stadtrundgang auf den Spuren von Anne Frank&#8220; url=&#8220;https:\/\/360amsterdamtours.com\/anne-frank-walking-tour\/&#8220; button_url_new_window=&#8220;1&#8243; image=&#8220;https:\/\/360amsterdamtours.com\/wp-content\/uploads\/2021\/06\/foto-anne-frank-tour.jpg&#8220; content_padding=&#8220;10px|9px|0|9px|false|true&#8220; _builder_version=&#8220;4.17.6&#8243; box_shadow_style=&#8220;preset1&#8243; box_shadow_color=&#8220;rgba(0,0,0,0.05)&#8220; global_colors_info=&#8220;{}&#8220;][\/dica_divi_carouselitem][dica_divi_carouselitem title=&#8220;Rijksmuseum F\u00fchrung&#8220; url=&#8220;https:\/\/360amsterdamtours.com\/rijksmuseum-guided-tour-plus-skip-the-line-museum-ticket\/&#8220; button_url_new_window=&#8220;1&#8243; image=&#8220;https:\/\/360amsterdamtours.com\/wp-content\/uploads\/2022\/07\/Rijksmuseum-carousel.jpg&#8220; content_padding=&#8220;10px|9px|0px|9px|false|false&#8220; _builder_version=&#8220;4.17.6&#8243; global_colors_info=&#8220;{}&#8220;][\/dica_divi_carouselitem][dica_divi_carouselitem title=&#8220;Sieben S\u00fcnden von Amsterdam&#8220; url=&#8220;https:\/\/360amsterdamtours.com\/seven-sins-of-amsterdam-tour\/%20&#8243; button_url_new_window=&#8220;1&#8243; image=&#8220;https:\/\/360amsterdamtours.com\/wp-content\/uploads\/2020\/07\/Homepage-3.png&#8220; image_padding=&#8220;0px|0|0|0&#8243; content_padding=&#8220;10px|9px|0px|9px|false|true&#8220; _builder_version=&#8220;4.16&#8243; link_option_url=&#8220;https:\/\/360amsterdamtours.com\/seven-sins-of-amsterdam-tour\/  &#8220; box_shadow_style=&#8220;preset1&#8243; box_shadow_color=&#8220;rgba(0,0,0,0.05)&#8220; global_colors_info=&#8220;{}&#8220;][\/dica_divi_carouselitem][dica_divi_carouselitem title=&#8220;Amstagram Tour &#038; Moco Erfahrung&#8220; url=&#8220;https:\/\/360amsterdamtours.com\/amstagram-tour-and-moco-experience\/&#8220; button_url_new_window=&#8220;1&#8243; image=&#8220;https:\/\/360amsterdamtours.com\/wp-content\/uploads\/2020\/08\/Instagram-pic-homepage.png&#8220; content_padding=&#8220;10px|9px|0|9px|false|true&#8220; _builder_version=&#8220;4.16&#8243; box_shadow_style=&#8220;preset1&#8243; box_shadow_color=&#8220;rgba(0,0,0,0.05)&#8220; global_colors_info=&#8220;{}&#8220;][\/dica_divi_carouselitem][dica_divi_carouselitem title=&#8220;Spiel f\u00fcr Erwachsene&#8220; url=&#8220;https:\/\/360amsterdamtours.com\/adult-tour-through-the-red-light-district\/&#8220; button_url_new_window=&#8220;1&#8243; image=&#8220;https:\/\/360amsterdamtours.com\/wp-content\/uploads\/2022\/08\/Adult-Game-carousel-thumbnail.jpg&#8220; content_padding=&#8220;10px|9px|0|9px|false|true&#8220; _builder_version=&#8220;4.18.0&#8243; box_shadow_style=&#8220;preset1&#8243; box_shadow_color=&#8220;rgba(0,0,0,0.05)&#8220; global_colors_info=&#8220;{}&#8220;][\/dica_divi_carouselitem][dica_divi_carouselitem title=&#8220;3. Rotlichtviertel Tour&#8220; url=&#8220;https:\/\/360amsterdamtours.com\/tour-de-bonton-red-light-district-tour\/&#8220; button_url_new_window=&#8220;1&#8243; image=&#8220;https:\/\/360amsterdamtours.com\/wp-content\/uploads\/2020\/08\/pic-homepage.png&#8220; content_padding=&#8220;10px|9px|0px|9px|false|false&#8220; _builder_version=&#8220;4.17.6&#8243; global_colors_info=&#8220;{}&#8220;][\/dica_divi_carouselitem][dica_divi_carouselitem title=&#8220;Amsterdam Canal Boat Cruise&#8220; url=&#8220;https:\/\/360amsterdamtours.com\/amsterdam-canal-boat-cruise\/&#8220; button_url_new_window=&#8220;1&#8243; image=&#8220;https:\/\/360amsterdamtours.com\/wp-content\/uploads\/2020\/01\/Boat-Cruise-carrousel.jpg&#8220; content_padding=&#8220;10px|9px|0px|9px|false|false&#8220; _builder_version=&#8220;4.16&#8243; global_colors_info=&#8220;{}&#8220;][\/dica_divi_carouselitem][\/dica_divi_carousel][et_pb_button button_url=&#8220;https:\/\/360amsterdamtours.com\/#tours&#8220; button_text=&#8220;see all tours&#8220; button_alignment=&#8220;center&#8220; _builder_version=&#8220;4.16&#8243; custom_button=&#8220;on&#8220; button_text_color=&#8220;#ffffff&#8220; button_letter_spacing=&#8220;0px&#8220; button_font=&#8220;|||on|||||&#8220; button_use_icon=&#8220;off&#8220; background_layout=&#8220;dark&#8220; custom_padding=&#8220;|35px||35px||true&#8220; global_colors_info=&#8220;{}&#8220;][\/et_pb_button][\/et_pb_column][\/et_pb_row][\/et_pb_section]<\/p>\n","protected":false},"excerpt":{"rendered":"<p>ArbeitenArbeitenReiseleiter Als Reiseleiter mit 360 Amsterdam Tours k\u00f6nnen Sie im Freien arbeiten, Besucher herumf\u00fchren und Ihr Wissen \u00fcber die Geschichte und Kultur mit Menschen teilen, die ihren Aufenthalt in Ihrer Stadt genie\u00dfen! Wir suchen englisch, deutsch, spanisch oder franz\u00f6sisch sprechende Tour Guides, die: Leben in Amsterdam. Sie sprechen Englisch, Deutsch, Spanisch oder Franz\u00f6sisch auf muttersprachlichem [&hellip;]<\/p>\n","protected":false},"author":1,"featured_media":0,"parent":0,"menu_order":0,"comment_status":"closed","ping_status":"closed","template":"","meta":{"_et_pb_use_builder":"on","_et_pb_old_content":"","_et_gb_content_width":"","footnotes":""},"dipi_cpt_category":[],"class_list":["post-1926","page","type-page","status-publish","hentry"],"yoast_head":"<!-- This site is optimized with the Yoast SEO plugin v27.4 - https:\/\/yoast.com\/product\/yoast-seo-wordpress\/ -->\n<title>Stellenangebote - 360 Amsterdam Tours<\/title>\n<meta name=\"description\" content=\"Wenn Sie amsterdam leidenschaftlich sind, sind Sie an der richtigen Stelle gelandet. Wir sind immer auf der Suche nach talentierten Reiseleitern, um den Besuchern diese erstaunliche Stadt zu zeigen.\" \/>\n<meta name=\"robots\" content=\"index, follow, max-snippet:-1, max-image-preview:large, max-video-preview:-1\" \/>\n<link rel=\"canonical\" href=\"https:\/\/360amsterdamtours.com\/de\/jobs\/\" \/>\n<meta property=\"og:locale\" content=\"de_DE\" \/>\n<meta property=\"og:type\" content=\"article\" \/>\n<meta property=\"og:title\" content=\"Stellenangebote - 360 Amsterdam Tours\" \/>\n<meta property=\"og:description\" content=\"Wenn Sie amsterdam leidenschaftlich sind, sind Sie an der richtigen Stelle gelandet. Wir sind immer auf der Suche nach talentierten Reiseleitern, um den Besuchern diese erstaunliche Stadt zu zeigen.\" \/>\n<meta property=\"og:url\" content=\"https:\/\/360amsterdamtours.com\/de\/jobs\/\" \/>\n<meta property=\"og:site_name\" content=\"360 Amsterdam Tours\" \/>\n<meta property=\"article:publisher\" content=\"https:\/\/www.facebook.com\/360amsterdam\/\" \/>\n<meta property=\"article:modified_time\" content=\"2025-08-27T10:21:12+00:00\" \/>\n<meta name=\"twitter:card\" content=\"summary_large_image\" \/>\n<meta name=\"twitter:label1\" content=\"Gesch\u00e4tzte Lesezeit\" \/>\n\t<meta name=\"twitter:data1\" content=\"6\u00a0Minuten\" \/>\n<script type=\"application\/ld+json\" class=\"yoast-schema-graph\">{\"@context\":\"https:\\\/\\\/schema.org\",\"@graph\":[{\"@type\":\"WebPage\",\"@id\":\"https:\\\/\\\/360amsterdamtours.com\\\/de\\\/jobs\\\/\",\"url\":\"https:\\\/\\\/360amsterdamtours.com\\\/de\\\/jobs\\\/\",\"name\":\"Stellenangebote - 360 Amsterdam Tours\",\"isPartOf\":{\"@id\":\"https:\\\/\\\/360amsterdamtours.com\\\/de\\\/#website\"},\"datePublished\":\"2019-06-27T08:48:28+00:00\",\"dateModified\":\"2025-08-27T10:21:12+00:00\",\"description\":\"Wenn Sie amsterdam leidenschaftlich sind, sind Sie an der richtigen Stelle gelandet. Wir sind immer auf der Suche nach talentierten Reiseleitern, um den Besuchern diese erstaunliche Stadt zu zeigen.\",\"breadcrumb\":{\"@id\":\"https:\\\/\\\/360amsterdamtours.com\\\/de\\\/jobs\\\/#breadcrumb\"},\"inLanguage\":\"de\",\"potentialAction\":[{\"@type\":\"ReadAction\",\"target\":[\"https:\\\/\\\/360amsterdamtours.com\\\/de\\\/jobs\\\/\"]}]},{\"@type\":\"BreadcrumbList\",\"@id\":\"https:\\\/\\\/360amsterdamtours.com\\\/de\\\/jobs\\\/#breadcrumb\",\"itemListElement\":[{\"@type\":\"ListItem\",\"position\":1,\"name\":\"Home\",\"item\":\"https:\\\/\\\/360amsterdamtours.com\\\/de\\\/\"},{\"@type\":\"ListItem\",\"position\":2,\"name\":\"Stellenangebote\"}]},{\"@type\":\"WebSite\",\"@id\":\"https:\\\/\\\/360amsterdamtours.com\\\/de\\\/#website\",\"url\":\"https:\\\/\\\/360amsterdamtours.com\\\/de\\\/\",\"name\":\"360 Amsterdam Tours\",\"description\":\"Anne Frank Tours|Historical City Walks|Food Tours|Rijksmuseum Tours\",\"publisher\":{\"@id\":\"https:\\\/\\\/360amsterdamtours.com\\\/de\\\/#organization\"},\"potentialAction\":[{\"@type\":\"SearchAction\",\"target\":{\"@type\":\"EntryPoint\",\"urlTemplate\":\"https:\\\/\\\/360amsterdamtours.com\\\/de\\\/?s={search_term_string}\"},\"query-input\":{\"@type\":\"PropertyValueSpecification\",\"valueRequired\":true,\"valueName\":\"search_term_string\"}}],\"inLanguage\":\"de\"},{\"@type\":\"Organization\",\"@id\":\"https:\\\/\\\/360amsterdamtours.com\\\/de\\\/#organization\",\"name\":\"360 Amsterdam Tours\",\"url\":\"https:\\\/\\\/360amsterdamtours.com\\\/de\\\/\",\"logo\":{\"@type\":\"ImageObject\",\"inLanguage\":\"de\",\"@id\":\"https:\\\/\\\/360amsterdamtours.com\\\/de\\\/#\\\/schema\\\/logo\\\/image\\\/\",\"url\":\"https:\\\/\\\/360amsterdamtours.com\\\/wp-content\\\/uploads\\\/2019\\\/06\\\/Logo-badge-1.png\",\"contentUrl\":\"https:\\\/\\\/360amsterdamtours.com\\\/wp-content\\\/uploads\\\/2019\\\/06\\\/Logo-badge-1.png\",\"width\":250,\"height\":250,\"caption\":\"360 Amsterdam Tours\"},\"image\":{\"@id\":\"https:\\\/\\\/360amsterdamtours.com\\\/de\\\/#\\\/schema\\\/logo\\\/image\\\/\"},\"sameAs\":[\"https:\\\/\\\/www.facebook.com\\\/360amsterdam\\\/\",\"https:\\\/\\\/www.instagram.com\\\/360amsterdam\\\/\",\"https:\\\/\\\/www.youtube.com\\\/channel\\\/UC9Tbu7nV9dABbc1W-vwPmhg\"]}]}<\/script>\n<!-- \/ Yoast SEO plugin. -->","yoast_head_json":{"title":"Stellenangebote - 360 Amsterdam Tours","description":"Wenn Sie amsterdam leidenschaftlich sind, sind Sie an der richtigen Stelle gelandet. Wir sind immer auf der Suche nach talentierten Reiseleitern, um den Besuchern diese erstaunliche Stadt zu zeigen.","robots":{"index":"index","follow":"follow","max-snippet":"max-snippet:-1","max-image-preview":"max-image-preview:large","max-video-preview":"max-video-preview:-1"},"canonical":"https:\/\/360amsterdamtours.com\/de\/jobs\/","og_locale":"de_DE","og_type":"article","og_title":"Stellenangebote - 360 Amsterdam Tours","og_description":"Wenn Sie amsterdam leidenschaftlich sind, sind Sie an der richtigen Stelle gelandet. Wir sind immer auf der Suche nach talentierten Reiseleitern, um den Besuchern diese erstaunliche Stadt zu zeigen.","og_url":"https:\/\/360amsterdamtours.com\/de\/jobs\/","og_site_name":"360 Amsterdam Tours","article_publisher":"https:\/\/www.facebook.com\/360amsterdam\/","article_modified_time":"2025-08-27T10:21:12+00:00","twitter_card":"summary_large_image","twitter_misc":{"Gesch\u00e4tzte Lesezeit":"6\u00a0Minuten"},"schema":{"@context":"https:\/\/schema.org","@graph":[{"@type":"WebPage","@id":"https:\/\/360amsterdamtours.com\/de\/jobs\/","url":"https:\/\/360amsterdamtours.com\/de\/jobs\/","name":"Stellenangebote - 360 Amsterdam Tours","isPartOf":{"@id":"https:\/\/360amsterdamtours.com\/de\/#website"},"datePublished":"2019-06-27T08:48:28+00:00","dateModified":"2025-08-27T10:21:12+00:00","description":"Wenn Sie amsterdam leidenschaftlich sind, sind Sie an der richtigen Stelle gelandet. Wir sind immer auf der Suche nach talentierten Reiseleitern, um den Besuchern diese erstaunliche Stadt zu zeigen.","breadcrumb":{"@id":"https:\/\/360amsterdamtours.com\/de\/jobs\/#breadcrumb"},"inLanguage":"de","potentialAction":[{"@type":"ReadAction","target":["https:\/\/360amsterdamtours.com\/de\/jobs\/"]}]},{"@type":"BreadcrumbList","@id":"https:\/\/360amsterdamtours.com\/de\/jobs\/#breadcrumb","itemListElement":[{"@type":"ListItem","position":1,"name":"Home","item":"https:\/\/360amsterdamtours.com\/de\/"},{"@type":"ListItem","position":2,"name":"Stellenangebote"}]},{"@type":"WebSite","@id":"https:\/\/360amsterdamtours.com\/de\/#website","url":"https:\/\/360amsterdamtours.com\/de\/","name":"360 Amsterdam Tours","description":"Anne Frank Tours|Historical City Walks|Food Tours|Rijksmuseum Tours","publisher":{"@id":"https:\/\/360amsterdamtours.com\/de\/#organization"},"potentialAction":[{"@type":"SearchAction","target":{"@type":"EntryPoint","urlTemplate":"https:\/\/360amsterdamtours.com\/de\/?s={search_term_string}"},"query-input":{"@type":"PropertyValueSpecification","valueRequired":true,"valueName":"search_term_string"}}],"inLanguage":"de"},{"@type":"Organization","@id":"https:\/\/360amsterdamtours.com\/de\/#organization","name":"360 Amsterdam Tours","url":"https:\/\/360amsterdamtours.com\/de\/","logo":{"@type":"ImageObject","inLanguage":"de","@id":"https:\/\/360amsterdamtours.com\/de\/#\/schema\/logo\/image\/","url":"https:\/\/360amsterdamtours.com\/wp-content\/uploads\/2019\/06\/Logo-badge-1.png","contentUrl":"https:\/\/360amsterdamtours.com\/wp-content\/uploads\/2019\/06\/Logo-badge-1.png","width":250,"height":250,"caption":"360 Amsterdam Tours"},"image":{"@id":"https:\/\/360amsterdamtours.com\/de\/#\/schema\/logo\/image\/"},"sameAs":["https:\/\/www.facebook.com\/360amsterdam\/","https:\/\/www.instagram.com\/360amsterdam\/","https:\/\/www.youtube.com\/channel\/UC9Tbu7nV9dABbc1W-vwPmhg"]}]}},"_links":{"self":[{"href":"https:\/\/360amsterdamtours.com\/de\/wp-json\/wp\/v2\/pages\/1926","targetHints":{"allow":["GET"]}}],"collection":[{"href":"https:\/\/360amsterdamtours.com\/de\/wp-json\/wp\/v2\/pages"}],"about":[{"href":"https:\/\/360amsterdamtours.com\/de\/wp-json\/wp\/v2\/types\/page"}],"author":[{"embeddable":true,"href":"https:\/\/360amsterdamtours.com\/de\/wp-json\/wp\/v2\/users\/1"}],"replies":[{"embeddable":true,"href":"https:\/\/360amsterdamtours.com\/de\/wp-json\/wp\/v2\/comments?post=1926"}],"version-history":[{"count":22,"href":"https:\/\/360amsterdamtours.com\/de\/wp-json\/wp\/v2\/pages\/1926\/revisions"}],"predecessor-version":[{"id":31786,"href":"https:\/\/360amsterdamtours.com\/de\/wp-json\/wp\/v2\/pages\/1926\/revisions\/31786"}],"wp:attachment":[{"href":"https:\/\/360amsterdamtours.com\/de\/wp-json\/wp\/v2\/media?parent=1926"}],"wp:term":[{"taxonomy":"dipi_cpt_category","embeddable":true,"href":"https:\/\/360amsterdamtours.com\/de\/wp-json\/wp\/v2\/dipi_cpt_category?post=1926"}],"curies":[{"name":"wp","href":"https:\/\/api.w.org\/{rel}","templated":true}]}}