{"id":10743,"date":"2020-08-04T20:12:26","date_gmt":"2020-08-04T20:12:26","guid":{"rendered":"https:\/\/360amsterdamtours.com\/?page_id=10743"},"modified":"2021-03-21T15:23:01","modified_gmt":"2021-03-21T15:23:01","slug":"lizenzierte-guides-willkommensvideos","status":"publish","type":"page","link":"https:\/\/360amsterdamtours.com\/de\/lizenzierte-guides-willkommensvideos\/","title":{"rendered":"Treffen Sie unsere Guides"},"content":{"rendered":"<p>[et_pb_section fb_built=&#8220;1&#8243; disabled_on=&#8220;on|off|off&#8220; _builder_version=&#8220;3.24&#8243; background_image=&#8220;https:\/\/360amsterdamtours.com\/wp-content\/uploads\/2019\/06\/header-guides-desktop-1.jpg&#8220;][et_pb_row _builder_version=&#8220;3.25&#8243; custom_padding=&#8220;150px||150px||true|&#8220;][et_pb_column type=&#8220;4_4&#8243; _builder_version=&#8220;3.25&#8243; custom_padding=&#8220;|||&#8220; custom_padding__hover=&#8220;|||&#8220;][et_pb_text _builder_version=&#8220;4.5.1&#8243; text_font=&#8220;||||||||&#8220; text_text_color=&#8220;#FFFFFF&#8220; header_font=&#8220;||||||||&#8220; header_text_align=&#8220;center&#8220; header_text_color=&#8220;#FFFFFF&#8220; text_orientation=&#8220;center&#8220; text_text_align=&#8220;center&#8220;][\/et_pb_text][\/et_pb_column][\/et_pb_row][\/et_pb_section][et_pb_section fb_built=&#8220;1&#8243; disabled_on=&#8220;off|on|on&#8220; _builder_version=&#8220;3.24&#8243; background_image=&#8220;https:\/\/360amsterdamtours.com\/wp-content\/uploads\/2019\/06\/header-guides-mobile.jpg&#8220;][et_pb_row _builder_version=&#8220;3.25&#8243; custom_padding=&#8220;150px||150px||true|&#8220;][et_pb_column type=&#8220;4_4&#8243; _builder_version=&#8220;3.25&#8243; custom_padding=&#8220;|||&#8220; custom_padding__hover=&#8220;|||&#8220;][et_pb_text _builder_version=&#8220;4.5.1&#8243; text_font=&#8220;||||||||&#8220; text_text_color=&#8220;#FFFFFF&#8220; header_font=&#8220;||||||||&#8220; header_text_align=&#8220;center&#8220; header_text_color=&#8220;#FFFFFF&#8220; header_font_size=&#8220;54px&#8220; text_orientation=&#8220;center&#8220; text_text_align=&#8220;center&#8220;][\/et_pb_text][\/et_pb_column][\/et_pb_row][\/et_pb_section][et_pb_section fb_built=&#8220;1&#8243; _builder_version=&#8220;3.24&#8243; min_height=&#8220;89px&#8220; custom_margin=&#8220;||97px|||&#8220; custom_padding=&#8220;0px||0px&#8220;][et_pb_row _builder_version=&#8220;4.5.1&#8243; _module_preset=&#8220;default&#8220;][et_pb_column type=&#8220;4_4&#8243; _builder_version=&#8220;4.5.1&#8243; _module_preset=&#8220;default&#8220;][et_pb_blurb _builder_version=&#8220;4.5.1&#8243; _module_preset=&#8220;default&#8220; header_level=&#8220;h3&#8243; header_font=&#8220;|700||on|||||&#8220; header_text_align=&#8220;center&#8220; header_text_color=&#8220;#fb8844&#8243; text_orientation=&#8220;center&#8220; custom_margin=&#8220;||||false|false&#8220;]<\/p>\n<h3 style=\"text-align: center\"><span style=\"color: #fb8844\">Eine Botschaft von <\/span><\/h3>\n<h3 style=\"text-align: center\"><span style=\"color: #fb8844\">Unsere Guides!<\/span><\/h3>\n<p>[\/et_pb_blurb][\/et_pb_column][\/et_pb_row][et_pb_row column_structure=&#8220;1_2,1_2&#8243; use_custom_gutter=&#8220;on&#8220; gutter_width=&#8220;2&#8243; _builder_version=&#8220;3.25&#8243; custom_margin=&#8220;|||&#8220;][et_pb_column type=&#8220;1_2&#8243; _builder_version=&#8220;3.25&#8243; custom_padding=&#8220;|||&#8220; custom_padding__hover=&#8220;|||&#8220;][et_pb_blurb title=&#8220;Peter Hooghiemstra&#8220; image_max_width=&#8220;60%&#8220; _builder_version=&#8220;4.5.1&#8243; header_level=&#8220;h6&#8243; header_font=&#8220;||||||||&#8220; header_text_align=&#8220;center&#8220; background_color=&#8220;#ffffff&#8220; width=&#8220;100%&#8220; custom_padding=&#8220;25px|20px|15px|20px|false|true&#8220; border_radii_image=&#8220;on|100px|100px|100px|100px&#8220; box_shadow_style=&#8220;preset1&#8243; box_shadow_vertical=&#8220;0px&#8220; box_shadow_blur=&#8220;10px&#8220; box_shadow_color=&#8220;rgba(0,0,0,0.1)&#8220;][\/et_pb_blurb][et_pb_video src=&#8220;https:\/\/youtu.be\/JjeLFH7cwL0&#8243; thumbnail_overlay_color=&#8220;rgba(0,0,0,0.6)&#8220; _builder_version=&#8220;4.5.1&#8243; _module_preset=&#8220;default&#8220; box_shadow_style=&#8220;preset1&#8243;][\/et_pb_video][et_pb_divider _builder_version=&#8220;4.5.1&#8243; _module_preset=&#8220;default&#8220;][\/et_pb_divider][\/et_pb_column][et_pb_column type=&#8220;1_2&#8243; _builder_version=&#8220;3.25&#8243; custom_padding=&#8220;|||&#8220; custom_padding__hover=&#8220;|||&#8220;][et_pb_blurb title=&#8220;Vincent Werner&#8220; image_max_width=&#8220;60%&#8220; _builder_version=&#8220;4.5.1&#8243; header_level=&#8220;h6&#8243; header_font=&#8220;||||||||&#8220; header_text_align=&#8220;center&#8220; background_color=&#8220;#ffffff&#8220; width=&#8220;100%&#8220; custom_padding=&#8220;25px|20px|15px|20px|false|true&#8220; border_radii_image=&#8220;on|100px|100px|100px|100px&#8220; box_shadow_style=&#8220;preset1&#8243; box_shadow_vertical=&#8220;0px&#8220; box_shadow_blur=&#8220;10px&#8220; box_shadow_color=&#8220;rgba(0,0,0,0.1)&#8220;][\/et_pb_blurb][et_pb_video src=&#8220;https:\/\/youtu.be\/oBY18r92mDs&#8220; thumbnail_overlay_color=&#8220;rgba(0,0,0,0.6)&#8220; _builder_version=&#8220;4.5.1&#8243; _module_preset=&#8220;default&#8220; box_shadow_style=&#8220;preset1&#8243;][\/et_pb_video][et_pb_divider _builder_version=&#8220;4.5.1&#8243; _module_preset=&#8220;default&#8220;][\/et_pb_divider][\/et_pb_column][\/et_pb_row][\/et_pb_section][et_pb_section fb_built=&#8220;1&#8243; _builder_version=&#8220;3.24&#8243; custom_padding=&#8220;0px||30px||false&#8220; global_module=&#8220;7193&#8243;][et_pb_row _builder_version=&#8220;4.9.2&#8243; custom_padding=&#8220;0px||0px||true&#8220;][et_pb_column type=&#8220;4_4&#8243; _builder_version=&#8220;3.25&#8243; custom_padding=&#8220;|||&#8220; custom_padding__hover=&#8220;|||&#8220;][dica_divi_carousel item_width_auto=&#8220;on&#8220; item_width=&#8220;320px&#8220; transition_duration=&#8220;1000&#8243; autoplay=&#8220;on&#8220; hoverpause=&#8220;on&#8220; arrow_nav=&#8220;on&#8220; advanced_effect=&#8220;1&#8243; arrow_nav_color=&#8220;#FB8844&#8243; arrow_position=&#8220;on&#8220; _builder_version=&#8220;4.9.2&#8243;][dica_divi_carouselitem title=&#8220;Fahrradtour im Stadtteil Anne Frank&#8220; url=&#8220;https:\/\/360amsterdamtours.com\/de\/fahrradtour-im-stadtteil-anne-frank\/&#8220; button_url=&#8220;https:\/\/360amsterdamtours.com\/de\/fahrradtour-im-stadtteil-anne-frank\/&#8220; button_url_new_window=&#8220;1&#8243; image=&#8220;https:\/\/360amsterdamtours.com\/wp-content\/uploads\/2020\/07\/Bicycle-tour-homepage.png&#8220; image_padding=&#8220;0px|0|0|0&#8243; content_padding=&#8220;10px|9px|0px|9px||true&#8220; _builder_version=&#8220;4.9.2&#8243; link_option_url=&#8220;https:\/\/360amsterdamtours.com\/de\/fahrradtour-im-stadtteil-anne-frank\/&#8220; box_shadow_style=&#8220;preset1&#8243; box_shadow_color=&#8220;rgba(0,0,0,0.05)&#8220;][\/dica_divi_carouselitem][dica_divi_carouselitem title=&#8220;Sieben S\u00fcnden der Amsterdam&#8220; url=&#8220;https:\/\/360amsterdamtours.com\/de\/sieben-suenden-der-amsterdam-tour\/&#8220; button_url_new_window=&#8220;1&#8243; image=&#8220;https:\/\/360amsterdamtours.com\/wp-content\/uploads\/2020\/07\/Homepage-3.png&#8220; image_padding=&#8220;0px|0|0|0&#8243; content_padding=&#8220;10px|10px|0|10px||true&#8220; _builder_version=&#8220;4.5.1&#8243; box_shadow_style=&#8220;preset1&#8243; box_shadow_color=&#8220;rgba(0,0,0,0.05)&#8220;][\/dica_divi_carouselitem][dica_divi_carouselitem title=&#8220;Historische Stadtf\u00fchrung&#8220; url=&#8220;https:\/\/360amsterdamtours.com\/de\/historische-stadtfuehrung\/&#8220; button_url_new_window=&#8220;1&#8243; image=&#8220;https:\/\/360amsterdamtours.com\/wp-content\/uploads\/2019\/11\/City-Walk-Desktop.jpg&#8220; content_padding=&#8220;10px|10px|0|10px||true&#8220; _builder_version=&#8220;4.2.1&#8243; link_option_url=&#8220;https:\/\/360amsterdamtours.com\/de\/historische-stadtfuehrung\/&#8220; box_shadow_style=&#8220;preset1&#8243; box_shadow_color=&#8220;rgba(0,0,0,0.05)&#8220;][\/dica_divi_carouselitem][dica_divi_carouselitem title=&#8220;Anne Frank Rundgang &#8220; url=&#8220;https:\/\/360amsterdamtours.com\/de\/stadtrundgang-auf-den-spuren-von-anne-frank\/&#8220; button_url_new_window=&#8220;1&#8243; image=&#8220;https:\/\/360amsterdamtours.com\/wp-content\/uploads\/2019\/06\/Tumbnail-Anne-Frank-Walking-tour-1.jpg&#8220; content_padding=&#8220;10px|10px|0|10px||true&#8220; _builder_version=&#8220;4.5.1&#8243; box_shadow_style=&#8220;preset1&#8243; box_shadow_color=&#8220;rgba(0,0,0,0.05)&#8220;][\/dica_divi_carouselitem][dica_divi_carouselitem title=&#8220;Rijksmuseum Rundgang&#8220; url=&#8220;https:\/\/360amsterdamtours.com\/de\/rijksmuseum-fuehrung-plus-skip-the-line-museum-ticket\/&#8220; button_url_new_window=&#8220;1&#8243; image=&#8220;https:\/\/360amsterdamtours.com\/wp-content\/uploads\/2019\/10\/Rijksmuseum-Tour-Thumnail.jpg&#8220; _builder_version=&#8220;4.5.1&#8243;][\/dica_divi_carouselitem][dica_divi_carouselitem title=&#8220;Amsterdam Kanal Bootsfahrt&#8220; url=&#8220;https:\/\/360amsterdamtours.com\/de\/amsterdam-kanal-bootsfahrt\/&#8220; button_url_new_window=&#8220;1&#8243; image=&#8220;https:\/\/360amsterdamtours.com\/wp-content\/uploads\/2019\/12\/Boat-Cruise-homepage.jpg&#8220; _builder_version=&#8220;4.5.1&#8243;][\/dica_divi_carouselitem][\/dica_divi_carousel][et_pb_button button_url=&#8220;https:\/\/360amsterdamtours.com\/#tours&#8220; button_text=&#8220;alle touren ansehen&#8220; button_alignment=&#8220;center&#8220; _builder_version=&#8220;3.24&#8243; custom_button=&#8220;on&#8220; button_text_color=&#8220;#ffffff&#8220; button_letter_spacing=&#8220;0px&#8220; button_font=&#8220;|||on|||||&#8220; button_use_icon=&#8220;off&#8220; background_layout=&#8220;dark&#8220; custom_padding=&#8220;|35px||35px||true&#8220;][\/et_pb_button][\/et_pb_column][\/et_pb_row][\/et_pb_section]<\/p>\n","protected":false},"excerpt":{"rendered":"<p>Eine Botschaft von Unsere Guides!<div class=\"et_pb_module dica_divi_carousel dica_divi_carousel_0\">\n\t\t\t\t\n\t\t\t\t\n\t\t\t\t\n\t\t\t\t\n\t\t\t\t\n\t\t\t\t\n\t\t\t\t<div class=\"et_pb_module_inner\">\n\t\t\t\t\t<div class=\"dica-container  desktop_middle-inside tablet_middle-inside mobile_middle-inside\" data-props='{\"desktop\":\"4\",\"tablet\":\"3\",\"mobile\":\"1\",\"speed\":\"1000\",\"arrow\":\"on\",\"dots\":\"off\",\"autoplay\":\"on\",\"autoSpeed\":\"1000\",\"loop\":\"off\",\"item_spacing\":\"30\",\"center_mode\":\"off\",\"slider_effec\":\"1\",\"cover_rotate\":\"50\",\"pause_onhover\":\"on\",\"multislide\":\"off\",\"cfshadow\":\"on\",\"order\":\"0\",\"lazyload\":\"off\",\"lazybefore\":\"off\",\"scroller_effect\":\"off\",\"autowidth\":\"on\",\"item_spacing_tablet\":\"30\",\"item_spacing_phone\":\"30\",\"scroller_speed\":\"4000\",\"hashNavigation\":\"off\",\"simulatetouch\":\"off\",\"allowtouchmove\":\"off\",\"slide_row\":\"1\",\"slide_row_tablet\":\"1\",\"slide_row_phone\":\"1\",\"keyboard\":\"off\",\"mousewheel\":\"off\",\"autoplay_viewport\":\"80%\"}'>\n\t\t\t\t\t\t\t \t<div class=\"swiper-container\" >\n\t\t\t\t\t\t\t\t\t<div class=\"swiper-wrapper\"><\/div>\t\n\t\t\t\t\t\t\t\t<\/div>\t\n\t\t\t\t\t\t\t\t<div class=\"swiper-buttton-container\"><div class=\"swiper-button-prev dica-prev-btn-0\" data-icon=\"4\"><\/div><div class=\"swiper-button-next dica-next-btn-0\" data-icon=\"5\"><\/div><\/div>\n\t\t\t\t\t\t\t\t\t\t\t\t\t\t\n\t\t\t\t\t\t\t<\/div>\n\t\t\t\t<\/div>\n\t\t\t<\/div><div class=\"et_pb_module dica_divi_carouselitem dica_divi_carouselitem_0 et_clickable\">\n\t\t\t\t\n\t\t\t\t\n\t\t\t\t\n\t\t\t\t\n\t\t\t\t\n\t\t\t\t\n\t\t\t\t<div class=\"et_pb_module_inner\">\n\t\t\t\t\t <div class=\"dica-item image_top\" data-link=\"https:\/\/360amsterdamtours.com\/de\/fahrradtour-im-stadtteil-anne-frank\/\"  data-hash=\"dica_divi_carouselitem_0\">\n\t\t\t\t\t\t\t\t\t<div class=\"dica-image-container\"><a class=\"image\" href=\"https:\/\/360amsterdamtours.com\/de\/fahrradtour-im-stadtteil-anne-frank\/\"><img decoding=\"async\" src=\"https:\/\/360amsterdamtours.com\/wp-content\/uploads\/2020\/07\/Bicycle-tour-homepage.png\" srcset=\"https:\/\/360amsterdamtours.com\/wp-content\/uploads\/2020\/07\/Bicycle-tour-homepage.png 647w, https:\/\/360amsterdamtours.com\/wp-content\/uploads\/2020\/07\/Bicycle-tour-homepage-480x240.png 480w\" alt=\"\" class=\"dica-item-image\" width=\"647\" height=\"323\"\/><\/a><\/div>\n\t\t\t\t\t\t\t\t\t<div class=\"dica-item-content\"><h4 class=\"item-title\"><a href=\"https:\/\/360amsterdamtours.com\/de\/fahrradtour-im-stadtteil-anne-frank\/\">Fahrradtour im Stadtteil Anne Frank<\/a><\/h4>        <\/div>\n\t\t\t\t\t\t\t<\/div>\n\t\t\t\t<\/div>\n\t\t\t<\/div><div class=\"et_pb_module dica_divi_carouselitem dica_divi_carouselitem_1\">\n\t\t\t\t\n\t\t\t\t\n\t\t\t\t\n\t\t\t\t\n\t\t\t\t\n\t\t\t\t\n\t\t\t\t<div class=\"et_pb_module_inner\">\n\t\t\t\t\t <div class=\"dica-item image_top\"   data-hash=\"dica_divi_carouselitem_1\">\n\t\t\t\t\t\t\t\t\t<div class=\"dica-image-container\"><a class=\"image\" href=\"https:\/\/360amsterdamtours.com\/de\/sieben-suenden-der-amsterdam-tour\/\"><img decoding=\"async\" src=\"https:\/\/360amsterdamtours.com\/wp-content\/uploads\/2020\/07\/Homepage-3.png\" srcset=\"https:\/\/360amsterdamtours.com\/wp-content\/uploads\/2020\/07\/Homepage-3.png 647w, https:\/\/360amsterdamtours.com\/wp-content\/uploads\/2020\/07\/Homepage-3-480x240.png 480w\" alt=\"\" class=\"dica-item-image\" width=\"647\" height=\"323\"\/><\/a><\/div>\n\t\t\t\t\t\t\t\t\t<div class=\"dica-item-content\"><h4 class=\"item-title\"><a href=\"https:\/\/360amsterdamtours.com\/de\/sieben-suenden-der-amsterdam-tour\/\">Sieben S\u00fcnden der Amsterdam<\/a><\/h4>        <\/div>\n\t\t\t\t\t\t\t<\/div>\n\t\t\t\t<\/div>\n\t\t\t<\/div><div class=\"et_pb_module dica_divi_carouselitem dica_divi_carouselitem_2 et_clickable\">\n\t\t\t\t\n\t\t\t\t\n\t\t\t\t\n\t\t\t\t\n\t\t\t\t\n\t\t\t\t\n\t\t\t\t<div class=\"et_pb_module_inner\">\n\t\t\t\t\t <div class=\"dica-item image_top\" data-link=\"https:\/\/360amsterdamtours.com\/de\/historische-stadtfuehrung\/\"  data-hash=\"dica_divi_carouselitem_2\">\n\t\t\t\t\t\t\t\t\t<div class=\"dica-image-container\"><a class=\"image\" href=\"https:\/\/360amsterdamtours.com\/de\/historische-stadtfuehrung\/\"><img decoding=\"async\" src=\"https:\/\/360amsterdamtours.com\/wp-content\/uploads\/2019\/11\/City-Walk-Desktop.jpg\" srcset=\"https:\/\/360amsterdamtours.com\/wp-content\/uploads\/2019\/11\/City-Walk-Desktop.jpg 647w, https:\/\/360amsterdamtours.com\/wp-content\/uploads\/2019\/11\/City-Walk-Desktop-480x240.jpg 480w\" alt=\"\" class=\"dica-item-image\" width=\"647\" height=\"323\"\/><\/a><\/div>\n\t\t\t\t\t\t\t\t\t<div class=\"dica-item-content\"><h4 class=\"item-title\"><a href=\"https:\/\/360amsterdamtours.com\/de\/historische-stadtfuehrung\/\">Historische Stadtf\u00fchrung<\/a><\/h4>        <\/div>\n\t\t\t\t\t\t\t<\/div>\n\t\t\t\t<\/div>\n\t\t\t<\/div><div class=\"et_pb_module dica_divi_carouselitem dica_divi_carouselitem_3\">\n\t\t\t\t\n\t\t\t\t\n\t\t\t\t\n\t\t\t\t\n\t\t\t\t\n\t\t\t\t\n\t\t\t\t<div class=\"et_pb_module_inner\">\n\t\t\t\t\t <div class=\"dica-item image_top\"   data-hash=\"dica_divi_carouselitem_3\">\n\t\t\t\t\t\t\t\t\t\n\t\t\t\t\t\t\t\t\t<div class=\"dica-item-content\"><h4 class=\"item-title\">&#8220;Anne<\/h4>        <\/div>\n\t\t\t\t\t\t\t<\/div>\n\t\t\t\t<\/div>\n\t\t\t<\/div><\/p>\n","protected":false},"author":1,"featured_media":1232,"parent":0,"menu_order":0,"comment_status":"closed","ping_status":"closed","template":"","meta":{"_et_pb_use_builder":"on","_et_pb_old_content":"","_et_gb_content_width":"","footnotes":""},"dipi_cpt_category":[],"class_list":["post-10743","page","type-page","status-publish","has-post-thumbnail","hentry"],"yoast_head":"<!-- This site is optimized with the Yoast SEO plugin v27.4 - https:\/\/yoast.com\/product\/yoast-seo-wordpress\/ -->\n<title>Treffen Sie unsere Guides - 360 Amsterdam Tours<\/title>\n<meta name=\"description\" content=\"Als Reiseleiter haben Sie die M\u00f6glichkeit, sich wie ein Reisender in Ihrer eigenen Stadt zu f\u00fchlen. Sie k\u00f6nnen wieder entdecken und neues \u00fcber diese charismatische Stadt lernen.\" \/>\n<meta name=\"robots\" content=\"index, follow, max-snippet:-1, max-image-preview:large, max-video-preview:-1\" \/>\n<link rel=\"canonical\" href=\"https:\/\/360amsterdamtours.com\/de\/lizenzierte-guides-willkommensvideos\/\" \/>\n<meta property=\"og:locale\" content=\"de_DE\" \/>\n<meta property=\"og:type\" content=\"article\" \/>\n<meta property=\"og:title\" content=\"Treffen Sie unsere Guides - 360 Amsterdam Tours\" \/>\n<meta property=\"og:description\" content=\"Als Reiseleiter haben Sie die M\u00f6glichkeit, sich wie ein Reisender in Ihrer eigenen Stadt zu f\u00fchlen. Sie k\u00f6nnen wieder entdecken und neues \u00fcber diese charismatische Stadt lernen.\" \/>\n<meta property=\"og:url\" content=\"https:\/\/360amsterdamtours.com\/de\/lizenzierte-guides-willkommensvideos\/\" \/>\n<meta property=\"og:site_name\" content=\"360 Amsterdam Tours\" \/>\n<meta property=\"article:publisher\" content=\"https:\/\/www.facebook.com\/360amsterdam\/\" \/>\n<meta property=\"article:modified_time\" content=\"2021-03-21T15:23:01+00:00\" \/>\n<meta property=\"og:image\" content=\"https:\/\/360amsterdamtours.com\/wp-content\/uploads\/2019\/06\/header-guides-mobile.jpg\" \/>\n\t<meta property=\"og:image:width\" content=\"768\" \/>\n\t<meta property=\"og:image:height\" content=\"576\" \/>\n\t<meta property=\"og:image:type\" content=\"image\/jpeg\" \/>\n<meta name=\"twitter:card\" content=\"summary_large_image\" \/>\n<meta name=\"twitter:label1\" content=\"Gesch\u00e4tzte Lesezeit\" \/>\n\t<meta name=\"twitter:data1\" content=\"4\u00a0Minuten\" \/>\n<script type=\"application\/ld+json\" class=\"yoast-schema-graph\">{\"@context\":\"https:\\\/\\\/schema.org\",\"@graph\":[{\"@type\":\"WebPage\",\"@id\":\"https:\\\/\\\/360amsterdamtours.com\\\/de\\\/lizenzierte-guides-willkommensvideos\\\/\",\"url\":\"https:\\\/\\\/360amsterdamtours.com\\\/de\\\/lizenzierte-guides-willkommensvideos\\\/\",\"name\":\"Treffen Sie unsere Guides - 360 Amsterdam Tours\",\"isPartOf\":{\"@id\":\"https:\\\/\\\/360amsterdamtours.com\\\/de\\\/#website\"},\"primaryImageOfPage\":{\"@id\":\"https:\\\/\\\/360amsterdamtours.com\\\/de\\\/lizenzierte-guides-willkommensvideos\\\/#primaryimage\"},\"image\":{\"@id\":\"https:\\\/\\\/360amsterdamtours.com\\\/de\\\/lizenzierte-guides-willkommensvideos\\\/#primaryimage\"},\"thumbnailUrl\":\"https:\\\/\\\/360amsterdamtours.com\\\/wp-content\\\/uploads\\\/2019\\\/06\\\/header-guides-mobile.jpg\",\"datePublished\":\"2020-08-04T20:12:26+00:00\",\"dateModified\":\"2021-03-21T15:23:01+00:00\",\"description\":\"Als Reiseleiter haben Sie die M\u00f6glichkeit, sich wie ein Reisender in Ihrer eigenen Stadt zu f\u00fchlen. Sie k\u00f6nnen wieder entdecken und neues \u00fcber diese charismatische Stadt lernen.\",\"breadcrumb\":{\"@id\":\"https:\\\/\\\/360amsterdamtours.com\\\/de\\\/lizenzierte-guides-willkommensvideos\\\/#breadcrumb\"},\"inLanguage\":\"de\",\"potentialAction\":[{\"@type\":\"ReadAction\",\"target\":[\"https:\\\/\\\/360amsterdamtours.com\\\/de\\\/lizenzierte-guides-willkommensvideos\\\/\"]}]},{\"@type\":\"ImageObject\",\"inLanguage\":\"de\",\"@id\":\"https:\\\/\\\/360amsterdamtours.com\\\/de\\\/lizenzierte-guides-willkommensvideos\\\/#primaryimage\",\"url\":\"https:\\\/\\\/360amsterdamtours.com\\\/wp-content\\\/uploads\\\/2019\\\/06\\\/header-guides-mobile.jpg\",\"contentUrl\":\"https:\\\/\\\/360amsterdamtours.com\\\/wp-content\\\/uploads\\\/2019\\\/06\\\/header-guides-mobile.jpg\",\"width\":768,\"height\":576},{\"@type\":\"BreadcrumbList\",\"@id\":\"https:\\\/\\\/360amsterdamtours.com\\\/de\\\/lizenzierte-guides-willkommensvideos\\\/#breadcrumb\",\"itemListElement\":[{\"@type\":\"ListItem\",\"position\":1,\"name\":\"Home\",\"item\":\"https:\\\/\\\/360amsterdamtours.com\\\/de\\\/\"},{\"@type\":\"ListItem\",\"position\":2,\"name\":\"Treffen Sie unsere Guides\"}]},{\"@type\":\"WebSite\",\"@id\":\"https:\\\/\\\/360amsterdamtours.com\\\/de\\\/#website\",\"url\":\"https:\\\/\\\/360amsterdamtours.com\\\/de\\\/\",\"name\":\"360 Amsterdam Tours\",\"description\":\"Anne Frank Tours|Historical City Walks|Food Tours|Rijksmuseum Tours\",\"publisher\":{\"@id\":\"https:\\\/\\\/360amsterdamtours.com\\\/de\\\/#organization\"},\"potentialAction\":[{\"@type\":\"SearchAction\",\"target\":{\"@type\":\"EntryPoint\",\"urlTemplate\":\"https:\\\/\\\/360amsterdamtours.com\\\/de\\\/?s={search_term_string}\"},\"query-input\":{\"@type\":\"PropertyValueSpecification\",\"valueRequired\":true,\"valueName\":\"search_term_string\"}}],\"inLanguage\":\"de\"},{\"@type\":\"Organization\",\"@id\":\"https:\\\/\\\/360amsterdamtours.com\\\/de\\\/#organization\",\"name\":\"360 Amsterdam Tours\",\"url\":\"https:\\\/\\\/360amsterdamtours.com\\\/de\\\/\",\"logo\":{\"@type\":\"ImageObject\",\"inLanguage\":\"de\",\"@id\":\"https:\\\/\\\/360amsterdamtours.com\\\/de\\\/#\\\/schema\\\/logo\\\/image\\\/\",\"url\":\"https:\\\/\\\/360amsterdamtours.com\\\/wp-content\\\/uploads\\\/2019\\\/06\\\/Logo-badge-1.png\",\"contentUrl\":\"https:\\\/\\\/360amsterdamtours.com\\\/wp-content\\\/uploads\\\/2019\\\/06\\\/Logo-badge-1.png\",\"width\":250,\"height\":250,\"caption\":\"360 Amsterdam Tours\"},\"image\":{\"@id\":\"https:\\\/\\\/360amsterdamtours.com\\\/de\\\/#\\\/schema\\\/logo\\\/image\\\/\"},\"sameAs\":[\"https:\\\/\\\/www.facebook.com\\\/360amsterdam\\\/\",\"https:\\\/\\\/www.instagram.com\\\/360amsterdam\\\/\",\"https:\\\/\\\/www.youtube.com\\\/channel\\\/UC9Tbu7nV9dABbc1W-vwPmhg\"]}]}<\/script>\n<!-- \/ Yoast SEO plugin. -->","yoast_head_json":{"title":"Treffen Sie unsere Guides - 360 Amsterdam Tours","description":"Als Reiseleiter haben Sie die M\u00f6glichkeit, sich wie ein Reisender in Ihrer eigenen Stadt zu f\u00fchlen. Sie k\u00f6nnen wieder entdecken und neues \u00fcber diese charismatische Stadt lernen.","robots":{"index":"index","follow":"follow","max-snippet":"max-snippet:-1","max-image-preview":"max-image-preview:large","max-video-preview":"max-video-preview:-1"},"canonical":"https:\/\/360amsterdamtours.com\/de\/lizenzierte-guides-willkommensvideos\/","og_locale":"de_DE","og_type":"article","og_title":"Treffen Sie unsere Guides - 360 Amsterdam Tours","og_description":"Als Reiseleiter haben Sie die M\u00f6glichkeit, sich wie ein Reisender in Ihrer eigenen Stadt zu f\u00fchlen. Sie k\u00f6nnen wieder entdecken und neues \u00fcber diese charismatische Stadt lernen.","og_url":"https:\/\/360amsterdamtours.com\/de\/lizenzierte-guides-willkommensvideos\/","og_site_name":"360 Amsterdam Tours","article_publisher":"https:\/\/www.facebook.com\/360amsterdam\/","article_modified_time":"2021-03-21T15:23:01+00:00","og_image":[{"width":768,"height":576,"url":"https:\/\/360amsterdamtours.com\/wp-content\/uploads\/2019\/06\/header-guides-mobile.jpg","type":"image\/jpeg"}],"twitter_card":"summary_large_image","twitter_misc":{"Gesch\u00e4tzte Lesezeit":"4\u00a0Minuten"},"schema":{"@context":"https:\/\/schema.org","@graph":[{"@type":"WebPage","@id":"https:\/\/360amsterdamtours.com\/de\/lizenzierte-guides-willkommensvideos\/","url":"https:\/\/360amsterdamtours.com\/de\/lizenzierte-guides-willkommensvideos\/","name":"Treffen Sie unsere Guides - 360 Amsterdam Tours","isPartOf":{"@id":"https:\/\/360amsterdamtours.com\/de\/#website"},"primaryImageOfPage":{"@id":"https:\/\/360amsterdamtours.com\/de\/lizenzierte-guides-willkommensvideos\/#primaryimage"},"image":{"@id":"https:\/\/360amsterdamtours.com\/de\/lizenzierte-guides-willkommensvideos\/#primaryimage"},"thumbnailUrl":"https:\/\/360amsterdamtours.com\/wp-content\/uploads\/2019\/06\/header-guides-mobile.jpg","datePublished":"2020-08-04T20:12:26+00:00","dateModified":"2021-03-21T15:23:01+00:00","description":"Als Reiseleiter haben Sie die M\u00f6glichkeit, sich wie ein Reisender in Ihrer eigenen Stadt zu f\u00fchlen. Sie k\u00f6nnen wieder entdecken und neues \u00fcber diese charismatische Stadt lernen.","breadcrumb":{"@id":"https:\/\/360amsterdamtours.com\/de\/lizenzierte-guides-willkommensvideos\/#breadcrumb"},"inLanguage":"de","potentialAction":[{"@type":"ReadAction","target":["https:\/\/360amsterdamtours.com\/de\/lizenzierte-guides-willkommensvideos\/"]}]},{"@type":"ImageObject","inLanguage":"de","@id":"https:\/\/360amsterdamtours.com\/de\/lizenzierte-guides-willkommensvideos\/#primaryimage","url":"https:\/\/360amsterdamtours.com\/wp-content\/uploads\/2019\/06\/header-guides-mobile.jpg","contentUrl":"https:\/\/360amsterdamtours.com\/wp-content\/uploads\/2019\/06\/header-guides-mobile.jpg","width":768,"height":576},{"@type":"BreadcrumbList","@id":"https:\/\/360amsterdamtours.com\/de\/lizenzierte-guides-willkommensvideos\/#breadcrumb","itemListElement":[{"@type":"ListItem","position":1,"name":"Home","item":"https:\/\/360amsterdamtours.com\/de\/"},{"@type":"ListItem","position":2,"name":"Treffen Sie unsere Guides"}]},{"@type":"WebSite","@id":"https:\/\/360amsterdamtours.com\/de\/#website","url":"https:\/\/360amsterdamtours.com\/de\/","name":"360 Amsterdam Tours","description":"Anne Frank Tours|Historical City Walks|Food Tours|Rijksmuseum Tours","publisher":{"@id":"https:\/\/360amsterdamtours.com\/de\/#organization"},"potentialAction":[{"@type":"SearchAction","target":{"@type":"EntryPoint","urlTemplate":"https:\/\/360amsterdamtours.com\/de\/?s={search_term_string}"},"query-input":{"@type":"PropertyValueSpecification","valueRequired":true,"valueName":"search_term_string"}}],"inLanguage":"de"},{"@type":"Organization","@id":"https:\/\/360amsterdamtours.com\/de\/#organization","name":"360 Amsterdam Tours","url":"https:\/\/360amsterdamtours.com\/de\/","logo":{"@type":"ImageObject","inLanguage":"de","@id":"https:\/\/360amsterdamtours.com\/de\/#\/schema\/logo\/image\/","url":"https:\/\/360amsterdamtours.com\/wp-content\/uploads\/2019\/06\/Logo-badge-1.png","contentUrl":"https:\/\/360amsterdamtours.com\/wp-content\/uploads\/2019\/06\/Logo-badge-1.png","width":250,"height":250,"caption":"360 Amsterdam Tours"},"image":{"@id":"https:\/\/360amsterdamtours.com\/de\/#\/schema\/logo\/image\/"},"sameAs":["https:\/\/www.facebook.com\/360amsterdam\/","https:\/\/www.instagram.com\/360amsterdam\/","https:\/\/www.youtube.com\/channel\/UC9Tbu7nV9dABbc1W-vwPmhg"]}]}},"_links":{"self":[{"href":"https:\/\/360amsterdamtours.com\/de\/wp-json\/wp\/v2\/pages\/10743","targetHints":{"allow":["GET"]}}],"collection":[{"href":"https:\/\/360amsterdamtours.com\/de\/wp-json\/wp\/v2\/pages"}],"about":[{"href":"https:\/\/360amsterdamtours.com\/de\/wp-json\/wp\/v2\/types\/page"}],"author":[{"embeddable":true,"href":"https:\/\/360amsterdamtours.com\/de\/wp-json\/wp\/v2\/users\/1"}],"replies":[{"embeddable":true,"href":"https:\/\/360amsterdamtours.com\/de\/wp-json\/wp\/v2\/comments?post=10743"}],"version-history":[{"count":10,"href":"https:\/\/360amsterdamtours.com\/de\/wp-json\/wp\/v2\/pages\/10743\/revisions"}],"predecessor-version":[{"id":12671,"href":"https:\/\/360amsterdamtours.com\/de\/wp-json\/wp\/v2\/pages\/10743\/revisions\/12671"}],"wp:featuredmedia":[{"embeddable":true,"href":"https:\/\/360amsterdamtours.com\/de\/wp-json\/wp\/v2\/media\/1232"}],"wp:attachment":[{"href":"https:\/\/360amsterdamtours.com\/de\/wp-json\/wp\/v2\/media?parent=10743"}],"wp:term":[{"taxonomy":"dipi_cpt_category","embeddable":true,"href":"https:\/\/360amsterdamtours.com\/de\/wp-json\/wp\/v2\/dipi_cpt_category?post=10743"}],"curies":[{"name":"wp","href":"https:\/\/api.w.org\/{rel}","templated":true}]}}